{"id":2484,"date":"2025-04-07T19:13:44","date_gmt":"2025-04-07T19:13:44","guid":{"rendered":"https:\/\/vissveselibai.lv\/?post_type=product&#038;p=2484"},"modified":"2025-12-03T13:38:41","modified_gmt":"2025-12-03T13:38:41","slug":"eleutherococ-sibirijas-zensena-ekstrakts","status":"publish","type":"product","link":"https:\/\/vissveselibai.lv\/en\/product\/eleutherococ-sibirijas-zensena-ekstrakts\/","title":{"rendered":"ELEUTHEROCOC SIB\u012aRIJAS \u017dE\u0145\u0160E\u0145A EKSTRAKTS \/ELEUTHEROCOC SIBERIAN GINSENG EXTRACT tabletes"},"content":{"rendered":"<p>Uztura bag\u0101tin\u0101t\u0101js<\/p>\n<p>60 tabletes<\/p>\n<p><strong>Neto masa:<\/strong> 15 g<\/p>\n<p><strong>Sast\u0101vda\u013cas:\u00a0<\/strong>apjoma palielin\u0101t\u0101js: mikrokrist\u0101lisk\u0101 celuloze; Sib\u012brijas \u017ee\u0146\u0161e\u0146a (<em>Eleutherococcus senticosus<\/em>) sak\u0146u ekstrakts 10:1, apjoma palielin\u0101t\u0101js: kalcija karbon\u0101ts; pretsalipes vielas: tauksk\u0101bju magnija s\u0101\u013ci, sil\u012bcija dioks\u012bds.<\/p>\n<table border=\"1\">\n<tbody>\n<tr>\n<td><strong>Satur<\/strong><\/td>\n<td><strong>1 tablete<\/strong><\/td>\n<\/tr>\n<tr>\n<td>Sib\u012brijas \u017ee\u0146\u0161e\u0146a (<em>Eleutherococcus senticosus<\/em>) sak\u0146u ekstrakts 10:1<\/td>\n<td>49 mg (atbilst 490 mg auga sak\u0146u drogas)<\/td>\n<\/tr>\n<\/tbody>\n<\/table>\n<p><strong>Lieto\u0161ana<\/strong>: pieaugu\u0161ajiem 1 tablete dien\u0101. Lieto\u0161anas ilgums 30 dienas. Nav ieteicams komponentu individu\u0101l\u0101s nepanesam\u012bbas gad\u012bjum\u0101, sieviet\u0113m gr\u016btniec\u012bbas un b\u0113rna z\u012bd\u012b\u0161anas laik\u0101. Glab\u0101t b\u0113rniem nepieejam\u0101 viet\u0101! Nep\u0101rsniegt ieteicamo diennakts devu! Uzglab\u0101t ori\u0123in\u0101liepakojum\u0101, saus\u0101 viet\u0101, istabas temperat\u016br\u0101! Neizmantot uztura bag\u0101tin\u0101t\u0101ju pilnv\u0113rt\u012bga un sabalans\u0113ta uztura aizvieto\u0161anai!<\/p>\n<p><strong>Ra\u017eot\u0101js:<\/strong> SIA \u201cPharma Market Solutions\u201d, Kargo k-1, M\u0101rupe, M\u0101rupes novads, Latvija, LV-2167.<\/p>\n<p><a href=\"https:\/\/pakalpojumi.pvd.gov.lv\/lv\/supplements\/15110\"><b>Vair\u0101k par produktu <\/b>\u2192<\/a><\/p>\n<p>P\u0113rciet t\u016bl\u012bt tie\u0161saist\u0113 vietn\u0113 <a href=\"http:\/\/www.vissveselibai.lv\">www.vissveselibai.lv<\/a><\/p>\n","protected":false},"excerpt":{"rendered":"<p><strong>Uztura bag\u0101tin\u0101t\u0101js<\/strong><\/p>\n<p>Sib\u012brijas \u017ee\u0146\u0161e\u0146s pal\u012bdz uzlabot \u0137erme\u0146a sp\u0113ju piel\u0101goties stresam. Atbalsta fizisko un gar\u012bgo iztur\u012bbu. Veicina ener\u0123ijas l\u012bmeni un visp\u0101r\u0113jo labsaj\u016btu.<\/p>\n<p>P\u0113rciet t\u016bl\u012bt tie\u0161saist\u0113 vietn\u0113 <a href=\"http:\/\/www.vissveselibai.lv\">www.vissveselibai.lv<\/a><\/p>\n","protected":false},"featured_media":2466,"comment_status":"open","ping_status":"closed","template":"","meta":[],"product_brand":[],"product_cat":[134],"product_tag":[117,144],"class_list":{"0":"post-2484","1":"product","2":"type-product","3":"status-publish","4":"has-post-thumbnail","6":"product_cat-energy-support","7":"product_tag-bestseller","8":"product_tag-new","10":"first","11":"instock","12":"taxable","13":"shipping-taxable","14":"purchasable","15":"product-type-simple"},"_links":{"self":[{"href":"https:\/\/vissveselibai.lv\/en\/wp-json\/wp\/v2\/product\/2484","targetHints":{"allow":["GET"]}}],"collection":[{"href":"https:\/\/vissveselibai.lv\/en\/wp-json\/wp\/v2\/product"}],"about":[{"href":"https:\/\/vissveselibai.lv\/en\/wp-json\/wp\/v2\/types\/product"}],"replies":[{"embeddable":true,"href":"https:\/\/vissveselibai.lv\/en\/wp-json\/wp\/v2\/comments?post=2484"}],"wp:featuredmedia":[{"embeddable":true,"href":"https:\/\/vissveselibai.lv\/en\/wp-json\/wp\/v2\/media\/2466"}],"wp:attachment":[{"href":"https:\/\/vissveselibai.lv\/en\/wp-json\/wp\/v2\/media?parent=2484"}],"wp:term":[{"taxonomy":"product_brand","embeddable":true,"href":"https:\/\/vissveselibai.lv\/en\/wp-json\/wp\/v2\/product_brand?post=2484"},{"taxonomy":"product_cat","embeddable":true,"href":"https:\/\/vissveselibai.lv\/en\/wp-json\/wp\/v2\/product_cat?post=2484"},{"taxonomy":"product_tag","embeddable":true,"href":"https:\/\/vissveselibai.lv\/en\/wp-json\/wp\/v2\/product_tag?post=2484"}],"curies":[{"name":"wp","href":"https:\/\/api.w.org\/{rel}","templated":true}]}}