{"id":2802,"date":"2025-04-25T13:19:58","date_gmt":"2025-04-25T13:19:58","guid":{"rendered":"https:\/\/vissveselibai.lv\/?post_type=product&#038;p=2802"},"modified":"2026-02-20T11:52:16","modified_gmt":"2026-02-20T11:52:16","slug":"glicins-900mg","status":"publish","type":"product","link":"https:\/\/vissveselibai.lv\/en\/product\/glicins-900mg\/","title":{"rendered":"GLIC\u012aNS 900MG\/GLYCINE 900MG tabletes"},"content":{"rendered":"<p><span style=\"font-weight: 400;\">Uztura bag\u0101tin\u0101t\u0101js ar saldin\u0101t\u0101ju<\/span><\/p>\n<p><span style=\"font-weight: 400;\">60 tabletes\u00a0\u00a0\u00a0\u00a0\u00a0\u00a0\u00a0\u00a0\u00a0\u00a0\u00a0\u00a0\u00a0\u00a0\u00a0\u00a0\u00a0<\/span><\/p>\n<p><span style=\"font-weight: 400;\"><strong>Neto masa:<\/strong> 48 g<\/span><\/p>\n<p><b>Sast\u0101vda\u013cas: <\/b><span style=\"font-weight: 400;\">saldin\u0101t\u0101js: sorb\u012bts; glic\u012bns, pretsalipes vielas: tauksk\u0101bju magnija s\u0101\u013ci, sil\u012bcija dioks\u012bds; glaz\u0113t\u0101jviela: polivinilspirts; piridoks\u012bna hidrohlor\u012bds, tiam\u012bna hidrohlor\u012bds, ci\u0101nkobalam\u012bns.<\/span><\/p>\n<table>\n<tbody>\n<tr>\n<td><b>Satur<\/b><\/td>\n<td><b>1 tablete (% no NRV*)<\/b><\/td>\n<td><b>3 tabletes (% no NRV*)<\/b><\/td>\n<\/tr>\n<tr>\n<td><span style=\"font-weight: 400;\">Glic\u012bns<\/span><\/td>\n<td><span style=\"font-weight: 400;\">300 mg<\/span><\/td>\n<td><span style=\"font-weight: 400;\">900 mg<\/span><\/td>\n<\/tr>\n<tr>\n<td><span style=\"font-weight: 400;\">Vitam\u012bns B6<\/span><\/td>\n<td><span style=\"font-weight: 400;\">3 mg (214%)<\/span><\/td>\n<td><span style=\"font-weight: 400;\">9 mg (642%)<\/span><\/td>\n<\/tr>\n<tr>\n<td><span style=\"font-weight: 400;\">Vitam\u012bns B1<\/span><\/td>\n<td><span style=\"font-weight: 400;\">2,5 mg (227%)<\/span><\/td>\n<td><span style=\"font-weight: 400;\">7,5 mg (681%)<\/span><\/td>\n<\/tr>\n<tr>\n<td><span style=\"font-weight: 400;\">Vitam\u012bns B12<\/span><\/td>\n<td><span style=\"font-weight: 400;\">4,5 \u03bcg (180%)<\/span><\/td>\n<td><span style=\"font-weight: 400;\">13,5 \u03bcg (540%)<\/span><\/td>\n<\/tr>\n<\/tbody>\n<\/table>\n<p><span style=\"font-weight: 400;\">*NRV- uzturvielu atsauces v\u0113rt\u012bba<\/span><\/p>\n<p><b>Lieto\u0161ana:<\/b><span style=\"font-weight: 400;\"> pieaugu\u0161ajiem 1-3 tabletes dien\u0101. <\/span><span style=\"font-weight: 400;\">Lieto\u0161anas ilgums 30 dienas. <\/span><span style=\"font-weight: 400;\">Nav ieteicams komponentu individu\u0101l\u0101s nepanesam\u012bbas gad\u012bjum\u0101, sieviet\u0113m gr\u016btniec\u012bbas <\/span><span style=\"font-weight: 400;\">un b\u0113rna z\u012bd\u012b\u0161anas laik\u0101. <\/span><span style=\"font-weight: 400;\">Glab\u0101t b\u0113rniem nepieejam\u0101 viet\u0101! <\/span><span style=\"font-weight: 400;\">Nep\u0101rsniegt ieteicamo diennakts devu! <\/span><span style=\"font-weight: 400;\">Uzglab\u0101t ori\u0123in\u0101liepakojum\u0101, saus\u0101 viet\u0101, istabas temperat\u016br\u0101! <\/span><span style=\"font-weight: 400;\">Neizmantot uztura bag\u0101tin\u0101t\u0101ju pilnv\u0113rt\u012bga un sabalans\u0113ta uztura aizvieto\u0161anai!<\/span><\/p>\n<p><b>Ra\u017eot\u0101js:<\/b><span style=\"font-weight: 400;\"> SIA &#8220;Pharma Market Solutions&#8221;, Kargo k-1, M\u0101rupes novads, M\u0101rup\u0113, Latvija, LV-2167.<\/span><\/p>\n<p><a href=\"https:\/\/pakalpojumi.pvd.gov.lv\/lv\/supplements\/15101\"><b>Vair\u0101k par produktu <\/b><strong>\u2192<\/strong><\/a><\/p>\n<p>P\u0113rciet t\u016bl\u012bt tie\u0161saist\u0113 vietn\u0113 <a href=\"https:\/\/vissveselibai.lv\">www.vissveselibai.lv<\/a><\/p>\n<p>&nbsp;<\/p>\n","protected":false},"excerpt":{"rendered":"<p><strong>Uztura bag\u0101tin\u0101t\u0101js ar saldin\u0101t\u0101ju<\/strong><\/p>\n<p>B1, B6 un B12 vitam\u012bni veicina norm\u0101lu nervu sist\u0113mas darb\u012bbu. B6 un B12 vitam\u012bni pal\u012bdz samazin\u0101t nogurumu un nesp\u0113ku<\/p>\n<p>P\u0113rciet t\u016bl\u012bt tie\u0161saist\u0113 vietn\u0113 <a href=\"https:\/\/vissveselibai.lv\">www.vissveselibai.lv<\/a><\/p>\n","protected":false},"featured_media":2803,"comment_status":"open","ping_status":"closed","template":"","meta":[],"product_brand":[],"product_cat":[135,136,139],"product_tag":[157,164,163],"class_list":{"0":"post-2802","1":"product","2":"type-product","3":"status-publish","4":"has-post-thumbnail","6":"product_cat-general-health","7":"product_cat-immune-support","8":"product_cat-stress-sleep-support","9":"product_tag-general-health","10":"product_tag-nervu-sistema","11":"product_tag-stress","13":"first","14":"instock","15":"taxable","16":"shipping-taxable","17":"purchasable","18":"product-type-simple"},"_links":{"self":[{"href":"https:\/\/vissveselibai.lv\/en\/wp-json\/wp\/v2\/product\/2802","targetHints":{"allow":["GET"]}}],"collection":[{"href":"https:\/\/vissveselibai.lv\/en\/wp-json\/wp\/v2\/product"}],"about":[{"href":"https:\/\/vissveselibai.lv\/en\/wp-json\/wp\/v2\/types\/product"}],"replies":[{"embeddable":true,"href":"https:\/\/vissveselibai.lv\/en\/wp-json\/wp\/v2\/comments?post=2802"}],"wp:featuredmedia":[{"embeddable":true,"href":"https:\/\/vissveselibai.lv\/en\/wp-json\/wp\/v2\/media\/2803"}],"wp:attachment":[{"href":"https:\/\/vissveselibai.lv\/en\/wp-json\/wp\/v2\/media?parent=2802"}],"wp:term":[{"taxonomy":"product_brand","embeddable":true,"href":"https:\/\/vissveselibai.lv\/en\/wp-json\/wp\/v2\/product_brand?post=2802"},{"taxonomy":"product_cat","embeddable":true,"href":"https:\/\/vissveselibai.lv\/en\/wp-json\/wp\/v2\/product_cat?post=2802"},{"taxonomy":"product_tag","embeddable":true,"href":"https:\/\/vissveselibai.lv\/en\/wp-json\/wp\/v2\/product_tag?post=2802"}],"curies":[{"name":"wp","href":"https:\/\/api.w.org\/{rel}","templated":true}]}}