{"id":2832,"date":"2025-05-07T08:45:39","date_gmt":"2025-05-07T08:45:39","guid":{"rendered":"https:\/\/vissveselibai.lv\/?post_type=product&#038;p=2832"},"modified":"2026-02-20T11:37:07","modified_gmt":"2026-02-20T11:37:07","slug":"vilkabelemagnijsb6","status":"publish","type":"product","link":"https:\/\/vissveselibai.lv\/en\/product\/vilkabelemagnijsb6\/","title":{"rendered":"VILK\u0100BELE+MAGNIJS+B6 \/ HAWTHORN+MG+B6  tabletes"},"content":{"rendered":"<p><span style=\"font-weight: 400;\">Uztura bag\u0101tin\u0101t\u0101js<\/span><span style=\"font-weight: 400;\">\u00a0<\/span><\/p>\n<p><span style=\"font-weight: 400;\">30 tabletes\u00a0\u00a0\u00a0\u00a0\u00a0\u00a0\u00a0\u00a0\u00a0\u00a0\u00a0\u00a0\u00a0\u00a0\u00a0\u00a0\u00a0<\/span><\/p>\n<p><span style=\"font-weight: 400;\"><strong>Neto masa:<\/strong> 25,5 g<\/span><\/p>\n<p><b>Sast\u0101vda\u013cas:<\/b><span style=\"font-weight: 400;\"> apjoma palielin\u0101t\u0101js: mikrokrist\u0101lisk\u0101 celuloze; magnija oks\u012bds, vilk\u0101beles (<\/span><i><span style=\"font-weight: 400;\">Crataegus rhipidophylla<\/span><\/i><span style=\"font-weight: 400;\">) lapu ekstrakts 10:1, apjoma palielin\u0101t\u0101js: kalcija karbon\u0101ts; pretsalipes vielas: tauksk\u0101bju magnija s\u0101\u013ci, sil\u012bcija dioks\u012bds; piridoks\u012bna hidrohlor\u012bds, glaz\u0113t\u0101jviela: polivinilspirts.<\/span><\/p>\n<table>\n<tbody>\n<tr>\n<td><b>Satur<\/b><\/td>\n<td><b>1 tablete (% no NRV*)<\/b><\/td>\n<\/tr>\n<tr>\n<td><span style=\"font-weight: 400;\">Vilk\u0101beles (<\/span><i><span style=\"font-weight: 400;\">Crataegus rhipidophylla<\/span><\/i><span style=\"font-weight: 400;\">) lapu ekstrakts 10:1<\/span><\/td>\n<td><span style=\"font-weight: 400;\">95 mg (atbilst 950 mg auga lapu drogas)<\/span><\/td>\n<\/tr>\n<tr>\n<td><span style=\"font-weight: 400;\">Magnijs<\/span><\/td>\n<td><span style=\"font-weight: 400;\">100 mg (27%)<\/span><\/td>\n<\/tr>\n<tr>\n<td><span style=\"font-weight: 400;\">Vitam\u012bns B6<\/span><\/td>\n<td><span style=\"font-weight: 400;\">1,4 mg (100%)<\/span><\/td>\n<\/tr>\n<\/tbody>\n<\/table>\n<p><span style=\"font-weight: 400;\">*NRV- uzturvielu atsauces v\u0113rt\u012bba<\/span><\/p>\n<p><b>Lieto\u0161ana:<\/b><span style=\"font-weight: 400;\"> Pieaugu\u0161ajiem 1 tablete dien\u0101. <\/span><span style=\"font-weight: 400;\">Lieto\u0161anas ilgums \u2013 30 dienas. <\/span><span style=\"font-weight: 400;\">Nav ieteicams, ja ir komponentu individu\u0101la nepanesam\u012bba, k\u0101 ar\u012b gr\u016btniec\u012bbas un z\u012bd\u012b\u0161anas laik\u0101. Glab\u0101t b\u0113rniem nepieejam\u0101 viet\u0101! <\/span><span style=\"font-weight: 400;\">Nep\u0101rsniegt ieteicamo diennakts devu! <\/span><span style=\"font-weight: 400;\">Uzglab\u0101t ori\u0123in\u0101laj\u0101 iepakojum\u0101, saus\u0101 viet\u0101, istabas temperat\u016br\u0101. <\/span><span style=\"font-weight: 400;\">Neizmantot uztura bag\u0101tin\u0101t\u0101ju k\u0101 pilnv\u0113rt\u012bga un sabalans\u0113ta uztura aizvietot\u0101ju.<\/span><\/p>\n<p><strong>Ra\u017eot\u0101js:<\/strong> SIA \u201cPharma Market Solutions\u201d, Kargo k-1, M\u0101rupe, M\u0101rupes novads, Latvija, LV-2167.<\/p>\n<p><a href=\"https:\/\/pakalpojumi.pvd.gov.lv\/lv\/supplements\/15115\"><b>Vair\u0101k par produktu <\/b>\u2192<\/a><\/p>\n<p>P\u0113rciet t\u016bl\u012bt tie\u0161saist\u0113 vietn\u0113 <a href=\"http:\/\/www.vissveselibai.lv\">www.vissveselibai.lv<\/a><\/p>\n","protected":false},"excerpt":{"rendered":"<p><strong>Uztura bag\u0101tin\u0101t\u0101js<\/strong><\/p>\n<p>Vilk\u0101bele veicina norm\u0101lu sirds-asinsvadu sist\u0113mas darb\u012bbu. Magnijs un Vitam\u012bns B6 veicina norm\u0101lu nervu sist\u0113mas darb\u012bbu.<\/p>\n<p>P\u0113rciet t\u016bl\u012bt tie\u0161saist\u0113 vietn\u0113 <a href=\"http:\/\/www.vissveselibai.lv\">www.vissveselibai.lv<\/a><\/p>\n","protected":false},"featured_media":2833,"comment_status":"open","ping_status":"closed","template":"","meta":[],"product_brand":[],"product_cat":[135,140,139],"product_tag":[165,163],"class_list":{"0":"post-2832","1":"product","2":"type-product","3":"status-publish","4":"has-post-thumbnail","6":"product_cat-general-health","7":"product_cat-heart-vascular-system","8":"product_cat-stress-sleep-support","9":"product_tag-heart","10":"product_tag-stress","12":"first","13":"instock","14":"taxable","15":"shipping-taxable","16":"purchasable","17":"product-type-simple"},"_links":{"self":[{"href":"https:\/\/vissveselibai.lv\/en\/wp-json\/wp\/v2\/product\/2832","targetHints":{"allow":["GET"]}}],"collection":[{"href":"https:\/\/vissveselibai.lv\/en\/wp-json\/wp\/v2\/product"}],"about":[{"href":"https:\/\/vissveselibai.lv\/en\/wp-json\/wp\/v2\/types\/product"}],"replies":[{"embeddable":true,"href":"https:\/\/vissveselibai.lv\/en\/wp-json\/wp\/v2\/comments?post=2832"}],"wp:featuredmedia":[{"embeddable":true,"href":"https:\/\/vissveselibai.lv\/en\/wp-json\/wp\/v2\/media\/2833"}],"wp:attachment":[{"href":"https:\/\/vissveselibai.lv\/en\/wp-json\/wp\/v2\/media?parent=2832"}],"wp:term":[{"taxonomy":"product_brand","embeddable":true,"href":"https:\/\/vissveselibai.lv\/en\/wp-json\/wp\/v2\/product_brand?post=2832"},{"taxonomy":"product_cat","embeddable":true,"href":"https:\/\/vissveselibai.lv\/en\/wp-json\/wp\/v2\/product_cat?post=2832"},{"taxonomy":"product_tag","embeddable":true,"href":"https:\/\/vissveselibai.lv\/en\/wp-json\/wp\/v2\/product_tag?post=2832"}],"curies":[{"name":"wp","href":"https:\/\/api.w.org\/{rel}","templated":true}]}}