{"id":2845,"date":"2025-05-07T09:44:25","date_gmt":"2025-05-07T09:44:25","guid":{"rendered":"https:\/\/vissveselibai.lv\/?post_type=product&#038;p=2845"},"modified":"2025-08-04T13:04:27","modified_gmt":"2025-08-04T13:04:27","slug":"sirds-matere-magnijs-b6","status":"publish","type":"product","link":"https:\/\/vissveselibai.lv\/en\/product\/sirds-matere-magnijs-b6\/","title":{"rendered":"SIRDS M\u0100TERE + MAGNIJS + B6\/Motherwort extract + Magnesium + B6 tabletes"},"content":{"rendered":"<p><span style=\"font-weight: 400;\">Uztura bag\u0101tin\u0101t\u0101js<\/span><\/p>\n<p><span style=\"font-weight: 400;\">30 tabletes\u00a0\u00a0\u00a0\u00a0\u00a0\u00a0\u00a0\u00a0\u00a0\u00a0\u00a0\u00a0\u00a0\u00a0\u00a0\u00a0\u00a0<\/span><\/p>\n<p><span style=\"font-weight: 400;\"><strong>Neto masa:<\/strong> 24 g<\/span><\/p>\n<p><b>Sast\u0101vda\u013cas: <\/b><span style=\"font-weight: 400;\">apjoma palielin\u0101t\u0101js: mikrokrist\u0101lisk\u0101 celuloze; magnija oks\u012bds, sirds m\u0101teres (<\/span><i><span style=\"font-weight: 400;\">Leonurus cardiaca L.<\/span><\/i><span style=\"font-weight: 400;\">) lakstu ekstrakts 10:1, apjoma palielin\u0101t\u0101js: kalcija karbon\u0101ts; pretsalipes vielas: tauksk\u0101bju magnija s\u0101\u013ci, sil\u012bcija dioks\u012bds; glaz\u0113t\u0101jviela: polivinilspirts; piridoks\u012bna hidrohlor\u012bds.<\/span><\/p>\n<table>\n<tbody>\n<tr>\n<td><b>Satur<\/b><\/td>\n<td><b>1 tablete (% no NRV*)<\/b><\/td>\n<\/tr>\n<tr>\n<td><span style=\"font-weight: 400;\">Sirds m\u0101teres (<\/span><i><span style=\"font-weight: 400;\">Leonurus cardiaca L.<\/span><\/i><span style=\"font-weight: 400;\">) lakstu ekstrakts 10:1<\/span><\/td>\n<td><span style=\"font-weight: 400;\">14 mg (atbilst 140 mg auga lakstu drogas)<\/span><\/td>\n<\/tr>\n<tr>\n<td><span style=\"font-weight: 400;\">Magnijs<\/span><\/td>\n<td><span style=\"font-weight: 400;\">100 mg (27%)<\/span><\/td>\n<\/tr>\n<tr>\n<td><span style=\"font-weight: 400;\">Vitam\u012bns B6<\/span><\/td>\n<td><span style=\"font-weight: 400;\">1,4 mg (100%)<\/span><\/td>\n<\/tr>\n<\/tbody>\n<\/table>\n<p><span style=\"font-weight: 400;\">*NRV- uzturvielu atsauces v\u0113rt\u012bba<\/span><\/p>\n<p><b>Lieto\u0161ana<\/b><span style=\"font-weight: 400;\">: pieaugu\u0161ajiem 1 tablete dien\u0101. <\/span><span style=\"font-weight: 400;\">Lieto\u0161anas ilgums \u2013 30 dienas. <\/span><span style=\"font-weight: 400;\">Nav ieteicams, ja ir komponentu individu\u0101la nepanesam\u012bba, k\u0101 ar\u012b gr\u016btniec\u012bbas un z\u012bd\u012b\u0161anas laik\u0101. Glab\u0101t b\u0113rniem nepieejam\u0101 viet\u0101! <\/span><span style=\"font-weight: 400;\">Nep\u0101rsniegt ieteicamo diennakts devu! <\/span><span style=\"font-weight: 400;\">Uzglab\u0101t ori\u0123in\u0101laj\u0101 iepakojum\u0101, saus\u0101 viet\u0101, istabas temperat\u016br\u0101. <\/span><span style=\"font-weight: 400;\">Neizmantot uztura bag\u0101tin\u0101t\u0101ju k\u0101 pilnv\u0113rt\u012bga un sabalans\u0113ta uztura aizvietot\u0101ju.<\/span><span style=\"font-weight: 400;\"><br \/>\n<\/span><\/p>\n<p><b>Ra\u017eot\u0101js:<\/b><span style=\"font-weight: 400;\"> SIA &#8220;Pharma Market Solutions&#8221;, Kargo k-1, M\u0101rupes novads, M\u0101rup\u0113, Latvija, LV-2167.<\/span><\/p>\n<p><a href=\"https:\/\/pakalpojumi.pvd.gov.lv\/lv\/supplements\/15116\"><b>Vair\u0101k par produktu <\/b>\u2192<\/a><\/p>\n<p>P\u0113rciet t\u016bl\u012bt tie\u0161saist\u0113 vietn\u0113 <a href=\"http:\/\/www.vissveselibai.lv\">www.vissveselibai.lv<\/a><\/p>\n","protected":false},"excerpt":{"rendered":"<p><strong>Uztura bag\u0101tin\u0101t\u0101js<\/strong><\/p>\n<p>Sirds m\u0101tere pal\u012bdz uztur\u0113t norm\u0101lu asinsspiedienu stresa situ\u0101cij\u0101s un veicina norm\u0101lu sirdsdarb\u012bbas ritmu.<\/p>\n<p>P\u0113rciet t\u016bl\u012bt tie\u0161saist\u0113 vietn\u0113 <a href=\"http:\/\/www.vissveselibai.lv\">www.vissveselibai.lv<\/a><\/p>\n","protected":false},"featured_media":2846,"comment_status":"open","ping_status":"closed","template":"","meta":[],"product_brand":[],"product_cat":[135,140],"product_tag":[171,165,170],"class_list":{"0":"post-2845","1":"product","2":"type-product","3":"status-publish","4":"has-post-thumbnail","6":"product_cat-general-health","7":"product_cat-heart-vascular-system","8":"product_tag-asinsspiediens","9":"product_tag-heart","10":"product_tag-sirds","12":"first","13":"instock","14":"taxable","15":"shipping-taxable","16":"purchasable","17":"product-type-simple"},"_links":{"self":[{"href":"https:\/\/vissveselibai.lv\/en\/wp-json\/wp\/v2\/product\/2845","targetHints":{"allow":["GET"]}}],"collection":[{"href":"https:\/\/vissveselibai.lv\/en\/wp-json\/wp\/v2\/product"}],"about":[{"href":"https:\/\/vissveselibai.lv\/en\/wp-json\/wp\/v2\/types\/product"}],"replies":[{"embeddable":true,"href":"https:\/\/vissveselibai.lv\/en\/wp-json\/wp\/v2\/comments?post=2845"}],"wp:featuredmedia":[{"embeddable":true,"href":"https:\/\/vissveselibai.lv\/en\/wp-json\/wp\/v2\/media\/2846"}],"wp:attachment":[{"href":"https:\/\/vissveselibai.lv\/en\/wp-json\/wp\/v2\/media?parent=2845"}],"wp:term":[{"taxonomy":"product_brand","embeddable":true,"href":"https:\/\/vissveselibai.lv\/en\/wp-json\/wp\/v2\/product_brand?post=2845"},{"taxonomy":"product_cat","embeddable":true,"href":"https:\/\/vissveselibai.lv\/en\/wp-json\/wp\/v2\/product_cat?post=2845"},{"taxonomy":"product_tag","embeddable":true,"href":"https:\/\/vissveselibai.lv\/en\/wp-json\/wp\/v2\/product_tag?post=2845"}],"curies":[{"name":"wp","href":"https:\/\/api.w.org\/{rel}","templated":true}]}}