{"id":2878,"date":"2025-05-07T10:40:09","date_gmt":"2025-05-07T10:40:09","guid":{"rendered":"https:\/\/vissveselibai.lv\/?post_type=product&#038;p=2878"},"modified":"2025-07-17T12:31:14","modified_gmt":"2025-07-17T12:31:14","slug":"l-karnitina-l-tartrats","status":"publish","type":"product","link":"https:\/\/vissveselibai.lv\/en\/product\/l-karnitina-l-tartrats\/","title":{"rendered":"L-KARNIT\u012aNA L-TARTR\u0100TS\/L-carnitine L-tartrate kapsulas"},"content":{"rendered":"<p><span style=\"font-weight: 400;\">Uztura bag\u0101tin\u0101t\u0101js<\/span><\/p>\n<p><span style=\"font-weight: 400;\">30 kapsulas\u00a0\u00a0\u00a0\u00a0\u00a0\u00a0\u00a0\u00a0\u00a0\u00a0\u00a0\u00a0\u00a0\u00a0\u00a0<\/span><\/p>\n<p><span style=\"font-weight: 400;\"><strong>Neto masa:<\/strong> 23,085 g<\/span><\/p>\n<p><b>Sast\u0101vda\u013cas:<\/b><span style=\"font-weight: 400;\"> L-karnit\u012bna L-tartr\u0101ts, apjoma palielin\u0101t\u0101js: mikrokrist\u0101lisk\u0101 celuloze; kapsulas apvalks: hidroksipropilmetilceluloze; pretsalipes viela: tauksk\u0101bju magnija s\u0101\u013ci.<\/span><\/p>\n<table>\n<tbody>\n<tr>\n<td><b>Satur<\/b><\/td>\n<td><b>1 kapsula<\/b><\/td>\n<td><b>4 kapsulas<\/b><\/td>\n<\/tr>\n<tr>\n<td><span style=\"font-weight: 400;\">L-karnit\u012bna L-tartr\u0101ts<\/span><\/td>\n<td><span style=\"font-weight: 400;\">500 mg<\/span><\/td>\n<td><span style=\"font-weight: 400;\">2000 mg<\/span><\/td>\n<\/tr>\n<\/tbody>\n<\/table>\n<p><b>Lieto\u0161ana<\/b><span style=\"font-weight: 400;\">: pieaugu\u0161ajiem pa 1-2 kapsul\u0101m 1-2 reizes dien\u0101. <\/span><span style=\"font-weight: 400;\">Lieto\u0161anas ilgums 30 dienas. <\/span><span style=\"font-weight: 400;\">Nav ieteicams komponentu individu\u0101l\u0101s nepanesam\u012bbas gad\u012bjum\u0101, sieviet\u0113m gr\u016btniec\u012bbas un b\u0113rna z\u012bd\u012b\u0161anas laik\u0101.\u00a0<\/span><span style=\"font-weight: 400;\">Glab\u0101t b\u0113rniem nepieejam\u0101 viet\u0101! <\/span><span style=\"font-weight: 400;\">Nep\u0101rsniegt ieteicamo diennakts devu! <\/span><span style=\"font-weight: 400;\">Uzglab\u0101t ori\u0123in\u0101liepakojum\u0101, saus\u0101 viet\u0101, istabas temperat\u016br\u0101! <\/span><span style=\"font-weight: 400;\">Neizmantot uztura bag\u0101tin\u0101t\u0101ju pilnv\u0113rt\u012bga un sabalans\u0113ta uztura aizvieto\u0161anai!<\/span><\/p>\n<p><b>Ra\u017eot\u0101js: <\/b><span style=\"font-weight: 400;\">SIA &#8220;Pharma Market Solutions&#8221;, Edinburgas pr.11-9, J\u016brmala, Latvija, LV-2015.<\/span><\/p>\n<p><a href=\"https:\/\/pakalpojumi.pvd.gov.lv\/lv\/supplements\/13478\"><b>Vair\u0101k par produktu <\/b>\u2192<\/a><\/p>\n<p>P\u0113rciet t\u016bl\u012bt tie\u0161saist\u0113 vietn\u0113 <a href=\"http:\/\/www.vissveselibai.lv\">www.vissveselibai.lv<\/a><\/p>\n<p><br style=\"font-weight: 400;\" \/><br style=\"font-weight: 400;\" \/><\/p>\n","protected":false},"excerpt":{"rendered":"<p><strong>Uztura bag\u0101tin\u0101t\u0101js<\/strong><\/p>\n<p>Bez \u0122MO. Nesatur glut\u0113nu. Piem\u0113rots veg\u0101niem<\/p>\n<p>P\u0113rciet t\u016bl\u012bt tie\u0161saist\u0113 vietn\u0113 <a href=\"http:\/\/www.vissveselibai.lv\">www.vissveselibai.lv<\/a><\/p>\n","protected":false},"featured_media":2879,"comment_status":"open","ping_status":"closed","template":"","meta":[],"product_brand":[],"product_cat":[134,135,141],"product_tag":[195,193,194,196,192],"class_list":{"0":"post-2878","1":"product","2":"type-product","3":"status-publish","4":"has-post-thumbnail","6":"product_cat-energy-support","7":"product_cat-general-health","8":"product_cat-sports-nutrition","9":"product_tag-dabigs-tauku-dedzinatajs","10":"product_tag-energijas-razosana","11":"product_tag-izturibas-palielinasana","12":"product_tag-muskulu-tonuss","13":"product_tag-tauku-vielmaina","15":"first","16":"instock","17":"taxable","18":"shipping-taxable","19":"purchasable","20":"product-type-simple"},"_links":{"self":[{"href":"https:\/\/vissveselibai.lv\/en\/wp-json\/wp\/v2\/product\/2878","targetHints":{"allow":["GET"]}}],"collection":[{"href":"https:\/\/vissveselibai.lv\/en\/wp-json\/wp\/v2\/product"}],"about":[{"href":"https:\/\/vissveselibai.lv\/en\/wp-json\/wp\/v2\/types\/product"}],"replies":[{"embeddable":true,"href":"https:\/\/vissveselibai.lv\/en\/wp-json\/wp\/v2\/comments?post=2878"}],"wp:featuredmedia":[{"embeddable":true,"href":"https:\/\/vissveselibai.lv\/en\/wp-json\/wp\/v2\/media\/2879"}],"wp:attachment":[{"href":"https:\/\/vissveselibai.lv\/en\/wp-json\/wp\/v2\/media?parent=2878"}],"wp:term":[{"taxonomy":"product_brand","embeddable":true,"href":"https:\/\/vissveselibai.lv\/en\/wp-json\/wp\/v2\/product_brand?post=2878"},{"taxonomy":"product_cat","embeddable":true,"href":"https:\/\/vissveselibai.lv\/en\/wp-json\/wp\/v2\/product_cat?post=2878"},{"taxonomy":"product_tag","embeddable":true,"href":"https:\/\/vissveselibai.lv\/en\/wp-json\/wp\/v2\/product_tag?post=2878"}],"curies":[{"name":"wp","href":"https:\/\/api.w.org\/{rel}","templated":true}]}}