{"id":2882,"date":"2025-05-07T10:47:57","date_gmt":"2025-05-07T10:47:57","guid":{"rendered":"https:\/\/vissveselibai.lv\/?post_type=product&#038;p=2882"},"modified":"2025-07-18T08:22:47","modified_gmt":"2025-07-18T08:22:47","slug":"l-metilfolats","status":"publish","type":"product","link":"https:\/\/vissveselibai.lv\/en\/product\/l-metilfolats\/","title":{"rendered":"L-METILFOL\u0100TS\/L-methylfolate tabletes"},"content":{"rendered":"<p><span style=\"font-weight: 400;\">Uztura bag\u0101tin\u0101t\u0101js<\/span><\/p>\n<p><span style=\"font-weight: 400;\">60 tabletes\u00a0\u00a0\u00a0\u00a0\u00a0\u00a0\u00a0\u00a0\u00a0\u00a0\u00a0\u00a0\u00a0\u00a0\u00a0\u00a0\u00a0<\/span><\/p>\n<p><span style=\"font-weight: 400;\"><strong>Neto masa:<\/strong> 10,4 g<\/span><\/p>\n<p><b>Sast\u0101vda\u013cas:<\/b><span style=\"font-weight: 400;\"> apjoma palielin\u0101t\u0101ji: dikalcija fosf\u0101ts, mikrokrist\u0101lisk\u0101 celuloze; glaz\u0113t\u0101jviela: hidroksipropilmetilceluloze; pretsalipes vielas: tauksk\u0101bju magnija s\u0101\u013ci, sil\u012bcija dioks\u012bds; kalcija-L-metilfol\u0101ts.<\/span><\/p>\n<table>\n<tbody>\n<tr>\n<td><b>Satur<\/b><\/td>\n<td><b>1 tablete (% no NRV*)<\/b><\/td>\n<td><b>2 tabletes (% no NRV*)<\/b><\/td>\n<\/tr>\n<tr>\n<td><span style=\"font-weight: 400;\">Vitam\u012bns B9<\/span><\/td>\n<td><span style=\"font-weight: 400;\">400 \u00b5g (200 %)<\/span><\/td>\n<td><span style=\"font-weight: 400;\">800 \u00b5g (400 %)<\/span><\/td>\n<\/tr>\n<\/tbody>\n<\/table>\n<p><span style=\"font-weight: 400;\">*NRV- uzturvielu atsauces v\u0113rt\u012bba<\/span><\/p>\n<p><b>Lieto\u0161ana<\/b><span style=\"font-weight: 400;\">: pieaugu\u0161ajiem 2 tabletes dien\u0101. <\/span><span style=\"font-weight: 400;\">Lieto\u0161anas ilgums 30 dienas. <\/span><span style=\"font-weight: 400;\">Nav ieteicams komponentu individu\u0101l\u0101s nepanesam\u012bbas gad\u012bjum\u0101, sieviet\u0113m gr\u016btniec\u012bbas un b\u0113rna z\u012bd\u012b\u0161anas laik\u0101. <\/span><span style=\"font-weight: 400;\">Glab\u0101t b\u0113rniem nepieejam\u0101 viet\u0101! <\/span><span style=\"font-weight: 400;\">Nep\u0101rsniegt ieteicamo diennakts devu! <\/span><span style=\"font-weight: 400;\">Uzglab\u0101t ori\u0123in\u0101liepakojum\u0101, saus\u0101 viet\u0101, istabas temperat\u016br\u0101! <\/span><span style=\"font-weight: 400;\">Neizmantot uztura bag\u0101tin\u0101t\u0101ju pilnv\u0113rt\u012bga un sabalans\u0113ta uztura aizvieto\u0161anai!<\/span><\/p>\n<p><b>Ra\u017eot\u0101js: <\/b><span style=\"font-weight: 400;\">SIA &#8220;Pharma Market Solutions&#8221;, Edinburgas pr.11-9, J\u016brmala, LV-2015, Latvija.<\/span><\/p>\n<p><a href=\"https:\/\/pakalpojumi.pvd.gov.lv\/lv\/supplements\/12746\"><b>Vair\u0101k par produktu <\/b>\u2192<\/a><\/p>\n<p>P\u0113rciet t\u016bl\u012bt tie\u0161saist\u0113 vietn\u0113 <a href=\"http:\/\/www.vissveselibai.lv\">www.vissveselibai.lv<\/a><\/p>\n","protected":false},"excerpt":{"rendered":"<p><strong>Uztura bag\u0101tin\u0101t\u0101js<\/strong><\/p>\n<p>Bez \u0122MO. Nesatur glut\u0113nu. Piem\u0113rots veg\u0101niem<\/p>\n<p>P\u0113rciet t\u016bl\u012bt tie\u0161saist\u0113 vietn\u0113 <a href=\"http:\/\/www.vissveselibai.lv\">www.vissveselibai.lv<\/a><\/p>\n","protected":false},"featured_media":2883,"comment_status":"open","ping_status":"closed","template":"","meta":[],"product_brand":[],"product_cat":[143,135,140,139],"product_tag":[197,198,199],"class_list":{"0":"post-2882","1":"product","2":"type-product","3":"status-publish","4":"has-post-thumbnail","6":"product_cat-brains-health","7":"product_cat-general-health","8":"product_cat-heart-vascular-system","9":"product_cat-stress-sleep-support","10":"product_tag-nervu-sistemas-veseliba","11":"product_tag-sirds-un-asinsvadu-veseliba","12":"product_tag-smadzenu-darbibas-uzlabosana","14":"first","15":"instock","16":"taxable","17":"shipping-taxable","18":"purchasable","19":"product-type-simple"},"_links":{"self":[{"href":"https:\/\/vissveselibai.lv\/en\/wp-json\/wp\/v2\/product\/2882","targetHints":{"allow":["GET"]}}],"collection":[{"href":"https:\/\/vissveselibai.lv\/en\/wp-json\/wp\/v2\/product"}],"about":[{"href":"https:\/\/vissveselibai.lv\/en\/wp-json\/wp\/v2\/types\/product"}],"replies":[{"embeddable":true,"href":"https:\/\/vissveselibai.lv\/en\/wp-json\/wp\/v2\/comments?post=2882"}],"wp:featuredmedia":[{"embeddable":true,"href":"https:\/\/vissveselibai.lv\/en\/wp-json\/wp\/v2\/media\/2883"}],"wp:attachment":[{"href":"https:\/\/vissveselibai.lv\/en\/wp-json\/wp\/v2\/media?parent=2882"}],"wp:term":[{"taxonomy":"product_brand","embeddable":true,"href":"https:\/\/vissveselibai.lv\/en\/wp-json\/wp\/v2\/product_brand?post=2882"},{"taxonomy":"product_cat","embeddable":true,"href":"https:\/\/vissveselibai.lv\/en\/wp-json\/wp\/v2\/product_cat?post=2882"},{"taxonomy":"product_tag","embeddable":true,"href":"https:\/\/vissveselibai.lv\/en\/wp-json\/wp\/v2\/product_tag?post=2882"}],"curies":[{"name":"wp","href":"https:\/\/api.w.org\/{rel}","templated":true}]}}