{"id":2899,"date":"2025-05-07T11:26:11","date_gmt":"2025-05-07T11:26:11","guid":{"rendered":"https:\/\/vissveselibai.lv\/?post_type=product&#038;p=2899"},"modified":"2025-07-23T10:43:10","modified_gmt":"2025-07-23T10:43:10","slug":"prenatal","status":"publish","type":"product","link":"https:\/\/vissveselibai.lv\/en\/product\/prenatal\/","title":{"rendered":"PRENATAL Vitam\u012bnu komplekss gr\u016btniec\u0113m, tabletes"},"content":{"rendered":"<p><span style=\"font-weight: 400;\">Uztura bag\u0101tin\u0101t\u0101js<\/span><\/p>\n<p><span style=\"font-weight: 400;\">30 tabletes\u00a0\u00a0\u00a0\u00a0\u00a0\u00a0\u00a0\u00a0\u00a0\u00a0\u00a0\u00a0\u00a0\u00a0\u00a0\u00a0\u00a0<\/span><\/p>\n<p><span style=\"font-weight: 400;\"><strong>Neto masa:<\/strong> 36 g<\/span><\/p>\n<p><b>Sast\u0101vda\u013cas:<\/b><span style=\"font-weight: 400;\"> apjoma palielin\u0101t\u0101js: kalcija karbon\u0101ts; magnija oks\u012bds, apjoma palielin\u0101t\u0101js: mikrokrist\u0101lisk\u0101 celuloze; L-askorb\u012bnsk\u0101be, cinka oks\u012bds, DL-tokoferola acet\u0101ts, dzelzs (II) fumar\u0101ts, nikot\u012bnam\u012bds, riboflav\u012bns, piridoks\u012bna hidrohlor\u012bds, pretsalipes viela: tauksk\u0101bju magnija s\u0101\u013ci; kalcija D-pantoten\u0101ts, holekalciferols, glaz\u0113t\u0101jviela: hidroksipropilmetilceluloze; vara glikon\u0101ts, tiam\u012bna hidrohlor\u012bds, fitomenadions, folijsk\u0101be, D-biot\u012bns, n\u0101trija selen\u012bts, k\u0101lija jod\u012bds, ci\u0101nkobalam\u012bns.<\/span><\/p>\n<table>\n<tbody>\n<tr>\n<td><b>Satur<\/b><\/td>\n<td><b>1 tablete (% no NRV*)<\/b><\/td>\n<\/tr>\n<tr>\n<td><span style=\"font-weight: 400;\">D<\/span><span style=\"font-weight: 400;\">3<\/span><span style=\"font-weight: 400;\"> vitam\u012bns<\/span><\/td>\n<td><span style=\"font-weight: 400;\">15 \u00b5g (300 %)<\/span><\/td>\n<\/tr>\n<tr>\n<td><span style=\"font-weight: 400;\">E vitam\u012bns<\/span><\/td>\n<td><span style=\"font-weight: 400;\">15 mg <\/span><i><span style=\"font-weight: 400;\">a<\/span><\/i><span style=\"font-weight: 400;\">-TE (125 %)<\/span><\/td>\n<\/tr>\n<tr>\n<td><span style=\"font-weight: 400;\">K<\/span><span style=\"font-weight: 400;\">1<\/span><span style=\"font-weight: 400;\"> vitam\u012bns<\/span><\/td>\n<td><span style=\"font-weight: 400;\">70 \u00b5g (93,3 %)<\/span><\/td>\n<\/tr>\n<tr>\n<td><span style=\"font-weight: 400;\">B<\/span><span style=\"font-weight: 400;\">1 <\/span><span style=\"font-weight: 400;\">vitam\u012bns<\/span><\/td>\n<td><span style=\"font-weight: 400;\">3 mg (272,7 %)<\/span><\/td>\n<\/tr>\n<tr>\n<td><span style=\"font-weight: 400;\">B<\/span><span style=\"font-weight: 400;\">2 <\/span><span style=\"font-weight: 400;\">vitam\u012bns<\/span><\/td>\n<td><span style=\"font-weight: 400;\">20 mg (1428,6 %)<\/span><\/td>\n<\/tr>\n<tr>\n<td><span style=\"font-weight: 400;\">B<\/span><span style=\"font-weight: 400;\">3 <\/span><span style=\"font-weight: 400;\">vitam\u012bns<\/span><\/td>\n<td><span style=\"font-weight: 400;\">20 mg (125 %) NE<\/span><\/td>\n<\/tr>\n<tr>\n<td><span style=\"font-weight: 400;\">B<\/span><span style=\"font-weight: 400;\">5 <\/span><span style=\"font-weight: 400;\">vitam\u012bns<\/span><\/td>\n<td><span style=\"font-weight: 400;\">6 mg (100 %)<\/span><\/td>\n<\/tr>\n<tr>\n<td><span style=\"font-weight: 400;\">B<\/span><span style=\"font-weight: 400;\">6 <\/span><span style=\"font-weight: 400;\">vitam\u012bns<\/span><\/td>\n<td><span style=\"font-weight: 400;\">10 mg (714,3 %)<\/span><\/td>\n<\/tr>\n<tr>\n<td><span style=\"font-weight: 400;\">Biot\u012bns<\/span><\/td>\n<td><span style=\"font-weight: 400;\">150 \u00b5g (300 %)<\/span><\/td>\n<\/tr>\n<tr>\n<td><span style=\"font-weight: 400;\">Folijsk\u0101be<\/span><\/td>\n<td><span style=\"font-weight: 400;\">800 \u00b5g (400 %)<\/span><\/td>\n<\/tr>\n<tr>\n<td><span style=\"font-weight: 400;\">B<\/span><span style=\"font-weight: 400;\">12 <\/span><span style=\"font-weight: 400;\">vitam\u012bns<\/span><\/td>\n<td><span style=\"font-weight: 400;\">6 \u00b5g (240 %)<\/span><\/td>\n<\/tr>\n<tr>\n<td><span style=\"font-weight: 400;\">C vitam\u012bns<\/span><\/td>\n<td><span style=\"font-weight: 400;\">100 mg (125 %)<\/span><\/td>\n<\/tr>\n<tr>\n<td><span style=\"font-weight: 400;\">Var\u0161<\/span><\/td>\n<td><span style=\"font-weight: 400;\">1 mg (100 %)<\/span><\/td>\n<\/tr>\n<tr>\n<td><span style=\"font-weight: 400;\">Jods<\/span><\/td>\n<td><span style=\"font-weight: 400;\">27 \u00b5g (18 %)<\/span><\/td>\n<\/tr>\n<tr>\n<td><span style=\"font-weight: 400;\">Dzelzs<\/span><\/td>\n<td><span style=\"font-weight: 400;\">17 mg (121,4 %)<\/span><\/td>\n<\/tr>\n<tr>\n<td><span style=\"font-weight: 400;\">Magnijs<\/span><\/td>\n<td><span style=\"font-weight: 400;\">150 mg (40 %)<\/span><\/td>\n<\/tr>\n<tr>\n<td><span style=\"font-weight: 400;\">Sel\u0113ns<\/span><\/td>\n<td><span style=\"font-weight: 400;\">60 \u00b5g (109,1 %)<\/span><\/td>\n<\/tr>\n<tr>\n<td><span style=\"font-weight: 400;\">Cinks<\/span><\/td>\n<td><span style=\"font-weight: 400;\">25 mg (250%)<\/span><\/td>\n<\/tr>\n<\/tbody>\n<\/table>\n<p><span style=\"font-weight: 400;\">*NRV- uzturvielu atsauces v\u0113rt\u012bba<\/span><\/p>\n<p><b>Lieto\u0161ana<\/b><span style=\"font-weight: 400;\">: gr\u016btniec\u0113m 1 tablete dien\u0101 \u0113dienreizes laik\u0101. <\/span><span style=\"font-weight: 400;\">Nav ieteicams komponentu individu\u0101l\u0101s nepanesam\u012bbas gad\u012bjum\u0101.\u00a0<\/span><span style=\"font-weight: 400;\">Glab\u0101t b\u0113rniem nepieejam\u0101 viet\u0101! <\/span><span style=\"font-weight: 400;\">Nep\u0101rsniegt ieteicamo diennakts devu! <\/span><span style=\"font-weight: 400;\">Uzglab\u0101t ori\u0123in\u0101liepakojum\u0101, saus\u0101 viet\u0101, istabas temperat\u016br\u0101! <\/span><span style=\"font-weight: 400;\">Neizmantot uztura bag\u0101tin\u0101t\u0101ju pilnv\u0113rt\u012bga un sabalans\u0113ta uztura aizvieto\u0161anai!<\/span><\/p>\n<p><b>Ra\u017eot\u0101js:<\/b><span style=\"font-weight: 400;\"> SIA &#8220;Pharma Market Solutions&#8221;, Edinburgas pr.11-9, J\u016brmala, Latvija, LV-2015.<\/span><\/p>\n<p><a href=\"https:\/\/pakalpojumi.pvd.gov.lv\/lv\/supplements\/12749\"><b>Vair\u0101k par produktu <\/b>\u2192<\/a><\/p>\n<p>P\u0113rciet t\u016bl\u012bt tie\u0161saist\u0113 vietn\u0113 <a href=\"http:\/\/www.vissveselibai.lv\">www.vissveselibai.lv<\/a><\/p>\n","protected":false},"excerpt":{"rendered":"<p><strong>Uztura bag\u0101tin\u0101t\u0101js<\/strong><\/p>\n<p>Vitam\u012bnu komplekss gr\u016btniec\u0113m<\/p>\n<p>P\u0113rciet t\u016bl\u012bt tie\u0161saist\u0113 vietn\u0113 <a href=\"http:\/\/www.vissveselibai.lv\">www.vissveselibai.lv<\/a><\/p>\n","protected":false},"featured_media":2903,"comment_status":"open","ping_status":"closed","template":"","meta":[],"product_brand":[],"product_cat":[142,135,136,138],"product_tag":[157,202,205],"class_list":{"0":"post-2899","1":"product","2":"type-product","3":"status-publish","4":"has-post-thumbnail","6":"product_cat-beauty","7":"product_cat-general-health","8":"product_cat-immune-support","9":"product_cat-womens-health","10":"product_tag-general-health","11":"product_tag-imunitates-atbalsts","12":"product_tag-women","14":"first","15":"outofstock","16":"taxable","17":"shipping-taxable","18":"purchasable","19":"product-type-simple"},"_links":{"self":[{"href":"https:\/\/vissveselibai.lv\/en\/wp-json\/wp\/v2\/product\/2899","targetHints":{"allow":["GET"]}}],"collection":[{"href":"https:\/\/vissveselibai.lv\/en\/wp-json\/wp\/v2\/product"}],"about":[{"href":"https:\/\/vissveselibai.lv\/en\/wp-json\/wp\/v2\/types\/product"}],"replies":[{"embeddable":true,"href":"https:\/\/vissveselibai.lv\/en\/wp-json\/wp\/v2\/comments?post=2899"}],"wp:featuredmedia":[{"embeddable":true,"href":"https:\/\/vissveselibai.lv\/en\/wp-json\/wp\/v2\/media\/2903"}],"wp:attachment":[{"href":"https:\/\/vissveselibai.lv\/en\/wp-json\/wp\/v2\/media?parent=2899"}],"wp:term":[{"taxonomy":"product_brand","embeddable":true,"href":"https:\/\/vissveselibai.lv\/en\/wp-json\/wp\/v2\/product_brand?post=2899"},{"taxonomy":"product_cat","embeddable":true,"href":"https:\/\/vissveselibai.lv\/en\/wp-json\/wp\/v2\/product_cat?post=2899"},{"taxonomy":"product_tag","embeddable":true,"href":"https:\/\/vissveselibai.lv\/en\/wp-json\/wp\/v2\/product_tag?post=2899"}],"curies":[{"name":"wp","href":"https:\/\/api.w.org\/{rel}","templated":true}]}}