{"id":2910,"date":"2025-05-07T11:52:09","date_gmt":"2025-05-07T11:52:09","guid":{"rendered":"https:\/\/vissveselibai.lv\/?post_type=product&#038;p=2910"},"modified":"2025-07-18T12:13:35","modified_gmt":"2025-07-18T12:13:35","slug":"cinks-25-mg","status":"publish","type":"product","link":"https:\/\/vissveselibai.lv\/en\/product\/cinks-25-mg\/","title":{"rendered":"CINKS  25 mg\/Zinc 25mg  60  tabletes"},"content":{"rendered":"<p>Uztura bag\u0101tin\u0101t\u0101js<\/p>\n<p>60 tabletes<\/p>\n<p><strong>Neto masa:<\/strong> 45,0 g<\/p>\n<p><strong>Sast\u0101vda\u013cas:<\/strong> apjoma palielin\u0101t\u0101ji: dikalcija fosf\u0101ts, mikrokrist\u0101lisk\u0101 celuloze; cinka glikon\u0101ts, pretsalipes vielas: tauksk\u0101bju magnija s\u0101\u013ci, sil\u012bcija dioks\u012bds.<\/p>\n<table border=\"1\">\n<tbody>\n<tr>\n<td><strong>Satur<\/strong><\/td>\n<td><strong>1 tablete<\/strong><\/td>\n<\/tr>\n<tr>\n<td>Cinks<\/td>\n<td>25 mg (250% no NRV*)<\/td>\n<\/tr>\n<\/tbody>\n<\/table>\n<p>*NRV \u2013 uzturvielu atsauces v\u0113rt\u012bba<\/p>\n<p><strong>Lieto\u0161ana:<\/strong> pieaugu\u0161ajiem 1 tablete dien\u0101\u00a0 \u0113\u0161anas laik\u0101. Glab\u0101t b\u0113rniem nepieejam\u0101 viet\u0101! Nep\u0101rsniegt ieteicamo diennakts devu! Uzglab\u0101t ori\u0123in\u0101liepakojum\u0101, saus\u0101 viet\u0101, istabas temperat\u016br\u0101! Neizmantot uztura bag\u0101tin\u0101t\u0101ju pilnv\u0113rt\u012bga un sabalans\u0113ta uztura aizvieto\u0161anai! Nav ieteicams komponentu individu\u0101l\u0101s nepanesam\u012bbas gad\u012bjum\u0101, sieviet\u0113m gr\u016btniec\u012bbas un b\u0113rna z\u012bd\u012b\u0161anas laik\u0101.<\/p>\n<p><strong>Ra\u017eot\u0101js:<\/strong> Pharma Market Solutions SIA, Edinburgas pr. 11-9, J\u016brmala, Latvija.<\/p>\n<p><a href=\"https:\/\/pakalpojumi.pvd.gov.lv\/lv\/supplements\/7225\"><b>Vair\u0101k par produktu <\/b>\u2192<\/a><\/p>\n<p>P\u0113rciet t\u016bl\u012bt tie\u0161saist\u0113 vietn\u0113 <a href=\"http:\/\/www.vissveselibai.lv\">www.vissveselibai.lv<\/a><\/p>\n","protected":false},"excerpt":{"rendered":"<p><strong>Uztura bag\u0101tin\u0101t\u0101js<\/strong><\/p>\n<p>Cinks veicina norm\u0101lu DNS sint\u0113zi. \u00a0Cinks veicina norm\u0101lu augl\u012bbu un reprodukciju. Cinks veicina norm\u0101lu olbaltumvielu sint\u0113zi. Cinks pal\u012bdz uztur\u0113t kaulu, nagu, \u0101das un matu vesel\u012bbu. Cinks pal\u012bdz uztur\u0113t norm\u0101lu testosterona l\u012bmeni asin\u012bs. Cinks pal\u012bdz uztur\u0113t norm\u0101lu redzi.<\/p>\n<p>P\u0113rciet t\u016bl\u012bt tie\u0161saist\u0113 vietn\u0113 <a href=\"http:\/\/www.vissveselibai.lv\">www.vissveselibai.lv<\/a><\/p>\n<p>&nbsp;<\/p>\n","protected":false},"featured_media":2911,"comment_status":"open","ping_status":"closed","template":"","meta":[],"product_brand":[],"product_cat":[142,132,135,136,137,138],"product_tag":[157,202],"class_list":{"0":"post-2910","1":"product","2":"type-product","3":"status-publish","4":"has-post-thumbnail","6":"product_cat-beauty","7":"product_cat-bone-joins","8":"product_cat-general-health","9":"product_cat-immune-support","10":"product_cat-mens-health","11":"product_cat-womens-health","12":"product_tag-general-health","13":"product_tag-imunitates-atbalsts","15":"first","16":"instock","17":"taxable","18":"shipping-taxable","19":"purchasable","20":"product-type-simple"},"_links":{"self":[{"href":"https:\/\/vissveselibai.lv\/en\/wp-json\/wp\/v2\/product\/2910","targetHints":{"allow":["GET"]}}],"collection":[{"href":"https:\/\/vissveselibai.lv\/en\/wp-json\/wp\/v2\/product"}],"about":[{"href":"https:\/\/vissveselibai.lv\/en\/wp-json\/wp\/v2\/types\/product"}],"replies":[{"embeddable":true,"href":"https:\/\/vissveselibai.lv\/en\/wp-json\/wp\/v2\/comments?post=2910"}],"wp:featuredmedia":[{"embeddable":true,"href":"https:\/\/vissveselibai.lv\/en\/wp-json\/wp\/v2\/media\/2911"}],"wp:attachment":[{"href":"https:\/\/vissveselibai.lv\/en\/wp-json\/wp\/v2\/media?parent=2910"}],"wp:term":[{"taxonomy":"product_brand","embeddable":true,"href":"https:\/\/vissveselibai.lv\/en\/wp-json\/wp\/v2\/product_brand?post=2910"},{"taxonomy":"product_cat","embeddable":true,"href":"https:\/\/vissveselibai.lv\/en\/wp-json\/wp\/v2\/product_cat?post=2910"},{"taxonomy":"product_tag","embeddable":true,"href":"https:\/\/vissveselibai.lv\/en\/wp-json\/wp\/v2\/product_tag?post=2910"}],"curies":[{"name":"wp","href":"https:\/\/api.w.org\/{rel}","templated":true}]}}