{"id":2922,"date":"2025-05-07T12:38:02","date_gmt":"2025-05-07T12:38:02","guid":{"rendered":"https:\/\/vissveselibai.lv\/?post_type=product&#038;p=2922"},"modified":"2025-11-28T09:22:35","modified_gmt":"2025-11-28T09:22:35","slug":"kolagena-peptidi","status":"publish","type":"product","link":"https:\/\/vissveselibai.lv\/en\/product\/kolagena-peptidi\/","title":{"rendered":"KOLAG\u0112NA PEPT\u012aDI\/Collagen Peptides pulveris"},"content":{"rendered":"<p>Uztura\u00a0bag\u0101tin\u0101t\u0101js<\/p>\n<p><strong>Neto masa:<\/strong> 300 g<\/p>\n<p><strong>Sast\u0101vda\u013cas:<\/strong>\u00a0liellopu kolag\u0113na pept\u012bdi<\/p>\n<table border=\"1\">\n<tbody>\n<tr>\n<td><strong>Satur<\/strong><\/td>\n<td><strong>1 porcija (10 g) <\/strong><\/td>\n<\/tr>\n<tr>\n<td>Liellopu kolag\u0113na pept\u012bdi<\/td>\n<td>10000mg<\/td>\n<\/tr>\n<\/tbody>\n<\/table>\n<p><strong>Lieto\u0161ana<\/strong>: pieaugu\u0161ajiem 10 grami (2 m\u0113rkarotes*) dien\u0101. Iz\u0161\u0137\u012bdina 200 ml \u016bdens.<\/p>\n<p>*M\u0113rkaroti var atrast iepakojum\u0101.<\/p>\n<p>Nav ieteicams komponentu individu\u0101l\u0101s nepanesam\u012bbas gad\u012bjum\u0101, sieviet\u0113m gr\u016btniec\u012bbas un b\u0113rna z\u012bd\u012b\u0161anas laik\u0101. Glab\u0101t b\u0113rniem nepieejam\u0101 viet\u0101! Nep\u0101rsniegt ieteicamo diennakts devu! Uzglab\u0101t ori\u0123in\u0101liepakojum\u0101, saus\u0101 viet\u0101, istabas temperat\u016br\u0101! Neizmantot uztura bag\u0101tin\u0101t\u0101ju pilnv\u0113rt\u012bga un sabalans\u0113ta uztura aizvieto\u0161anai!<\/p>\n<p><strong>Ra\u017eot\u0101js:<\/strong> SIA &#8220;Pharma Market Solutions&#8221;, Edinburgas pr.11-9, J\u016brmala, Latvija, LV-2015.<\/p>\n<p><a href=\"https:\/\/pakalpojumi.pvd.gov.lv\/lv\/supplements\/14032\"><b>Vair\u0101k par produktu <\/b>\u2192<\/a><\/p>\n<p>P\u0113rciet t\u016bl\u012bt tie\u0161saist\u0113 vietn\u0113 <a href=\"http:\/\/www.vissveselibai.lv\">www.vissveselibai.lv<\/a><\/p>\n","protected":false},"excerpt":{"rendered":"<p><strong>Uztura\u00a0bag\u0101tin\u0101t\u0101js<\/strong><\/p>\n<p>Bez \u0122MO. Nesatur glut\u0113nu.<\/p>\n<p>P\u0113rciet t\u016bl\u012bt tie\u0161saist\u0113 vietn\u0113 <a href=\"http:\/\/www.vissveselibai.lv\">www.vissveselibai.lv<\/a><\/p>\n<p>&nbsp;<\/p>\n","protected":false},"featured_media":2923,"comment_status":"open","ping_status":"closed","template":"","meta":[],"product_brand":[],"product_cat":[142,132,138],"product_tag":[178,187,172,179,144,205],"class_list":{"0":"post-2922","1":"product","2":"type-product","3":"status-publish","4":"has-post-thumbnail","6":"product_cat-beauty","7":"product_cat-bone-joins","8":"product_cat-womens-health","9":"product_tag-adas-elastiba","10":"product_tag-adas-veseliba","11":"product_tag-beauty","12":"product_tag-locitavu-veseliba","13":"product_tag-new","14":"product_tag-women","16":"first","17":"instock","18":"sale","19":"taxable","20":"shipping-taxable","21":"purchasable","22":"product-type-simple"},"_links":{"self":[{"href":"https:\/\/vissveselibai.lv\/en\/wp-json\/wp\/v2\/product\/2922","targetHints":{"allow":["GET"]}}],"collection":[{"href":"https:\/\/vissveselibai.lv\/en\/wp-json\/wp\/v2\/product"}],"about":[{"href":"https:\/\/vissveselibai.lv\/en\/wp-json\/wp\/v2\/types\/product"}],"replies":[{"embeddable":true,"href":"https:\/\/vissveselibai.lv\/en\/wp-json\/wp\/v2\/comments?post=2922"}],"wp:featuredmedia":[{"embeddable":true,"href":"https:\/\/vissveselibai.lv\/en\/wp-json\/wp\/v2\/media\/2923"}],"wp:attachment":[{"href":"https:\/\/vissveselibai.lv\/en\/wp-json\/wp\/v2\/media?parent=2922"}],"wp:term":[{"taxonomy":"product_brand","embeddable":true,"href":"https:\/\/vissveselibai.lv\/en\/wp-json\/wp\/v2\/product_brand?post=2922"},{"taxonomy":"product_cat","embeddable":true,"href":"https:\/\/vissveselibai.lv\/en\/wp-json\/wp\/v2\/product_cat?post=2922"},{"taxonomy":"product_tag","embeddable":true,"href":"https:\/\/vissveselibai.lv\/en\/wp-json\/wp\/v2\/product_tag?post=2922"}],"curies":[{"name":"wp","href":"https:\/\/api.w.org\/{rel}","templated":true}]}}