{"id":2934,"date":"2025-05-07T13:30:40","date_gmt":"2025-05-07T13:30:40","guid":{"rendered":"https:\/\/vissveselibai.lv\/?post_type=product&#038;p=2934"},"modified":"2025-11-28T09:21:39","modified_gmt":"2025-11-28T09:21:39","slug":"slim","status":"publish","type":"product","link":"https:\/\/vissveselibai.lv\/en\/product\/slim\/","title":{"rendered":"SLIM veg\u0101niskas tabletes"},"content":{"rendered":"<p>Uztura bag\u0101tin\u0101t\u0101js<\/p>\n<p>60 kapsulas<\/p>\n<p><strong>Neto masa:<\/strong> 37,2 g<\/p>\n<p><strong>Sast\u0101vda\u013cas:<\/strong>\u00a0apjoma palielin\u0101t\u0101js: dikalcija fosf\u0101ts; ave\u0146u (Rubus idaeus) aug\u013cu ekstrakts, kapsulas apvalks: hidroksipropilmetilceluloze; nikot\u012bnam\u012bds, za\u013c\u0101s t\u0113jas (Camellia sinensis) lapu ekstrakts, guar\u0101nas (Paullinia cupana) s\u0113klu ekstrakts (kofe\u012bna saturs \u2013 1mg), pretsalipes vielas: tauksk\u0101bju magnija s\u0101\u013ci, sil\u012bcija dioks\u012bds; apjoma palielin\u0101t\u0101js: mikrokrist\u0101lisk\u0101 celuloze; N-acetil-L-karnit\u012bns.<\/p>\n<table border=\"1\">\n<tbody>\n<tr>\n<td><strong>Satur<\/strong><\/td>\n<td><strong>1 kapsula <\/strong><strong>(% no NRV*)<\/strong><\/td>\n<\/tr>\n<tr>\n<td>Vitam\u012bns B3(niac\u012bns)<\/td>\n<td>16 mg NE (100%)<\/td>\n<\/tr>\n<tr>\n<td>Ave\u0146u (<em>Rubus idaeus<\/em>) aug\u013cu ekstrakts 10:1<\/td>\n<td>150 mg (atbilst 1500 mg auga drogas)<\/td>\n<\/tr>\n<tr>\n<td>Za\u013c\u0101s t\u0113jas (<em>Camellia sinensis<\/em>) lapu ekstrakts 4:1<\/td>\n<td>10 mg (atbilst 40 mg auga drogas)<\/td>\n<\/tr>\n<tr>\n<td>Guar\u0101nas (<em>Paullinia cupana<\/em>) s\u0113klu ekstrakts 4:1<\/td>\n<td>10 mg (atbilst 40 mg auga drogas)<\/td>\n<\/tr>\n<tr>\n<td>N-acetil-L-karnit\u012bns<\/td>\n<td>2 mg<\/td>\n<\/tr>\n<\/tbody>\n<\/table>\n<p>*NRV- uzturvielu atsauces v\u0113rt\u012bba<\/p>\n<p><strong>Lieto\u0161ana<\/strong>: pieaugu\u0161ajiem 1 kapsula dien\u0101. Lieto\u0161anas ilgums 30 dienas. Nav ieteicams komponentu individu\u0101l\u0101s nepanesam\u012bbas gad\u012bjum\u0101, sieviet\u0113m gr\u016btniec\u012bbas un b\u0113rna z\u012bd\u012b\u0161anas laik\u0101. Glab\u0101t b\u0113rniem nepieejam\u0101 viet\u0101! Nep\u0101rsniegt ieteicamo diennakts devu! Uzglab\u0101t ori\u0123in\u0101liepakojum\u0101, saus\u0101 viet\u0101, istabas temperat\u016br\u0101! Neizmantot uztura bag\u0101tin\u0101t\u0101ju pilnv\u0113rt\u012bga un sabalans\u0113ta uztura aizvieto\u0161anai!<\/p>\n<p><strong>Ra\u017eot\u0101js:<\/strong> SIA &#8220;Pharma Market Solutions&#8221;, Edinburgas pr.11-9, J\u016brmala, LV-2015.<\/p>\n<p><a href=\"https:\/\/pakalpojumi.pvd.gov.lv\/lv\/supplements\/13483\"><b>Vair\u0101k par produktu <\/b>\u2192<\/a><\/p>\n<p>P\u0113rciet t\u016bl\u012bt tie\u0161saist\u0113 vietn\u0113 <a href=\"http:\/\/www.vissveselibai.lv\">www.vissveselibai.lv<\/a><\/p>\n","protected":false},"excerpt":{"rendered":"<p><strong>Uztura bag\u0101tin\u0101t\u0101js<\/strong><\/p>\n<p>Slim Herb&#8217;s<\/p>\n<p>Ar guar\u0101nas, za\u013c\u0101s t\u0113jas ekstraktiem un N-acetil-L-karnit\u012bnu.\u00a0Guar\u0101na veicina tauku metabolismu un pal\u012bdz kontrol\u0113t svaru. Satur kofe\u012bnu. Nav ieteicams b\u0113rniem un gr\u016btniec\u0113m (1 kapsula satur 1 mg kofe\u012bna).<\/p>\n<p>P\u0113rciet t\u016bl\u012bt tie\u0161saist\u0113 vietn\u0113 <a href=\"http:\/\/www.vissveselibai.lv\">www.vissveselibai.lv<\/a><\/p>\n","protected":false},"featured_media":2935,"comment_status":"open","ping_status":"closed","template":"","meta":[],"product_brand":[],"product_cat":[142,135,138],"product_tag":[195],"class_list":{"0":"post-2934","1":"product","2":"type-product","3":"status-publish","4":"has-post-thumbnail","6":"product_cat-beauty","7":"product_cat-general-health","8":"product_cat-womens-health","9":"product_tag-dabigs-tauku-dedzinatajs","11":"first","12":"instock","13":"sale","14":"taxable","15":"shipping-taxable","16":"purchasable","17":"product-type-simple"},"_links":{"self":[{"href":"https:\/\/vissveselibai.lv\/en\/wp-json\/wp\/v2\/product\/2934","targetHints":{"allow":["GET"]}}],"collection":[{"href":"https:\/\/vissveselibai.lv\/en\/wp-json\/wp\/v2\/product"}],"about":[{"href":"https:\/\/vissveselibai.lv\/en\/wp-json\/wp\/v2\/types\/product"}],"replies":[{"embeddable":true,"href":"https:\/\/vissveselibai.lv\/en\/wp-json\/wp\/v2\/comments?post=2934"}],"wp:featuredmedia":[{"embeddable":true,"href":"https:\/\/vissveselibai.lv\/en\/wp-json\/wp\/v2\/media\/2935"}],"wp:attachment":[{"href":"https:\/\/vissveselibai.lv\/en\/wp-json\/wp\/v2\/media?parent=2934"}],"wp:term":[{"taxonomy":"product_brand","embeddable":true,"href":"https:\/\/vissveselibai.lv\/en\/wp-json\/wp\/v2\/product_brand?post=2934"},{"taxonomy":"product_cat","embeddable":true,"href":"https:\/\/vissveselibai.lv\/en\/wp-json\/wp\/v2\/product_cat?post=2934"},{"taxonomy":"product_tag","embeddable":true,"href":"https:\/\/vissveselibai.lv\/en\/wp-json\/wp\/v2\/product_tag?post=2934"}],"curies":[{"name":"wp","href":"https:\/\/api.w.org\/{rel}","templated":true}]}}