{"id":2943,"date":"2025-05-07T13:54:39","date_gmt":"2025-05-07T13:54:39","guid":{"rendered":"https:\/\/vissveselibai.lv\/?post_type=product&#038;p=2943"},"modified":"2025-11-28T09:21:13","modified_gmt":"2025-11-28T09:21:13","slug":"b-vitaminu-komplekss","status":"publish","type":"product","link":"https:\/\/vissveselibai.lv\/en\/product\/b-vitaminu-komplekss\/","title":{"rendered":"B VITAM\u012aNU KOMPLEKSS tabletes"},"content":{"rendered":"<p>Uztura bag\u0101tin\u0101t\u0101js<\/p>\n<p>30 tabletes<\/p>\n<p><strong>Neto masa:<\/strong> 5,7 g<\/p>\n<p><strong>Sast\u0101vda\u013cas:<\/strong>\u00a0apjoma palielin\u0101t\u0101ji: dikalcija fosf\u0101ts, mikrokrist\u0101lisk\u0101 celuloze; paraaminobenzosk\u0101be, nikot\u012bnam\u012bds, kalcija D-pantoten\u0101ts, pretsalipes vielas: tauksk\u0101bju magnija s\u0101\u013ci, sil\u012bcija dioks\u012bds; piridoks\u012bna hidrohlor\u012bds, riboflav\u012bns, tiam\u012bna hidrohlor\u012bds, glaz\u0113t\u0101jviela: hidroksipropilmetilceluloze; folijsk\u0101be, D-biot\u012bns, ci\u0101nkobalam\u012bns.<\/p>\n<table border=\"1\">\n<tbody>\n<tr>\n<td><strong>Satur<\/strong><\/td>\n<td><strong>1 tablete <\/strong><strong>(% no NRV*)<\/strong><\/td>\n<\/tr>\n<tr>\n<td>Vitam\u012bns B1 (tiam\u012bns)<\/td>\n<td>1,4mg (127,3%)<\/td>\n<\/tr>\n<tr>\n<td>Vitam\u012bns B2 (riboflav\u012bns)<\/td>\n<td>1,6mg (114,3%)<\/td>\n<\/tr>\n<tr>\n<td>Vitam\u012bns B3 (niac\u012bns)<\/td>\n<td>18mg NE (112,5%)<\/td>\n<\/tr>\n<tr>\n<td>Vitam\u012bns B5 (pantot\u0113nsk\u0101be)<\/td>\n<td>6mg (100%)<\/td>\n<\/tr>\n<tr>\n<td>Vitam\u012bns B6<\/td>\n<td>2mg (142,9%)<\/td>\n<\/tr>\n<tr>\n<td>Biot\u012bns (Vitam\u012bns B7\/H)<\/td>\n<td>150\u03bcg (300%)<\/td>\n<\/tr>\n<tr>\n<td>Folijsk\u0101be<\/td>\n<td>200\u03bcg (100%)<\/td>\n<\/tr>\n<tr>\n<td>Vitam\u012bns B12<\/td>\n<td>1\u03bcg (40%)<\/td>\n<\/tr>\n<tr>\n<td>PABA<\/td>\n<td>31,5mg<\/td>\n<\/tr>\n<\/tbody>\n<\/table>\n<p>*NRV- uzturvielu atsauces v\u0113rt\u012bba<\/p>\n<p><strong>Lieto\u0161ana<\/strong>: pieaugu\u0161ajiem 1 tablete dien\u0101. Lieto\u0161anas ilgums 30 dienas. Nav ieteicams komponentu individu\u0101l\u0101s nepanesam\u012bbas gad\u012bjum\u0101, sieviet\u0113m gr\u016btniec\u012bbas un b\u0113rna z\u012bd\u012b\u0161anas laik\u0101. Glab\u0101t b\u0113rniem nepieejam\u0101 viet\u0101! Nep\u0101rsniegt ieteicamo diennakts devu! Uzglab\u0101t ori\u0123in\u0101liepakojum\u0101, saus\u0101 viet\u0101, istabas temperat\u016br\u0101! Neizmantot uztura bag\u0101tin\u0101t\u0101ju pilnv\u0113rt\u012bga un sabalans\u0113ta uztura aizvieto\u0161anai!<\/p>\n<p><strong>Ra\u017eot\u0101js:<\/strong> SIA &#8220;Pharma Market Solutions&#8221;, Edinburgas pr.11-9, J\u016brmala, Latvija, LV-2015.<\/p>\n<p><a href=\"https:\/\/pakalpojumi.pvd.gov.lv\/lv\/supplements\/13485\"><b>Vair\u0101k par produktu <\/b>\u2192<\/a><\/p>\n<p>P\u0113rciet t\u016bl\u012bt tie\u0161saist\u0113 vietn\u0113 <a href=\"http:\/\/www.vissveselibai.lv\">www.vissveselibai.lv<\/a><\/p>\n","protected":false},"excerpt":{"rendered":"<p><strong>Uztura bag\u0101tin\u0101t\u0101js<\/strong><\/p>\n<p>Bez \u0122MO. Nesatur glut\u0113nu. Piem\u0113rots veg\u0101niem<\/p>\n<p>P\u0113rciet t\u016bl\u012bt tie\u0161saist\u0113 vietn\u0113 <a href=\"http:\/\/www.vissveselibai.lv\">www.vissveselibai.lv<\/a><\/p>\n","protected":false},"featured_media":2944,"comment_status":"open","ping_status":"closed","template":"","meta":[],"product_brand":[],"product_cat":[142,135,136,138],"product_tag":[117,157,144],"class_list":{"0":"post-2943","1":"product","2":"type-product","3":"status-publish","4":"has-post-thumbnail","6":"product_cat-beauty","7":"product_cat-general-health","8":"product_cat-immune-support","9":"product_cat-womens-health","10":"product_tag-bestseller","11":"product_tag-general-health","12":"product_tag-new","14":"first","15":"instock","16":"sale","17":"taxable","18":"shipping-taxable","19":"purchasable","20":"product-type-simple"},"_links":{"self":[{"href":"https:\/\/vissveselibai.lv\/en\/wp-json\/wp\/v2\/product\/2943","targetHints":{"allow":["GET"]}}],"collection":[{"href":"https:\/\/vissveselibai.lv\/en\/wp-json\/wp\/v2\/product"}],"about":[{"href":"https:\/\/vissveselibai.lv\/en\/wp-json\/wp\/v2\/types\/product"}],"replies":[{"embeddable":true,"href":"https:\/\/vissveselibai.lv\/en\/wp-json\/wp\/v2\/comments?post=2943"}],"wp:featuredmedia":[{"embeddable":true,"href":"https:\/\/vissveselibai.lv\/en\/wp-json\/wp\/v2\/media\/2944"}],"wp:attachment":[{"href":"https:\/\/vissveselibai.lv\/en\/wp-json\/wp\/v2\/media?parent=2943"}],"wp:term":[{"taxonomy":"product_brand","embeddable":true,"href":"https:\/\/vissveselibai.lv\/en\/wp-json\/wp\/v2\/product_brand?post=2943"},{"taxonomy":"product_cat","embeddable":true,"href":"https:\/\/vissveselibai.lv\/en\/wp-json\/wp\/v2\/product_cat?post=2943"},{"taxonomy":"product_tag","embeddable":true,"href":"https:\/\/vissveselibai.lv\/en\/wp-json\/wp\/v2\/product_tag?post=2943"}],"curies":[{"name":"wp","href":"https:\/\/api.w.org\/{rel}","templated":true}]}}