{"id":2963,"date":"2025-05-08T10:27:58","date_gmt":"2025-05-08T10:27:58","guid":{"rendered":"https:\/\/vissveselibai.lv\/?post_type=product&#038;p=2963"},"modified":"2025-11-21T09:28:18","modified_gmt":"2025-11-21T09:28:18","slug":"tribulus-terrestris","status":"publish","type":"product","link":"https:\/\/vissveselibai.lv\/en\/product\/tribulus-terrestris\/","title":{"rendered":"TRIBULUS TERRESTRIS kapsulas"},"content":{"rendered":"<p>Uztura bag\u0101tin\u0101t\u0101js ar tribu\u013cu ekstraktu.<\/p>\n<p>30 kapsulas<\/p>\n<p><strong>Neto masa:<\/strong> 19,2 g<\/p>\n<p><strong>Sast\u0101vda\u013cas:<\/strong>\u00a0tribu\u013ca (Tribulis Terrestris) aug\u013cu ekstrakts, kapsulas apvalks: hidroksipropilmetilceluloze; apjoma palielin\u0101t\u0101ji: mikrokrist\u0101lisk\u0101 celuloze, dikalcija fosf\u0101ts; pretsalipes vielas: tauksk\u0101bju magnija s\u0101\u013ci, sil\u012bcija dioks\u012bds.<\/p>\n<table border=\"1\">\n<tbody>\n<tr>\n<td><strong>Satur<\/strong><\/td>\n<td><strong>1 kapsula<\/strong><\/td>\n<\/tr>\n<tr>\n<td>Tribulus Terrestris (90% Sapon\u012bni) aug\u013cu ekstrakts 15:1<\/p>\n<p>t.sk. sapon\u012bni<\/td>\n<td>193,3mg (atbilst 2900 mg auga\u00a0 drogas)<\/p>\n<p>174mg<\/td>\n<\/tr>\n<\/tbody>\n<\/table>\n<p><strong>Lieto\u0161ana<\/strong>: pieaugu\u0161ajiem 1 kapsula dien\u0101. Lieto\u0161anas ilgums 30 dienas. Nav ieteicams komponentu individu\u0101l\u0101s nepanesam\u012bbas gad\u012bjum\u0101, sieviet\u0113m gr\u016btniec\u012bbas un b\u0113rna z\u012bd\u012b\u0161anas laik\u0101. Glab\u0101t b\u0113rniem nepieejam\u0101 viet\u0101! Nep\u0101rsniegt ieteicamo diennakts devu! Uzglab\u0101t ori\u0123in\u0101liepakojum\u0101, saus\u0101 viet\u0101, istabas temperat\u016br\u0101! Neizmantot uztura bag\u0101tin\u0101t\u0101ju pilnv\u0113rt\u012bga un sabalans\u0113ta uztura aizvieto\u0161anai!<\/p>\n<p><strong>Ra\u017eot\u0101js:<\/strong> SIA &#8220;Pharma Market Solutions&#8221;, Edinburgas pr.11-9, J\u016brmala, Latvija, LV-2015.<\/p>\n<p><a href=\"https:\/\/pakalpojumi.pvd.gov.lv\/lv\/supplements\/13421\"><b>Vair\u0101k par produktu <\/b>\u2192<\/a><\/p>\n<p>P\u0113rciet t\u016bl\u012bt tie\u0161saist\u0113 vietn\u0113 <a href=\"http:\/\/www.vissveselibai.lv\">www.vissveselibai.lv<\/a><\/p>\n","protected":false},"excerpt":{"rendered":"<p>Uztura bag\u0101tin\u0101t\u0101js ar tribu\u013cu ekstraktu.<\/p>\n<p>Bez \u0122MO. Nesatur glut\u0113nu. Piem\u0113rots veg\u0101niem<\/p>\n<p>P\u0113rciet t\u016bl\u012bt tie\u0161saist\u0113 vietn\u0113 <a href=\"http:\/\/www.vissveselibai.lv\">www.vissveselibai.lv<\/a><\/p>\n","protected":false},"featured_media":2964,"comment_status":"open","ping_status":"closed","template":"","meta":[],"product_brand":[],"product_cat":[135,137],"product_tag":[215,214,216],"class_list":{"0":"post-2963","1":"product","2":"type-product","3":"status-publish","4":"has-post-thumbnail","6":"product_cat-general-health","7":"product_cat-mens-health","8":"product_tag-ibido-un-potenci-atbalsts","9":"product_tag-testosterona-limena-paaugstinasana","10":"product_tag-viriesu-veseliba","12":"first","13":"instock","14":"taxable","15":"shipping-taxable","16":"purchasable","17":"product-type-simple"},"_links":{"self":[{"href":"https:\/\/vissveselibai.lv\/en\/wp-json\/wp\/v2\/product\/2963","targetHints":{"allow":["GET"]}}],"collection":[{"href":"https:\/\/vissveselibai.lv\/en\/wp-json\/wp\/v2\/product"}],"about":[{"href":"https:\/\/vissveselibai.lv\/en\/wp-json\/wp\/v2\/types\/product"}],"replies":[{"embeddable":true,"href":"https:\/\/vissveselibai.lv\/en\/wp-json\/wp\/v2\/comments?post=2963"}],"wp:featuredmedia":[{"embeddable":true,"href":"https:\/\/vissveselibai.lv\/en\/wp-json\/wp\/v2\/media\/2964"}],"wp:attachment":[{"href":"https:\/\/vissveselibai.lv\/en\/wp-json\/wp\/v2\/media?parent=2963"}],"wp:term":[{"taxonomy":"product_brand","embeddable":true,"href":"https:\/\/vissveselibai.lv\/en\/wp-json\/wp\/v2\/product_brand?post=2963"},{"taxonomy":"product_cat","embeddable":true,"href":"https:\/\/vissveselibai.lv\/en\/wp-json\/wp\/v2\/product_cat?post=2963"},{"taxonomy":"product_tag","embeddable":true,"href":"https:\/\/vissveselibai.lv\/en\/wp-json\/wp\/v2\/product_tag?post=2963"}],"curies":[{"name":"wp","href":"https:\/\/api.w.org\/{rel}","templated":true}]}}