{"id":2967,"date":"2025-05-08T10:46:31","date_gmt":"2025-05-08T10:46:31","guid":{"rendered":"https:\/\/vissveselibai.lv\/?post_type=product&#038;p=2967"},"modified":"2025-11-28T09:20:46","modified_gmt":"2025-11-28T09:20:46","slug":"urimax","status":"publish","type":"product","link":"https:\/\/vissveselibai.lv\/en\/product\/urimax\/","title":{"rendered":"URIMAX\u2122 Veg\u0101niskas tabletes"},"content":{"rendered":"<p>Uztura\u00a0bag\u0101tin\u0101t\u0101js ar augu ekstraktiem<\/p>\n<p>30 tabletes<\/p>\n<p><strong>Neto\u00a0masa:<\/strong> 30,75 g<\/p>\n<p><strong>Sast\u0101vda\u013cas:<\/strong>\u00a0apjoma palielin\u0101t\u0101js: mikrokrist\u0101lisk\u0101 celuloze; b\u0113rzu (<em>Betula pendula<\/em>) lapu ekstrakts 10:1, dz\u0113rve\u0146u (<em>Vaccinium macrocarpon Aiton.<\/em>) ogu ekstrakts 50:1, miltenes (<em>Arctostaphylos <\/em><em>uva-ursi<\/em>) lapu ekstrakts 10:1, br\u016bkle\u0146u (<em>Vaccinium vitis-idaea<\/em>) ogu ekstrakts 10:1, n\u0101tres (<em>Urtica dioica<\/em>) sak\u0146u ekstrakts 10:1, pretsalipes vielas: tauksk\u0101bju magnija s\u0101\u013ci, sil\u012bcija dioks\u012bds; glaz\u0113t\u0101jviela: polivinilspirts.<\/p>\n<table border=\"1\">\n<tbody>\n<tr>\n<td>Satur<\/td>\n<td>1 tablete<\/td>\n<\/tr>\n<tr>\n<td>B\u0113rzu (<em>Betula pendula<\/em>) lapu ekstrakts 10:1<\/td>\n<td>100 mg (atbilst 1000 mg auga lapu drogas)<\/td>\n<\/tr>\n<tr>\n<td>Dz\u0113rve\u0146u (<em>Vaccinium macrocarpon Aiton.<\/em>) ogu ekstrakts 50:1<\/td>\n<td>100 mg (atbilst 5000 mg auga\u00a0 drogas)<\/td>\n<\/tr>\n<tr>\n<td>Miltenes (<em>Arctostaphylos <\/em><em>uva-ursi<\/em>) lapu ekstrakts 10:1<\/td>\n<td>100 mg (atbilst 1000 mg auga lapu drogas)<\/td>\n<\/tr>\n<tr>\n<td>Br\u016bkle\u0146u (<em>Vaccinium vitis-idaea<\/em>) ogu ekstrakts 10:1<\/td>\n<td>100 mg (atbilst 1000 mg auga ogu drogas)<\/td>\n<\/tr>\n<tr>\n<td>N\u0101tres (<em>Urtica dioica<\/em>) sak\u0146u ekstrakts 10:1<\/td>\n<td>100 mg (atbilst 1000 mg auga drogas)<\/td>\n<\/tr>\n<\/tbody>\n<\/table>\n<p><strong>Lieto\u0161ana<\/strong>: pieaugu\u0161ajiem 1 tablete dien\u0101. Lieto\u0161anas ilgums 30 dienas. Nav ieteicams komponentu individu\u0101l\u0101s nepanesam\u012bbas gad\u012bjum\u0101, sieviet\u0113m gr\u016btniec\u012bbas un b\u0113rna z\u012bd\u012b\u0161anas laik\u0101. Glab\u0101t b\u0113rniem nepieejam\u0101 viet\u0101! Nep\u0101rsniegt ieteicamo diennakts devu! Uzglab\u0101t ori\u0123in\u0101liepakojum\u0101, saus\u0101 viet\u0101, istabas temperat\u016br\u0101! Neizmantot uztura bag\u0101tin\u0101t\u0101ju pilnv\u0113rt\u012bga un sabalans\u0113ta uztura aizvieto\u0161anai!<\/p>\n<p><strong>Ra\u017eot\u0101js:<\/strong> SIA \u201cPharma Market Solutions\u201d, Kargo k-1, M\u0101rupe, M\u0101rupes novads, Latvija, LV-2167.<\/p>\n<p><a href=\"https:\/\/pakalpojumi.pvd.gov.lv\/lv\/supplements\/15107\"><b>Vair\u0101k par produktu <\/b>\u2192<\/a><\/p>\n<p>P\u0113rciet t\u016bl\u012bt tie\u0161saist\u0113 vietn\u0113 <a href=\"http:\/\/www.vissveselibai.lv\">www.vissveselibai.lv<\/a><\/p>\n","protected":false},"excerpt":{"rendered":"<p><strong>Uztura\u00a0bag\u0101tin\u0101t\u0101js ar augu ekstraktiem<\/strong><\/p>\n<p>Bez \u0122MO. Nesatur glut\u0113nu. Piem\u0113rots veg\u0101niem<\/p>\n<p>P\u0113rciet t\u016bl\u012bt tie\u0161saist\u0113 vietn\u0113 <a href=\"http:\/\/www.vissveselibai.lv\">www.vissveselibai.lv<\/a><\/p>\n","protected":false},"featured_media":2968,"comment_status":"open","ping_status":"closed","template":"","meta":[],"product_brand":[],"product_cat":[135,137,138],"product_tag":[117,144,159],"class_list":{"0":"post-2967","1":"product","2":"type-product","3":"status-publish","4":"has-post-thumbnail","6":"product_cat-general-health","7":"product_cat-mens-health","8":"product_cat-womens-health","9":"product_tag-bestseller","10":"product_tag-new","11":"product_tag-urincelu-veseliba","13":"first","14":"instock","15":"sale","16":"taxable","17":"shipping-taxable","18":"purchasable","19":"product-type-simple"},"_links":{"self":[{"href":"https:\/\/vissveselibai.lv\/en\/wp-json\/wp\/v2\/product\/2967","targetHints":{"allow":["GET"]}}],"collection":[{"href":"https:\/\/vissveselibai.lv\/en\/wp-json\/wp\/v2\/product"}],"about":[{"href":"https:\/\/vissveselibai.lv\/en\/wp-json\/wp\/v2\/types\/product"}],"replies":[{"embeddable":true,"href":"https:\/\/vissveselibai.lv\/en\/wp-json\/wp\/v2\/comments?post=2967"}],"wp:featuredmedia":[{"embeddable":true,"href":"https:\/\/vissveselibai.lv\/en\/wp-json\/wp\/v2\/media\/2968"}],"wp:attachment":[{"href":"https:\/\/vissveselibai.lv\/en\/wp-json\/wp\/v2\/media?parent=2967"}],"wp:term":[{"taxonomy":"product_brand","embeddable":true,"href":"https:\/\/vissveselibai.lv\/en\/wp-json\/wp\/v2\/product_brand?post=2967"},{"taxonomy":"product_cat","embeddable":true,"href":"https:\/\/vissveselibai.lv\/en\/wp-json\/wp\/v2\/product_cat?post=2967"},{"taxonomy":"product_tag","embeddable":true,"href":"https:\/\/vissveselibai.lv\/en\/wp-json\/wp\/v2\/product_tag?post=2967"}],"curies":[{"name":"wp","href":"https:\/\/api.w.org\/{rel}","templated":true}]}}