{"id":2986,"date":"2025-05-08T11:26:13","date_gmt":"2025-05-08T11:26:13","guid":{"rendered":"https:\/\/vissveselibai.lv\/?post_type=product&#038;p=2986"},"modified":"2026-04-28T12:44:40","modified_gmt":"2026-04-28T12:44:40","slug":"prostatas-formula","status":"publish","type":"product","link":"https:\/\/vissveselibai.lv\/en\/product\/prostatas-formula\/","title":{"rendered":"PROSTATAS FORMULA\/PROSTATE FORMULA  kapsulas"},"content":{"rendered":"<p>Uztura\u00a0bag\u0101tin\u0101t\u0101js<\/p>\n<p>30 kapsulas<\/p>\n<p>Neto masa: 22,5 g<\/p>\n<p><strong>Sast\u0101vda\u013cas:<\/strong>\u00a0z\u0101\u0123zobain\u0101s sabalpalmas (<em>Serenoa repens<\/em>) aug\u013cu ekstrakts 4:1, L-argin\u012bna hidrohlor\u012bds, kapsulas apvalks: hidroksipropilmetilceluloze; \u0137irbju (<em>Cucurbita moschata Duch<\/em>) s\u0113klu ekstrakts 4:1, DL-tokoferola acet\u0101ts, cinka oks\u012bds, apjoma palielin\u0101t\u0101js: mikrokrist\u0101lisk\u0101 celuloze; dz\u0113rve\u0146u (<em>Vaccinium macrocarpon<\/em>) ogu ekstrakts 50:1, piridoks\u012bna hidrohlor\u012bds, pretsalipes vielas: tauksk\u0101bju magnija s\u0101\u013ci, sil\u012bcija dioks\u012bds; vara sulf\u0101ts, n\u0101trija selen\u012bts.<\/p>\n<table border=\"1\">\n<tbody>\n<tr>\n<td><strong>Satur<\/strong><\/td>\n<td><strong>1 kapsula <\/strong><strong>(% no NRV*)<\/strong><\/td>\n<\/tr>\n<tr>\n<td>Vitam\u012bns E<\/td>\n<td>15 mg \u03b1-TE (125%)<\/td>\n<\/tr>\n<tr>\n<td>Vitam\u012bns B6<\/td>\n<td>10 mg (714,3%)<\/td>\n<\/tr>\n<tr>\n<td>Var\u0161<\/td>\n<td>1 mg (100%)<\/td>\n<\/tr>\n<tr>\n<td>Sel\u0113ns<\/td>\n<td>50 \u00b5g (110%)<\/td>\n<\/tr>\n<tr>\n<td>Cinks<\/td>\n<td>20 mg (200%)<\/td>\n<\/tr>\n<tr>\n<td>Z\u0101\u0123zobain\u0101s sabalpalmas (<em>Serenoa repens<\/em>) aug\u013cu ekstrakts 4:1<\/td>\n<td>200 mg (atbilst 800 mg auga drogas)<\/td>\n<\/tr>\n<tr>\n<td>L-argin\u012bna hidrohlor\u012bds<\/td>\n<td>200 mg<\/td>\n<\/tr>\n<tr>\n<td>\u0136irbju (<em>Cucurbita moschata Duch<\/em>) s\u0113klu ekstrakts 4:1<\/td>\n<td>100 mg (atbilst 400 mg auga drogas)<\/td>\n<\/tr>\n<tr>\n<td>Dz\u0113rve\u0146u (<em>Vaccinium macrocarpon<\/em>) ogu ekstrakts 50:1<\/td>\n<td>20 mg (atbilst 1000 mg auga drogas)<\/td>\n<\/tr>\n<\/tbody>\n<\/table>\n<p>*NRV- uzturvielu atsauces v\u0113rt\u012bba<\/p>\n<p><strong>Lieto\u0161ana<\/strong>: pieaugu\u0161ajiem 1 kapsula dien\u0101. Lieto\u0161anas ilgums 30 dienas. Nav ieteicams komponentu individu\u0101l\u0101s nepanesam\u012bbas gad\u012bjum\u0101, sieviet\u0113m gr\u016btniec\u012bbas un b\u0113rna z\u012bd\u012b\u0161anas laik\u0101. Glab\u0101t b\u0113rniem nepieejam\u0101 viet\u0101! Nep\u0101rsniegt ieteicamo diennakts devu! Uzglab\u0101t ori\u0123in\u0101liepakojum\u0101, saus\u0101 viet\u0101, istabas temperat\u016br\u0101! Neizmantot uztura bag\u0101tin\u0101t\u0101ju pilnv\u0113rt\u012bga un sabalans\u0113ta uztura aizvieto\u0161anai!<\/p>\n<p><strong>Ra\u017eot\u0101js:<\/strong> SIA \u201cPharma Market Solutions\u201d, Kargo k-1, M\u0101rupe, M\u0101rupes novads, LV-2167, Latvija.<\/p>\n<p><a href=\"https:\/\/pakalpojumi.pvd.gov.lv\/lv\/supplements\/15106\"><b>Vair\u0101k par produktu <\/b>\u2192<\/a><\/p>\n<p>P\u0113rciet t\u016bl\u012bt tie\u0161saist\u0113 vietn\u0113 <a href=\"http:\/\/www.vissveselibai.lv\">www.vissveselibai.lv<\/a><\/p>\n","protected":false},"excerpt":{"rendered":"<p><strong>Uztura\u00a0bag\u0101tin\u0101t\u0101js<\/strong><\/p>\n<p>Z\u0101\u0123zobain\u0101s sabalpalmas ekstrakts veicina vesel\u012bgu prostatas darb\u012bbu un ur\u012bnce\u013cu sist\u0113mas funkciju.<\/p>\n<p>P\u0113rciet t\u016bl\u012bt tie\u0161saist\u0113 vietn\u0113 <a href=\"http:\/\/www.vissveselibai.lv\">www.vissveselibai.lv<\/a><\/p>\n","protected":false},"featured_media":2987,"comment_status":"open","ping_status":"closed","template":"","meta":[],"product_brand":[],"product_cat":[137],"product_tag":[216],"class_list":{"0":"post-2986","1":"product","2":"type-product","3":"status-publish","4":"has-post-thumbnail","6":"product_cat-mens-health","7":"product_tag-viriesu-veseliba","9":"first","10":"instock","11":"sale","12":"taxable","13":"shipping-taxable","14":"purchasable","15":"product-type-simple"},"_links":{"self":[{"href":"https:\/\/vissveselibai.lv\/en\/wp-json\/wp\/v2\/product\/2986","targetHints":{"allow":["GET"]}}],"collection":[{"href":"https:\/\/vissveselibai.lv\/en\/wp-json\/wp\/v2\/product"}],"about":[{"href":"https:\/\/vissveselibai.lv\/en\/wp-json\/wp\/v2\/types\/product"}],"replies":[{"embeddable":true,"href":"https:\/\/vissveselibai.lv\/en\/wp-json\/wp\/v2\/comments?post=2986"}],"wp:featuredmedia":[{"embeddable":true,"href":"https:\/\/vissveselibai.lv\/en\/wp-json\/wp\/v2\/media\/2987"}],"wp:attachment":[{"href":"https:\/\/vissveselibai.lv\/en\/wp-json\/wp\/v2\/media?parent=2986"}],"wp:term":[{"taxonomy":"product_brand","embeddable":true,"href":"https:\/\/vissveselibai.lv\/en\/wp-json\/wp\/v2\/product_brand?post=2986"},{"taxonomy":"product_cat","embeddable":true,"href":"https:\/\/vissveselibai.lv\/en\/wp-json\/wp\/v2\/product_cat?post=2986"},{"taxonomy":"product_tag","embeddable":true,"href":"https:\/\/vissveselibai.lv\/en\/wp-json\/wp\/v2\/product_tag?post=2986"}],"curies":[{"name":"wp","href":"https:\/\/api.w.org\/{rel}","templated":true}]}}