{"id":3023,"date":"2025-05-08T11:59:36","date_gmt":"2025-05-08T11:59:36","guid":{"rendered":"https:\/\/vissveselibai.lv\/?post_type=product&#038;p=3023"},"modified":"2025-11-28T09:18:07","modified_gmt":"2025-11-28T09:18:07","slug":"energy-complex","status":"publish","type":"product","link":"https:\/\/vissveselibai.lv\/en\/product\/energy-complex\/","title":{"rendered":"ENERGY COMPLEX kapsulas"},"content":{"rendered":"<p>Uztura bag\u0101tin\u0101t\u0101js<\/p>\n<p>30 kapsulas<\/p>\n<p><strong>Neto masa:<\/strong> 25,8 g<\/p>\n<p><strong>Sast\u0101vda\u013cas:<\/strong> apjoma palielin\u0101t\u0101js: mikrokrist\u0101lisk\u0101 celuloze, kofe\u012bns, taur\u012bns, kapsulas apvalks: hidroksipropilmetilceluloze, L-askorb\u012bnsk\u0101be, Braz\u012blijas paul\u012bnijas &#8211; Guar\u0101nas (<em>Paullinia cupana<\/em>) s\u0113klu ekstrakts (4:1), pretsalipes vielas: tauksk\u0101bju magnija s\u0101\u013ci, sil\u012bcija dioks\u012bds; za\u013c\u0101s t\u0113jas (<em>Camelia sinensis<\/em>) lapu ekstrakts (20:1), piridoks\u012bna hidrohlor\u012bds,\u00a0 hroma pikolin\u0101ts, ci\u0101nkobalam\u012bns.<\/p>\n<table border=\"1\">\n<tbody>\n<tr>\n<td>Satur<\/td>\n<td>1 kapsula (% NRV*)<\/td>\n<\/tr>\n<tr>\n<td>Vitam\u012bns C<\/td>\n<td>40 mg (50%)<\/td>\n<\/tr>\n<tr>\n<td>Vitam\u012bns B<sub>6<\/sub><\/td>\n<td>2 mg (142,8%)<\/td>\n<\/tr>\n<tr>\n<td>Vitam\u012bns B<sub>12<\/sub><\/td>\n<td>10 \u00b5g (400%)<\/td>\n<\/tr>\n<tr>\n<td>Hroms<\/td>\n<td>50 \u00b5g (125%)<\/td>\n<\/tr>\n<tr>\n<td>Guar\u0101nas ekstrakts<\/td>\n<td>18,75 mg,<\/p>\n<p>kas atbilst 75 mg s\u0113klu<\/td>\n<\/tr>\n<tr>\n<td>Za\u013c\u0101s t\u0113jas ekstrakts<\/td>\n<td>2,5 mg,<\/p>\n<p>kas atbilst 50 mg lapu<\/td>\n<\/tr>\n<tr>\n<td>Kofe\u012bns<\/td>\n<td>200 mg<\/td>\n<\/tr>\n<tr>\n<td>Taur\u012bns<\/td>\n<td>200 mg<\/td>\n<\/tr>\n<\/tbody>\n<\/table>\n<p>*NRV- uzturvielu atsauces v\u0113rt\u012bba<\/p>\n<p><strong>Lieto\u0161ana:<\/strong> pieaugu\u0161ajiem 1 kapsula dien\u0101. Glab\u0101t b\u0113rniem nepieejam\u0101 viet\u0101! Nep\u0101rsniegt ieteicamo diennakts devu! Neizmantot uztura bag\u0101tin\u0101t\u0101ju pilnv\u0113rt\u012bga un sabalans\u0113ta uztura aizvieto\u0161anai! Uzglab\u0101t ori\u0123in\u0101liepakojum\u0101, saus\u0101 viet\u0101, istabas temperat\u016br\u0101!<\/p>\n<p><strong>Ra\u017eot\u0101js:<\/strong> SIA Pharma Market Solutions (Edinburgas pr. 11-9, J\u016brmala, Latvij\u0101, LV-2015)<\/p>\n<p><a href=\"https:\/\/pakalpojumi.pvd.gov.lv\/lv\/supplements\/7208\"><b>Vair\u0101k par produktu <\/b>\u2192<\/a><\/p>\n<p>P\u0113rciet t\u016bl\u012bt tie\u0161saist\u0113 vietn\u0113 <a href=\"http:\/\/www.vissveselibai.lv\">www.vissveselibai.lv<\/a><\/p>\n","protected":false},"excerpt":{"rendered":"<p><strong>Uztura bag\u0101tin\u0101t\u0101js<\/strong><\/p>\n<p>Satur kofe\u012bnu. Nav ieteicams b\u0113rniem un gr\u016btniec\u0113m (1 kapsula satur 200 mg kofe\u012bna)<\/p>\n<p>Paul\u012bnija jeb guar\u0101na tradicion\u0101li tiek lietota, lai veicin\u0101tu tauku vielmai\u0146u. B<sub>12 <\/sub>un B<sub>6 <\/sub>vitam\u012bni pal\u012bdz nodro\u0161in\u0101t norm\u0101lu ener\u0123ijas ieguves vielmai\u0146u un pal\u012bdz samazin\u0101t nogurumu un nesp\u0113ku. Hroms pal\u012bdz nodro\u0161in\u0101t norm\u0101lu makroelementu vielmai\u0146u.<\/p>\n<p>P\u0113rciet t\u016bl\u012bt tie\u0161saist\u0113 vietn\u0113 <a href=\"http:\/\/www.vissveselibai.lv\">www.vissveselibai.lv<\/a><\/p>\n","protected":false},"featured_media":3024,"comment_status":"open","ping_status":"closed","template":"","meta":[],"product_brand":[],"product_cat":[134],"product_tag":[184],"class_list":{"0":"post-3023","1":"product","2":"type-product","3":"status-publish","4":"has-post-thumbnail","6":"product_cat-energy-support","7":"product_tag-energijas-limenis","9":"first","10":"instock","11":"sale","12":"taxable","13":"shipping-taxable","14":"purchasable","15":"product-type-simple"},"_links":{"self":[{"href":"https:\/\/vissveselibai.lv\/en\/wp-json\/wp\/v2\/product\/3023","targetHints":{"allow":["GET"]}}],"collection":[{"href":"https:\/\/vissveselibai.lv\/en\/wp-json\/wp\/v2\/product"}],"about":[{"href":"https:\/\/vissveselibai.lv\/en\/wp-json\/wp\/v2\/types\/product"}],"replies":[{"embeddable":true,"href":"https:\/\/vissveselibai.lv\/en\/wp-json\/wp\/v2\/comments?post=3023"}],"wp:featuredmedia":[{"embeddable":true,"href":"https:\/\/vissveselibai.lv\/en\/wp-json\/wp\/v2\/media\/3024"}],"wp:attachment":[{"href":"https:\/\/vissveselibai.lv\/en\/wp-json\/wp\/v2\/media?parent=3023"}],"wp:term":[{"taxonomy":"product_brand","embeddable":true,"href":"https:\/\/vissveselibai.lv\/en\/wp-json\/wp\/v2\/product_brand?post=3023"},{"taxonomy":"product_cat","embeddable":true,"href":"https:\/\/vissveselibai.lv\/en\/wp-json\/wp\/v2\/product_cat?post=3023"},{"taxonomy":"product_tag","embeddable":true,"href":"https:\/\/vissveselibai.lv\/en\/wp-json\/wp\/v2\/product_tag?post=3023"}],"curies":[{"name":"wp","href":"https:\/\/api.w.org\/{rel}","templated":true}]}}