{"id":3031,"date":"2025-05-08T12:09:23","date_gmt":"2025-05-08T12:09:23","guid":{"rendered":"https:\/\/vissveselibai.lv\/?post_type=product&#038;p=3031"},"modified":"2025-11-28T09:17:40","modified_gmt":"2025-11-28T09:17:40","slug":"parazigon-3","status":"publish","type":"product","link":"https:\/\/vissveselibai.lv\/en\/product\/parazigon-3\/","title":{"rendered":"PARAZIGON-3\u2122 tabletes"},"content":{"rendered":"<p>Uztura bag\u0101tin\u0101t\u0101js<\/p>\n<p>60 tabletes<\/p>\n<p><strong>Neto\u00a0masa:<\/strong> 50,4 g<\/p>\n<p><strong>Sast\u0101vda\u013cas:<\/strong>\u00a0apjoma palielin\u0101t\u0101js: mikrokrist\u0101lisk\u0101 celuloze; r\u016bgt\u0101s v\u0113rmeles<em> (Artemisia absinthinum) \u00a0<\/em>lakstu ekstrakts 10:1, ne\u013c\u0137u (<em>Dianthus caryophyllus L.<\/em>) ziedu ekstrakts 10:1, pela\u0161\u0137u (<em>Achillea millefolium<\/em>) lakstu ekstrakts 10:1, apjoma palielin\u0101t\u0101js: kalcija karbon\u0101ts; pretsalipes vielas: tauksk\u0101bju magnija s\u0101\u013ci, sil\u012bcija dioks\u012bds; glaz\u0113t\u0101jviela: polivinilspirts.<\/p>\n<table border=\"1\">\n<tbody>\n<tr>\n<td>Satur<\/td>\n<td>1 tablete<\/td>\n<\/tr>\n<tr>\n<td>R\u016bgt\u0101s v\u0113rmeles<em> (Artemisia absinthinum) \u00a0<\/em>lakstu ekstrakts 10:1<\/td>\n<td>100 mg (atbilst 1000 mg auga lakstu drogas)<\/td>\n<\/tr>\n<tr>\n<td>Ne\u013c\u0137u (<em>Dianthus caryophyllus L.<\/em>) ziedu ekstrakts 10:1<\/td>\n<td>100 mg (atbilst 1000 mg auga ziedu drogas)<\/td>\n<\/tr>\n<tr>\n<td>Pela\u0161\u0137u (<em>Achillea millefolium<\/em>) lakstu ekstrakts 10:1<\/td>\n<td>100 mg (atbilst 1000 mg auga lakstu drogas)<\/td>\n<\/tr>\n<\/tbody>\n<\/table>\n<p><strong>Lieto\u0161ana<\/strong>: pieaugu\u0161ajiem 1 tablete dien\u0101. Lieto\u0161anas ilgums 30 dienas. Nav ieteicams komponentu individu\u0101l\u0101s nepanesam\u012bbas gad\u012bjum\u0101, sieviet\u0113m gr\u016btniec\u012bbas un b\u0113rna z\u012bd\u012b\u0161anas laik\u0101. GREMO\u0160ANAS SIST\u0112MAS ATBALSTS UN IMUNIT\u0100TES STIPRIN\u0100\u0160ANA. Glab\u0101t b\u0113rniem nepieejam\u0101 viet\u0101! Nep\u0101rsniegt ieteicamo diennakts devu! Uzglab\u0101t ori\u0123in\u0101liepakojum\u0101, saus\u0101 viet\u0101, istabas temperat\u016br\u0101! Neizmantot uztura bag\u0101tin\u0101t\u0101ju pilnv\u0113rt\u012bga un sabalans\u0113ta uztura aizvieto\u0161anai!<\/p>\n<p><strong>Ra\u017eot\u0101js:<\/strong> SIA \u201cPharma Market Solutions\u201d, Kargo k-1, M\u0101rupe, M\u0101rupes novads, Latvija, LV-2167.<\/p>\n<p><a href=\"https:\/\/pakalpojumi.pvd.gov.lv\/lv\/supplements\/15104\"><b>Vair\u0101k par produktu <\/b>\u2192<\/a><\/p>\n<p>P\u0113rciet t\u016bl\u012bt tie\u0161saist\u0113 vietn\u0113 <a href=\"http:\/\/www.vissveselibai.lv\">www.vissveselibai.lv<\/a><\/p>\n","protected":false},"excerpt":{"rendered":"<p><strong>Uztura bag\u0101tin\u0101t\u0101js<\/strong><\/p>\n<p>Pela\u0161\u0137i izmanto gremo\u0161anas sist\u0113mas atbalstam, k\u0101 ar\u012b k\u0101 imunit\u0101ti stiprino\u0161o l\u012bdzekli.<\/p>\n<p>P\u0113rciet t\u016bl\u012bt tie\u0161saist\u0113 vietn\u0113 <a href=\"http:\/\/www.vissveselibai.lv\">www.vissveselibai.lv<\/a><\/p>\n","protected":false},"featured_media":3032,"comment_status":"open","ping_status":"closed","template":"","meta":[],"product_brand":[],"product_cat":[135],"product_tag":[],"class_list":{"0":"post-3031","1":"product","2":"type-product","3":"status-publish","4":"has-post-thumbnail","6":"product_cat-general-health","8":"first","9":"instock","10":"sale","11":"taxable","12":"shipping-taxable","13":"purchasable","14":"product-type-simple"},"_links":{"self":[{"href":"https:\/\/vissveselibai.lv\/en\/wp-json\/wp\/v2\/product\/3031","targetHints":{"allow":["GET"]}}],"collection":[{"href":"https:\/\/vissveselibai.lv\/en\/wp-json\/wp\/v2\/product"}],"about":[{"href":"https:\/\/vissveselibai.lv\/en\/wp-json\/wp\/v2\/types\/product"}],"replies":[{"embeddable":true,"href":"https:\/\/vissveselibai.lv\/en\/wp-json\/wp\/v2\/comments?post=3031"}],"wp:featuredmedia":[{"embeddable":true,"href":"https:\/\/vissveselibai.lv\/en\/wp-json\/wp\/v2\/media\/3032"}],"wp:attachment":[{"href":"https:\/\/vissveselibai.lv\/en\/wp-json\/wp\/v2\/media?parent=3031"}],"wp:term":[{"taxonomy":"product_brand","embeddable":true,"href":"https:\/\/vissveselibai.lv\/en\/wp-json\/wp\/v2\/product_brand?post=3031"},{"taxonomy":"product_cat","embeddable":true,"href":"https:\/\/vissveselibai.lv\/en\/wp-json\/wp\/v2\/product_cat?post=3031"},{"taxonomy":"product_tag","embeddable":true,"href":"https:\/\/vissveselibai.lv\/en\/wp-json\/wp\/v2\/product_tag?post=3031"}],"curies":[{"name":"wp","href":"https:\/\/api.w.org\/{rel}","templated":true}]}}