{"id":3056,"date":"2025-05-08T12:36:56","date_gmt":"2025-05-08T12:36:56","guid":{"rendered":"https:\/\/vissveselibai.lv\/?post_type=product&#038;p=3056"},"modified":"2025-11-28T09:16:14","modified_gmt":"2025-11-28T09:16:14","slug":"mardadzis-1000-mg","status":"publish","type":"product","link":"https:\/\/vissveselibai.lv\/en\/product\/mardadzis-1000-mg\/","title":{"rendered":"M\u0100RDADZIS 1000 mg tabletes"},"content":{"rendered":"<p>Uztura bag\u0101tin\u0101t\u0101js<\/p>\n<p>30 tabletes<\/p>\n<p><strong>Neto masa:<\/strong> 16,5 g<\/p>\n<p><strong>Sast\u0101vda\u013cas:<\/strong> apjoma palielin\u0101t\u0101ji: mikrokrist\u0101lisk\u0101 celuloze, kalcija karbon\u0101ts; m\u0101rdad\u017ea (Silybum marianum)\u00a0 s\u0113klu ekstrakts, pretsalipes vielas: tauksk\u0101bju magnija s\u0101\u013ci, sil\u012bcija dioks\u012bds.<\/p>\n<table border=\"1\">\n<tbody>\n<tr>\n<td>Satur<\/td>\n<td>1 tablete<\/td>\n<\/tr>\n<tr>\n<td>M\u0101rdad\u017ea (<em>Silybum marianum<\/em>) ekstrakts 50:1<\/p>\n<p>t.sk. silimar\u012bns:<\/td>\n<td>20 mg (atbilst 1000 mg m\u0101rdad\u017eu s\u0113klu);<\/p>\n<p>16 mg<\/td>\n<\/tr>\n<\/tbody>\n<\/table>\n<p><strong>Lieto\u0161ana:<\/strong> pieaugu\u0161ajiem 1 tablete dien\u0101\u00a0 \u0113\u0161anas laik\u0101. Glab\u0101t b\u0113rniem nepieejam\u0101 viet\u0101! Nep\u0101rsniegt ieteicamo diennakts devu! Uzglab\u0101t ori\u0123in\u0101liepakojum\u0101, saus\u0101 viet\u0101, istabas temperat\u016br\u0101! Neizmantot uztura bag\u0101tin\u0101t\u0101ju pilnv\u0113rt\u012bga un sabalans\u0113ta uztura aizvieto\u0161anai! Nav ieteicams komponentu individu\u0101l\u0101s nepanesam\u012bbas gad\u012bjum\u0101, sieviet\u0113m gr\u016btniec\u012bbas un b\u0113rna z\u012bd\u012b\u0161anas laik\u0101.<\/p>\n<p><strong>Ra\u017eot\u0101js:<\/strong> Pharma Market Solutions SIA, Edinburgas pr. 11-9, J\u016brmala, Latvija.<\/p>\n<p><a href=\"https:\/\/pakalpojumi.pvd.gov.lv\/lv\/supplements\/7002\"><b>Vair\u0101k par produktu <\/b>\u2192<\/a><\/p>\n<p>P\u0113rciet t\u016bl\u012bt tie\u0161saist\u0113 vietn\u0113 <a href=\"http:\/\/www.vissveselibai.lv\">www.vissveselibai.lv<\/a><\/p>\n","protected":false},"excerpt":{"rendered":"<p><strong>Uztura bag\u0101tin\u0101t\u0101js<\/strong><\/p>\n<p>M\u0101rdadzis pal\u012bdz uztur\u0113t aknu vesel\u012bbu: aizsarg\u0101 aknas no kait\u012bgu vielu iedarb\u012bbas un\u00a0\u00a0\u00a0 veicina gremo\u0161anu un aknu sp\u0113jas atind\u0113t organismu.<\/p>\n<p>P\u0113rciet t\u016bl\u012bt tie\u0161saist\u0113 vietn\u0113 <a href=\"http:\/\/www.vissveselibai.lv\">www.vissveselibai.lv<\/a><\/p>\n","protected":false},"featured_media":3057,"comment_status":"open","ping_status":"closed","template":"","meta":[],"product_brand":[],"product_cat":[138],"product_tag":[156],"class_list":{"0":"post-3056","1":"product","2":"type-product","3":"status-publish","4":"has-post-thumbnail","6":"product_cat-womens-health","7":"product_tag-mardadzis","9":"first","10":"instock","11":"sale","12":"taxable","13":"shipping-taxable","14":"purchasable","15":"product-type-simple"},"_links":{"self":[{"href":"https:\/\/vissveselibai.lv\/en\/wp-json\/wp\/v2\/product\/3056","targetHints":{"allow":["GET"]}}],"collection":[{"href":"https:\/\/vissveselibai.lv\/en\/wp-json\/wp\/v2\/product"}],"about":[{"href":"https:\/\/vissveselibai.lv\/en\/wp-json\/wp\/v2\/types\/product"}],"replies":[{"embeddable":true,"href":"https:\/\/vissveselibai.lv\/en\/wp-json\/wp\/v2\/comments?post=3056"}],"wp:featuredmedia":[{"embeddable":true,"href":"https:\/\/vissveselibai.lv\/en\/wp-json\/wp\/v2\/media\/3057"}],"wp:attachment":[{"href":"https:\/\/vissveselibai.lv\/en\/wp-json\/wp\/v2\/media?parent=3056"}],"wp:term":[{"taxonomy":"product_brand","embeddable":true,"href":"https:\/\/vissveselibai.lv\/en\/wp-json\/wp\/v2\/product_brand?post=3056"},{"taxonomy":"product_cat","embeddable":true,"href":"https:\/\/vissveselibai.lv\/en\/wp-json\/wp\/v2\/product_cat?post=3056"},{"taxonomy":"product_tag","embeddable":true,"href":"https:\/\/vissveselibai.lv\/en\/wp-json\/wp\/v2\/product_tag?post=3056"}],"curies":[{"name":"wp","href":"https:\/\/api.w.org\/{rel}","templated":true}]}}