{"id":3067,"date":"2025-05-08T12:51:30","date_gmt":"2025-05-08T12:51:30","guid":{"rendered":"https:\/\/vissveselibai.lv\/?post_type=product&#038;p=3067"},"modified":"2025-11-21T09:23:29","modified_gmt":"2025-11-21T09:23:29","slug":"kalcijs-400-mg-d3-5-%ce%bcg","status":"publish","type":"product","link":"https:\/\/vissveselibai.lv\/en\/product\/kalcijs-400-mg-d3-5-%ce%bcg\/","title":{"rendered":"KALCIJS 400 MG + D3 5 \u039cG tabletes"},"content":{"rendered":"<p>Uztura bag\u0101tin\u0101t\u0101js<\/p>\n<p>30 tabletes<\/p>\n<p><strong>Neto masa:<\/strong> 49,50 g<\/p>\n<p><strong>Sast\u0101vda\u013cas:<\/strong> kalcija karbon\u0101ts, apjoma palielin\u0101t\u0101js: mikrokrist\u0101lisk\u0101 celuloze, pretsalipes vielas: sil\u012bcija dioks\u012bds, tauksk\u0101bju magnija s\u0101\u013ci; glaz\u0113t\u0101jviela: hidroksipropilmetilceluloze, holekalciferols.<\/p>\n<table border=\"1\">\n<tbody>\n<tr>\n<td>\u00a0Satur<\/td>\n<td>1 tablete<\/td>\n<td>2 tabletes<\/td>\n<\/tr>\n<tr>\n<td>D<sub>3<\/sub> vitam\u012bns<\/td>\n<td>5 \u00b5g (100% NRV*)<\/td>\n<td>10 \u00b5g (200% NRV*)<\/td>\n<\/tr>\n<tr>\n<td>Kalcijs<\/td>\n<td>400 mg (50% no NRV*)<\/td>\n<td>800 mg (100% no NRV*)<\/td>\n<\/tr>\n<\/tbody>\n<\/table>\n<p>* Uzturvielu atsauces v\u0113rt\u012bba<\/p>\n<p><strong>Lieto\u0161ana:<\/strong> pieaugu\u0161ajiem pa 1-2 tablet\u0113m dien\u0101. Glab\u0101t b\u0113rniem nepieejam\u0101 viet\u0101! Nep\u0101rsniegt ieteicamo diennakts devu! Neizmantot uztura bag\u0101tin\u0101t\u0101ju pilnv\u0113rt\u012bga un sabalans\u0113ta uztura aizvieto\u0161anai! Uzglab\u0101t ori\u0123in\u0101liepakojum\u0101, saus\u0101 viet\u0101, istabas temperat\u016br\u0101!<\/p>\n<p><strong>Ra\u017eot\u0101js:<\/strong> SIA Pharma Market Solutions (Edinburgas pr. 11-9, J\u016brmala, Latvija, LV-2015)<\/p>\n<p><a href=\"https:\/\/pakalpojumi.pvd.gov.lv\/lv\/supplements\/4758\"><b>Vair\u0101k par produktu <\/b>\u2192<\/a><\/p>\n<p>P\u0113rciet t\u016bl\u012bt tie\u0161saist\u0113 vietn\u0113 <a href=\"http:\/\/www.vissveselibai.lv\">www.vissveselibai.lv<\/a><\/p>\n","protected":false},"excerpt":{"rendered":"<p><strong>Uztura bag\u0101tin\u0101t\u0101js<\/strong><\/p>\n<p>Kalcija un D<sub>3 <\/sub>vitam\u012bna papildavots<\/p>\n<p>P\u0113rciet t\u016bl\u012bt tie\u0161saist\u0113 vietn\u0113 <a href=\"http:\/\/www.vissveselibai.lv\">www.vissveselibai.lv<\/a><\/p>\n","protected":false},"featured_media":3068,"comment_status":"open","ping_status":"closed","template":"","meta":[],"product_brand":[],"product_cat":[132,135,136],"product_tag":[219,157,150],"class_list":{"0":"post-3067","1":"product","2":"type-product","3":"status-publish","4":"has-post-thumbnail","6":"product_cat-bone-joins","7":"product_cat-general-health","8":"product_cat-immune-support","9":"product_tag-bone","10":"product_tag-general-health","11":"product_tag-immune-support","13":"first","14":"instock","15":"taxable","16":"shipping-taxable","17":"purchasable","18":"product-type-simple"},"_links":{"self":[{"href":"https:\/\/vissveselibai.lv\/en\/wp-json\/wp\/v2\/product\/3067","targetHints":{"allow":["GET"]}}],"collection":[{"href":"https:\/\/vissveselibai.lv\/en\/wp-json\/wp\/v2\/product"}],"about":[{"href":"https:\/\/vissveselibai.lv\/en\/wp-json\/wp\/v2\/types\/product"}],"replies":[{"embeddable":true,"href":"https:\/\/vissveselibai.lv\/en\/wp-json\/wp\/v2\/comments?post=3067"}],"wp:featuredmedia":[{"embeddable":true,"href":"https:\/\/vissveselibai.lv\/en\/wp-json\/wp\/v2\/media\/3068"}],"wp:attachment":[{"href":"https:\/\/vissveselibai.lv\/en\/wp-json\/wp\/v2\/media?parent=3067"}],"wp:term":[{"taxonomy":"product_brand","embeddable":true,"href":"https:\/\/vissveselibai.lv\/en\/wp-json\/wp\/v2\/product_brand?post=3067"},{"taxonomy":"product_cat","embeddable":true,"href":"https:\/\/vissveselibai.lv\/en\/wp-json\/wp\/v2\/product_cat?post=3067"},{"taxonomy":"product_tag","embeddable":true,"href":"https:\/\/vissveselibai.lv\/en\/wp-json\/wp\/v2\/product_tag?post=3067"}],"curies":[{"name":"wp","href":"https:\/\/api.w.org\/{rel}","templated":true}]}}