{"id":3072,"date":"2025-05-08T12:57:15","date_gmt":"2025-05-08T12:57:15","guid":{"rendered":"https:\/\/vissveselibai.lv\/?post_type=product&#038;p=3072"},"modified":"2025-07-18T10:11:17","modified_gmt":"2025-07-18T10:11:17","slug":"magnijs-vitamins-b6","status":"publish","type":"product","link":"https:\/\/vissveselibai.lv\/en\/product\/magnijs-vitamins-b6\/","title":{"rendered":"MAGNIJS + VITAM\u012aNS B6\/Magnesium + Vitamin B6  tabletes"},"content":{"rendered":"<p>Uztura bag\u0101tin\u0101t\u0101js<\/p>\n<p>30 tabletes<\/p>\n<p><strong>Neto masa:<\/strong> 55,5 g<\/p>\n<p><strong>Sast\u0101vda\u013cas:<\/strong>\u00a0apjoma palielin\u0101t\u0101js: kalcija karbon\u0101ts, Citramagnesia<sup>TM<\/sup>(magnija oks\u012bds, magnija citr\u0101ts, magnija bisglicin\u0101ts), apjoma palielin\u0101t\u0101ji: mikrokrist\u0101lisk\u0101 celuloze, hidroksipropilmetilceluloze; pretsalipes vielas: sil\u012bcija dioks\u012bds, tauksk\u0101bju magnija s\u0101\u013ci; piridoks\u012bna hidrohlor\u012bds, glaz\u0113t\u0101jviela: hidroksipropilmetilceluloze.<\/p>\n<table border=\"1\">\n<tbody>\n<tr>\n<td><strong>Satur<\/strong><\/td>\n<td><strong>1 tablete <\/strong><strong>(% no NRV*)<\/strong><\/td>\n<\/tr>\n<tr>\n<td>Vitam\u012bns B6<\/td>\n<td>5 mg (357,1 %)<\/td>\n<\/tr>\n<tr>\n<td>Magnijs<\/td>\n<td>200 mg (53,3 %)<\/td>\n<\/tr>\n<\/tbody>\n<\/table>\n<p>*NRV- uzturvielu atsauces v\u0113rt\u012bba<\/p>\n<p><strong>Lieto\u0161ana<\/strong>: pieaugu\u0161ajiem 1 tablete dien\u0101. Lieto\u0161anas ilgums 30 dienas. Nav ieteicams komponentu individu\u0101l\u0101s nepanesam\u012bbas gad\u012bjum\u0101, sieviet\u0113m gr\u016btniec\u012bbas un b\u0113rna z\u012bd\u012b\u0161anas laik\u0101. Glab\u0101t b\u0113rniem nepieejam\u0101 viet\u0101! Nep\u0101rsniegt ieteicamo diennakts devu! Uzglab\u0101t ori\u0123in\u0101liepakojum\u0101, saus\u0101 viet\u0101, istabas temperat\u016br\u0101! Neizmantot uztura bag\u0101tin\u0101t\u0101ju pilnv\u0113rt\u012bga un sabalans\u0113ta uztura aizvieto\u0161anai!<\/p>\n<p><strong>Ra\u017eot\u0101js:<\/strong> SIA &#8220;Pharma Market Solutions&#8221;, Edinburgas pr.11-9, J\u016brmala, Latvija, LV-2015.<\/p>\n<p><a href=\"https:\/\/pakalpojumi.pvd.gov.lv\/lv\/supplements\/13473\"><b>Vair\u0101k par produktu <\/b>\u2192<\/a><\/p>\n<p>P\u0113rciet t\u016bl\u012bt tie\u0161saist\u0113 vietn\u0113 <a href=\"http:\/\/www.vissveselibai.lv\">www.vissveselibai.lv<\/a><\/p>\n","protected":false},"excerpt":{"rendered":"<p><strong>Uztura bag\u0101tin\u0101t\u0101js<\/strong><\/p>\n<p>Bez \u0122MO. Nesatur glut\u0113nu. Piem\u0113rots veg\u0101niem<\/p>\n<p>P\u0113rciet t\u016bl\u012bt tie\u0161saist\u0113 vietn\u0113 <a href=\"http:\/\/www.vissveselibai.lv\">www.vissveselibai.lv<\/a><\/p>\n","protected":false},"featured_media":3074,"comment_status":"open","ping_status":"closed","template":"","meta":[],"product_brand":[],"product_cat":[135],"product_tag":[157],"class_list":{"0":"post-3072","1":"product","2":"type-product","3":"status-publish","4":"has-post-thumbnail","6":"product_cat-general-health","7":"product_tag-general-health","9":"first","10":"instock","11":"taxable","12":"shipping-taxable","13":"purchasable","14":"product-type-simple"},"_links":{"self":[{"href":"https:\/\/vissveselibai.lv\/en\/wp-json\/wp\/v2\/product\/3072","targetHints":{"allow":["GET"]}}],"collection":[{"href":"https:\/\/vissveselibai.lv\/en\/wp-json\/wp\/v2\/product"}],"about":[{"href":"https:\/\/vissveselibai.lv\/en\/wp-json\/wp\/v2\/types\/product"}],"replies":[{"embeddable":true,"href":"https:\/\/vissveselibai.lv\/en\/wp-json\/wp\/v2\/comments?post=3072"}],"wp:featuredmedia":[{"embeddable":true,"href":"https:\/\/vissveselibai.lv\/en\/wp-json\/wp\/v2\/media\/3074"}],"wp:attachment":[{"href":"https:\/\/vissveselibai.lv\/en\/wp-json\/wp\/v2\/media?parent=3072"}],"wp:term":[{"taxonomy":"product_brand","embeddable":true,"href":"https:\/\/vissveselibai.lv\/en\/wp-json\/wp\/v2\/product_brand?post=3072"},{"taxonomy":"product_cat","embeddable":true,"href":"https:\/\/vissveselibai.lv\/en\/wp-json\/wp\/v2\/product_cat?post=3072"},{"taxonomy":"product_tag","embeddable":true,"href":"https:\/\/vissveselibai.lv\/en\/wp-json\/wp\/v2\/product_tag?post=3072"}],"curies":[{"name":"wp","href":"https:\/\/api.w.org\/{rel}","templated":true}]}}