{"id":3077,"date":"2025-05-08T13:01:03","date_gmt":"2025-05-08T13:01:03","guid":{"rendered":"https:\/\/vissveselibai.lv\/?post_type=product&#038;p=3077"},"modified":"2026-04-17T13:11:08","modified_gmt":"2026-04-17T13:11:08","slug":"kurkuminsingversmelnais-pipars","status":"publish","type":"product","link":"https:\/\/vissveselibai.lv\/en\/product\/kurkuminsingversmelnais-pipars\/","title":{"rendered":"KURKUM\u012aNS+INGVERS+MELNAIS PIPARS kapsulas"},"content":{"rendered":"<p>Uztura bag\u0101tin\u0101t\u0101js<\/p>\n<p>30 kapsulas<\/p>\n<p><strong>Neto masa:<\/strong> 21,6 g<\/p>\n<p><strong>Sast\u0101vda\u013cas: <\/strong>kurkumas sak\u0146u pulveris, kapsulas apvalks: hidroksipropilmetilceluloze; apjoma palielin\u0101t\u0101js: dikalcija fosf\u0101ts; ingvera sakne\u0146u pulveris, melno piparu pulveris, pretsalipes vielas: tauksk\u0101bju magnija s\u0101\u013ci, sil\u012bcija dioks\u012bds.<\/p>\n<table border=\"1\">\n<tbody>\n<tr>\n<td>Satur<\/td>\n<td>1 kapsula<\/td>\n<\/tr>\n<tr>\n<td>Kurkumas sak\u0146u pulveris (<em>Curcuma longa<\/em>)<\/p>\n<p>t.sk. kurkum\u012bns ne maz\u0101k k\u0101<\/td>\n<td>500 mg<\/p>\n<p>25 mg<\/td>\n<\/tr>\n<tr>\n<td>Ingvera sakne\u0146u pulveris (<em>Zingiber officinale<\/em>)<\/td>\n<td>50 mg<\/td>\n<\/tr>\n<tr>\n<td>Melno piparu pulveris (<em>Piper nigrum<\/em>)<\/td>\n<td>5 mg<\/td>\n<\/tr>\n<\/tbody>\n<\/table>\n<p><strong>Lieto\u0161ana:<\/strong> pieaugu\u0161ajiem 1 kapsula dien\u0101. Lieto\u0161anas ilgums 2-3 m\u0113ne\u0161us. Nav ieteicams komponentu individu\u0101l\u0101s nepanesam\u012bbas gad\u012bjum\u0101, sieviet\u0113m gr\u016btniec\u012bbas un b\u0113rna z\u012bd\u012b\u0161anas laik\u0101. Glab\u0101t b\u0113rniem nepieejam\u0101 viet\u0101! Nep\u0101rsniegt ieteicamo diennakts devu! Uzglab\u0101t ori\u0123in\u0101liepakojum\u0101, saus\u0101 viet\u0101, istabas temperat\u016br\u0101! Neizmantot uztura bag\u0101tin\u0101t\u0101ju pilnv\u0113rt\u012bga un sabalans\u0113ta uztura aizvieto\u0161anai!<\/p>\n<p><strong>Ra\u017eot\u0101js:<\/strong> Sabiedr\u012bba ar ierobe\u017eotu atbild\u012bbu &#8220;Pharma Market Solutions&#8221; (Edinburgas pr.11-9, J\u016brmala, LV-2015, Latvija).<\/p>\n<p><a href=\"https:\/\/pakalpojumi.pvd.gov.lv\/lv\/supplements\/15138\"><b>Vair\u0101k par produktu <\/b>\u2192<\/a><\/p>\n<p>P\u0113rciet t\u016bl\u012bt tie\u0161saist\u0113 vietn\u0113 <a href=\"http:\/\/www.vissveselibai.lv\">www.vissveselibai.lv<\/a><\/p>\n","protected":false},"excerpt":{"rendered":"<p><strong>Uztura bag\u0101tin\u0101t\u0101js<\/strong><\/p>\n<p>Kurkuma veicina norm\u0101lu holester\u012bna l\u012bmeni asin\u012bs, sirds un asinsvadu sist\u0113mas darb\u012bbu, kurkuma pal\u012bdz uztur\u0113t vesel\u012bgas aknas un nov\u0113r\u0161 tauku uzkr\u0101\u0161anos un to nogulsn\u0113\u0161anos akn\u0101s. Kurkuma pal\u012bdz uzlabot gremo\u0161anas procesu.<\/p>\n<p>P\u0113rciet t\u016bl\u012bt tie\u0161saist\u0113 vietn\u0113 <a href=\"http:\/\/www.vissveselibai.lv\">www.vissveselibai.lv<\/a><\/p>\n","protected":false},"featured_media":3078,"comment_status":"open","ping_status":"closed","template":"","meta":[],"product_brand":[],"product_cat":[136,138],"product_tag":[117,150,144],"class_list":{"0":"post-3077","1":"product","2":"type-product","3":"status-publish","4":"has-post-thumbnail","6":"product_cat-immune-support","7":"product_cat-womens-health","8":"product_tag-bestseller","9":"product_tag-immune-support","10":"product_tag-new","12":"first","13":"instock","14":"sale","15":"taxable","16":"shipping-taxable","17":"purchasable","18":"product-type-simple"},"_links":{"self":[{"href":"https:\/\/vissveselibai.lv\/en\/wp-json\/wp\/v2\/product\/3077","targetHints":{"allow":["GET"]}}],"collection":[{"href":"https:\/\/vissveselibai.lv\/en\/wp-json\/wp\/v2\/product"}],"about":[{"href":"https:\/\/vissveselibai.lv\/en\/wp-json\/wp\/v2\/types\/product"}],"replies":[{"embeddable":true,"href":"https:\/\/vissveselibai.lv\/en\/wp-json\/wp\/v2\/comments?post=3077"}],"wp:featuredmedia":[{"embeddable":true,"href":"https:\/\/vissveselibai.lv\/en\/wp-json\/wp\/v2\/media\/3078"}],"wp:attachment":[{"href":"https:\/\/vissveselibai.lv\/en\/wp-json\/wp\/v2\/media?parent=3077"}],"wp:term":[{"taxonomy":"product_brand","embeddable":true,"href":"https:\/\/vissveselibai.lv\/en\/wp-json\/wp\/v2\/product_brand?post=3077"},{"taxonomy":"product_cat","embeddable":true,"href":"https:\/\/vissveselibai.lv\/en\/wp-json\/wp\/v2\/product_cat?post=3077"},{"taxonomy":"product_tag","embeddable":true,"href":"https:\/\/vissveselibai.lv\/en\/wp-json\/wp\/v2\/product_tag?post=3077"}],"curies":[{"name":"wp","href":"https:\/\/api.w.org\/{rel}","templated":true}]}}