{"id":3090,"date":"2025-05-08T13:16:34","date_gmt":"2025-05-08T13:16:34","guid":{"rendered":"https:\/\/vissveselibai.lv\/?post_type=product&#038;p=3090"},"modified":"2026-02-16T14:04:18","modified_gmt":"2026-02-16T14:04:18","slug":"vitamins-b12","status":"publish","type":"product","link":"https:\/\/vissveselibai.lv\/en\/product\/vitamins-b12\/","title":{"rendered":"VITAM\u012aNS B12 (Metilkobalam\u012bns) 1000mcg\/Vitamin B12 (Methylcobalamine) 1000mcg tabletes"},"content":{"rendered":"<p>Uztura bag\u0101tin\u0101t\u0101js<\/p>\n<p>60 tabletes<\/p>\n<p><strong>Neto masa:<\/strong> 10,8 g<\/p>\n<p><strong>Sast\u0101vda\u013cas:<\/strong>\u00a0apjoma palielin\u0101t\u0101ji: kalcija karbon\u0101ts, mikrokrist\u0101lisk\u0101 celuloze; glaz\u0113t\u0101jviela: hidroksipropilmetilceluloze; pretsalipes vielas: tauksk\u0101bju magnija s\u0101\u013ci, sil\u012bcija dioks\u012bds; metilkobalam\u012bns.<\/p>\n<table>\n<tbody>\n<tr>\n<td><strong>Satur<\/strong><\/td>\n<td><strong>1 tablete <\/strong><strong>(% no NRV*)<\/strong><\/td>\n<\/tr>\n<tr>\n<td>Vitam\u012bns B12<\/td>\n<td>1000 \u00b5g (40000 %)<\/td>\n<\/tr>\n<\/tbody>\n<\/table>\n<p>*NRV- uzturvielu atsauces v\u0113rt\u012bba<\/p>\n<p><strong>Lieto\u0161ana<\/strong>: pieaugu\u0161ajiem 1 tablete dien\u0101. Lieto\u0161anas ilgums 30 dienas. Nav ieteicams komponentu individu\u0101l\u0101s nepanesam\u012bbas gad\u012bjum\u0101, sieviet\u0113m gr\u016btniec\u012bbas un b\u0113rna z\u012bd\u012b\u0161anas laik\u0101. Glab\u0101t b\u0113rniem nepieejam\u0101 viet\u0101! Nep\u0101rsniegt ieteicamo diennakts devu! Uzglab\u0101t ori\u0123in\u0101liepakojum\u0101, saus\u0101 viet\u0101, istabas temperat\u016br\u0101! Neizmantot uztura bag\u0101tin\u0101t\u0101ju pilnv\u0113rt\u012bga un sabalans\u0113ta uztura aizvieto\u0161anai!<\/p>\n<p><strong>Ra\u017eot\u0101js:<\/strong> SIA \u201cPharma Market Solutions\u201d, Kargo k-1, M\u0101rupe, M\u0101rupes novads, Latvija, LV-2167.<\/p>\n<p><a href=\"https:\/\/pakalpojumi.pvd.gov.lv\/lv\/supplements\/15112\"><b>Vair\u0101k par produktu <\/b>\u2192<\/a><\/p>\n<p>P\u0113rciet t\u016bl\u012bt tie\u0161saist\u0113 vietn\u0113 <a href=\"http:\/\/www.vissveselibai.lv\">www.vissveselibai.lv<\/a><\/p>\n","protected":false},"excerpt":{"rendered":"<p><strong>Uztura bag\u0101tin\u0101t\u0101js<\/strong><\/p>\n<p>B12 vitam\u012bns veicina norm\u0101lu nervu sist\u0113mas darb\u012bbu un sarkano asins\u0137ermen\u012b\u0161u norm\u0101lu veido\u0161anos.<\/p>\n<p>P\u0113rciet t\u016bl\u012bt tie\u0161saist\u0113 vietn\u0113 <a href=\"http:\/\/www.vissveselibai.lv\">www.vissveselibai.lv<\/a><\/p>\n","protected":false},"featured_media":3091,"comment_status":"open","ping_status":"closed","template":"","meta":[],"product_brand":[],"product_cat":[135,136],"product_tag":[157],"class_list":{"0":"post-3090","1":"product","2":"type-product","3":"status-publish","4":"has-post-thumbnail","6":"product_cat-general-health","7":"product_cat-immune-support","8":"product_tag-general-health","10":"first","11":"outofstock","12":"taxable","13":"shipping-taxable","14":"purchasable","15":"product-type-simple"},"_links":{"self":[{"href":"https:\/\/vissveselibai.lv\/en\/wp-json\/wp\/v2\/product\/3090","targetHints":{"allow":["GET"]}}],"collection":[{"href":"https:\/\/vissveselibai.lv\/en\/wp-json\/wp\/v2\/product"}],"about":[{"href":"https:\/\/vissveselibai.lv\/en\/wp-json\/wp\/v2\/types\/product"}],"replies":[{"embeddable":true,"href":"https:\/\/vissveselibai.lv\/en\/wp-json\/wp\/v2\/comments?post=3090"}],"wp:featuredmedia":[{"embeddable":true,"href":"https:\/\/vissveselibai.lv\/en\/wp-json\/wp\/v2\/media\/3091"}],"wp:attachment":[{"href":"https:\/\/vissveselibai.lv\/en\/wp-json\/wp\/v2\/media?parent=3090"}],"wp:term":[{"taxonomy":"product_brand","embeddable":true,"href":"https:\/\/vissveselibai.lv\/en\/wp-json\/wp\/v2\/product_brand?post=3090"},{"taxonomy":"product_cat","embeddable":true,"href":"https:\/\/vissveselibai.lv\/en\/wp-json\/wp\/v2\/product_cat?post=3090"},{"taxonomy":"product_tag","embeddable":true,"href":"https:\/\/vissveselibai.lv\/en\/wp-json\/wp\/v2\/product_tag?post=3090"}],"curies":[{"name":"wp","href":"https:\/\/api.w.org\/{rel}","templated":true}]}}