{"id":3106,"date":"2025-05-08T13:36:35","date_gmt":"2025-05-08T13:36:35","guid":{"rendered":"https:\/\/vissveselibai.lv\/?post_type=product&#038;p=3106"},"modified":"2025-11-28T09:14:23","modified_gmt":"2025-11-28T09:14:23","slug":"multivitamins","status":"publish","type":"product","link":"https:\/\/vissveselibai.lv\/en\/product\/multivitamins\/","title":{"rendered":"MULTIVITAMINS \u0161\u0137\u012bsto\u0161\u0101s tabletes"},"content":{"rendered":"<p>Uztura bag\u0101tin\u0101t\u0101js ar cukuru un saldin\u0101t\u0101jiem<\/p>\n<p>20 \u0161\u0137\u012bsto\u0161\u0101s tabletes pa 4,0 g<\/p>\n<p><strong>Neto masa:<\/strong> 80 g<\/p>\n<p><strong>Sast\u0101vda\u013cas:<\/strong> sk\u0101buma regul\u0113t\u0101ji: citronsk\u0101be, n\u0101trija hidrog\u0113nkarbon\u0101ts; saldin\u0101t\u0101js: sorb\u012bts**, kukur\u016bzas ciete, apjoma palielin\u0101t\u0101js: ortofosforsk\u0101bes kalcija s\u0101\u013ci, L-askorb\u012bnsk\u0101be, DL-alfa-tokoferilacet\u0101ts, maltodekstr\u012bns, dekstroze, aromatiz\u0113t\u0101js: ave\u0146u; saldin\u0101t\u0101ji: aspart\u0101ms***, acesulf\u0101ms K; nikot\u012bnam\u012bds, pretsalipes viela: sil\u012bcija dioks\u012bds, riboflav\u012bns, piridoks\u012bna hidrohlor\u012bds, tiam\u012bna hidrohlor\u012bds, kalcija D-pantoten\u0101ts, ci\u0101nkobalam\u012bns, pteroilmonoglutam\u012bnsk\u0101be, kr\u0101svielas: E124, E122; D-biot\u012bns.<\/p>\n<p>***Satur fenilalan\u012bna avotu.<\/p>\n<table>\n<tbody>\n<tr>\n<td>Satur<\/td>\n<td>1 tablete (% NRV<sup>*<\/sup>)<\/td>\n<\/tr>\n<tr>\n<td>Vitam\u012bns C<\/td>\n<td>80 mg (100%)<\/td>\n<\/tr>\n<tr>\n<td>Vitam\u012bns E<\/td>\n<td>12 mg\u00a0<em>\u03b1-<\/em>TE (100%)<\/td>\n<\/tr>\n<tr>\n<td>Vitam\u012bns B<sub>1<\/sub><\/td>\n<td>1,1 mg (100%)<\/td>\n<\/tr>\n<tr>\n<td>Vitam\u012bns B<sub>2<\/sub><\/td>\n<td>1,4 mg (100%)<\/td>\n<\/tr>\n<tr>\n<td>Niac\u012bns<\/td>\n<td>7,0 mg NE (43,7%)<\/td>\n<\/tr>\n<tr>\n<td>Pantot\u0113nsk\u0101be<\/td>\n<td>1,0 mg (16,6%)<\/td>\n<\/tr>\n<tr>\n<td>Vitam\u012bns B<sub>6<\/sub><\/td>\n<td>1,4 mg (100%)<\/td>\n<\/tr>\n<tr>\n<td>Folijsk\u0101be<\/td>\n<td>200,0 \u00b5g (100%)<\/td>\n<\/tr>\n<tr>\n<td>Vitam\u012bns B<sub>12<\/sub><\/td>\n<td>2,5 \u00b5g (100%)<\/td>\n<\/tr>\n<tr>\n<td>D-biot\u012bns<\/td>\n<td>50,0 \u00b5g (100%)<\/td>\n<\/tr>\n<\/tbody>\n<\/table>\n<p>* Uzturvielu atsauces v\u0113rt\u012bba.<\/p>\n<p><strong>Lieto\u0161ana:<\/strong> pieaugu\u0161ajiem pa 1 tabletei 1 reizi dien\u0101 \u0113\u0161anas laik\u0101. 1 tableti iz\u0161\u0137\u012bdin\u0101t 200 ml \u016bdens (istabas temperat\u016br\u0101). **P\u0101rm\u0113r\u012bga lieto\u0161ana var izrais\u012bt caureju veicino\u0161u iedarb\u012bbu. E122, E124 var nelabv\u0113l\u012bgi ietekm\u0113t b\u0113rnu aktivit\u0101ti un uzman\u012bbu.<\/p>\n<p>Ra\u017eots ES<\/p>\n<p><strong>Ra\u017eot\u0101js:<\/strong> SIA Pharma Market Solutions (Kargo k-1, M\u0101rupe, M\u0101rupes novads, Latvija,\u00a0LV-2167.)<\/p>\n<p><a href=\"https:\/\/pakalpojumi.pvd.gov.lv\/lv\/supplements\/15407\"><b>Vair\u0101k par produktu <\/b>\u2192<\/a><\/p>\n<p>P\u0113rciet t\u016bl\u012bt tie\u0161saist\u0113 vietn\u0113 <a href=\"http:\/\/www.vissveselibai.lv\">www.vissveselibai.lv<\/a><\/p>\n","protected":false},"excerpt":{"rendered":"<p><strong>Uztura bag\u0101tin\u0101t\u0101js ar cukuru un saldin\u0101t\u0101jiem<\/strong><\/p>\n<p>P\u0113rciet t\u016bl\u012bt tie\u0161saist\u0113 vietn\u0113 <a href=\"http:\/\/www.vissveselibai.lv\">www.vissveselibai.lv<\/a><\/p>\n","protected":false},"featured_media":5216,"comment_status":"open","ping_status":"closed","template":"","meta":[],"product_brand":[],"product_cat":[135,136],"product_tag":[150],"class_list":{"0":"post-3106","1":"product","2":"type-product","3":"status-publish","4":"has-post-thumbnail","6":"product_cat-general-health","7":"product_cat-immune-support","8":"product_tag-immune-support","10":"first","11":"instock","12":"sale","13":"taxable","14":"shipping-taxable","15":"purchasable","16":"product-type-simple"},"_links":{"self":[{"href":"https:\/\/vissveselibai.lv\/en\/wp-json\/wp\/v2\/product\/3106","targetHints":{"allow":["GET"]}}],"collection":[{"href":"https:\/\/vissveselibai.lv\/en\/wp-json\/wp\/v2\/product"}],"about":[{"href":"https:\/\/vissveselibai.lv\/en\/wp-json\/wp\/v2\/types\/product"}],"replies":[{"embeddable":true,"href":"https:\/\/vissveselibai.lv\/en\/wp-json\/wp\/v2\/comments?post=3106"}],"wp:featuredmedia":[{"embeddable":true,"href":"https:\/\/vissveselibai.lv\/en\/wp-json\/wp\/v2\/media\/5216"}],"wp:attachment":[{"href":"https:\/\/vissveselibai.lv\/en\/wp-json\/wp\/v2\/media?parent=3106"}],"wp:term":[{"taxonomy":"product_brand","embeddable":true,"href":"https:\/\/vissveselibai.lv\/en\/wp-json\/wp\/v2\/product_brand?post=3106"},{"taxonomy":"product_cat","embeddable":true,"href":"https:\/\/vissveselibai.lv\/en\/wp-json\/wp\/v2\/product_cat?post=3106"},{"taxonomy":"product_tag","embeddable":true,"href":"https:\/\/vissveselibai.lv\/en\/wp-json\/wp\/v2\/product_tag?post=3106"}],"curies":[{"name":"wp","href":"https:\/\/api.w.org\/{rel}","templated":true}]}}