{"id":3110,"date":"2025-05-08T13:41:01","date_gmt":"2025-05-08T13:41:01","guid":{"rendered":"https:\/\/vissveselibai.lv\/?post_type=product&#038;p=3110"},"modified":"2025-07-18T08:59:52","modified_gmt":"2025-07-18T08:59:52","slug":"multivitamini-un-mineralvielas","status":"publish","type":"product","link":"https:\/\/vissveselibai.lv\/en\/product\/multivitamini-un-mineralvielas\/","title":{"rendered":"MULTIVITAM\u012aNI UN MINER\u0100LVIELAS\/ Multivitamins&#038;Minerals  tabletes"},"content":{"rendered":"<p>Uztura bag\u0101tin\u0101t\u0101js<\/p>\n<p>30 tabletes<\/p>\n<p><strong>Neto masa:<\/strong> 39,3g<\/p>\n<p><strong>Sast\u0101vda\u013cas:<\/strong> kalcija karbon\u0101ts, apjoma palielin\u0101t\u0101js: mikrokrist\u0101lisk\u0101 celuloze, magnija oks\u012bds, L-askorb\u012bnsk\u0101be, D-alfa-tokoferilacet\u0101ts, nikot\u012bnam\u012bds, dzelzs fumar\u0101ts, augst\u0101s samtenes (<em>Tagetes erecta<\/em>) ziedu ekstrakts (5% lute\u012bns), pretsalipes vielas: tauksk\u0101bju magnija s\u0101\u013ci, sil\u012bcija dioks\u012bds; glaz\u0113t\u0101jvielas: hidroksipropilmetilceluloze, kalcija D-pantoten\u0101ts, cinka oks\u012bds, L-sel\u0113nmetion\u012bns, mang\u0101na sulf\u0101ts, retinilacet\u0101ts (nes\u0113jviela: maltodekstr\u012bns), vara glikon\u0101ts, piridoks\u012bna hidrohlor\u012bds, riboflav\u012bns, tiam\u012bna hidrohlor\u012bds, holekalciferols, D-biot\u012bns, filohinons (fitomenadions), hroma pikolin\u0101ts, pteroilmonoglutam\u012bnsk\u0101be, k\u0101lija jod\u012bts, n\u0101trija molibd\u0101ts, ci\u0101nkobalam\u012bns.<\/p>\n<table border=\"1\">\n<tbody>\n<tr>\n<td>\u00a0Sast\u0101vs<\/td>\n<td>1 tablete (% no NRV*)<\/td>\n<\/tr>\n<tr>\n<td>A vitam\u012bns<\/td>\n<td>800 \u03bcg RE (100%)<\/td>\n<\/tr>\n<tr>\n<td>B<sub>1<\/sub> vitam\u012bns<\/td>\n<td>1,4 mg (127%)<\/td>\n<\/tr>\n<tr>\n<td>B<sub>2<\/sub> vitam\u012bns<\/td>\n<td>1,75 mg (125%)<\/td>\n<\/tr>\n<tr>\n<td>Niac\u012bns<\/td>\n<td>20 mg NE (125%)<\/td>\n<\/tr>\n<tr>\n<td>Pantot\u0113nsk\u0101be<\/td>\n<td>7,5 mg (125%)<\/td>\n<\/tr>\n<tr>\n<td>B<sub>6<\/sub> vitam\u012bns<\/td>\n<td>2 mg (142%)<\/td>\n<\/tr>\n<tr>\n<td>Folijsk\u0101be<\/td>\n<td>200 \u03bcg (100%)<\/td>\n<\/tr>\n<tr>\n<td>Biot\u012bns<\/td>\n<td>62,5 \u03bcg (125%)<\/td>\n<\/tr>\n<tr>\n<td>B<sub>12<\/sub> vitam\u012bns<\/td>\n<td>2,5 \u03bcg (100%)<\/td>\n<\/tr>\n<tr>\n<td>C vitam\u012bns<\/td>\n<td>100 mg (125%)<\/td>\n<\/tr>\n<tr>\n<td>D vitam\u012bns<\/td>\n<td>5 \u03bcg (100%)<\/td>\n<\/tr>\n<tr>\n<td>E vitam\u012bns<\/td>\n<td>15 mg \u03b1-<em>TE<\/em> (125%)<\/td>\n<\/tr>\n<tr>\n<td>K<sub>1<\/sub> vitam\u012bns<\/td>\n<td>30 \u03bcg (40%)<\/td>\n<\/tr>\n<tr>\n<td>Kalcijs<\/td>\n<td>260 mg (32,5%)<\/td>\n<\/tr>\n<tr>\n<td>Magnijs<\/td>\n<td>100 mg (26,6%)<\/td>\n<\/tr>\n<tr>\n<td>Dzelzs<\/td>\n<td>5 mg (35,7%)<\/td>\n<\/tr>\n<tr>\n<td>Var\u0161<\/td>\n<td>500 \u03bcg (50%)<\/td>\n<\/tr>\n<tr>\n<td>Jods<\/td>\n<td>100 \u03bcg (66,6%)<\/td>\n<\/tr>\n<tr>\n<td>Cinks<\/td>\n<td>5 mg (50%)<\/td>\n<\/tr>\n<tr>\n<td>Mang\u0101ns<\/td>\n<td>2 mg (100%)<\/td>\n<\/tr>\n<tr>\n<td>Sel\u0113ns<\/td>\n<td>30 \u03bcg (54,5%)<\/td>\n<\/tr>\n<tr>\n<td>Hroms<\/td>\n<td>40 \u03bcg (100%)<\/td>\n<\/tr>\n<tr>\n<td>Molibd\u0113ns<\/td>\n<td>50 \u03bcg (100%)<\/td>\n<\/tr>\n<tr>\n<td>Lute\u012bns<\/td>\n<td>0,5 mg<\/td>\n<\/tr>\n<\/tbody>\n<\/table>\n<p>*NRV- uzturvielu atsauces v\u0113rt\u012bba<\/p>\n<p><strong>Lieto\u0161ana:<\/strong> pieaugu\u0161ajiem un b\u0113rniem no 15 gadiem \u2013 1 tablete dien\u0101. Glab\u0101t b\u0113rniem nepieejam\u0101 viet\u0101! Nep\u0101rsniegt ieteicamo diennakts devu! Uzglab\u0101t ori\u0123in\u0101liepakojum\u0101, saus\u0101 viet\u0101, istabas temperat\u016br\u0101! Neizmantot uztura bag\u0101tin\u0101t\u0101ju pilnv\u0113rt\u012bga un sabalans\u0113ta uztura aizvieto\u0161anai! Nav ieteicams komponentu individu\u0101l\u0101s nepanesam\u012bbas gad\u012bjum\u0101, sieviet\u0113m gr\u016btniec\u012bbas un b\u0113rna z\u012bd\u012b\u0161anas laik\u0101.<\/p>\n<p><strong>Ra\u017eot\u0101js:<\/strong> SIA Pharma Market Solutions (Edinburgas pr.11-9, J\u016brmala, Latvija, LV-2015)<\/p>\n<p><a href=\"https:\/\/pakalpojumi.pvd.gov.lv\/lv\/supplements\/7493\"><b>Vair\u0101k par produktu <\/b>\u2192<\/a><\/p>\n<p>P\u0113rciet t\u016bl\u012bt tie\u0161saist\u0113 vietn\u0113 <a href=\"http:\/\/www.vissveselibai.lv\">www.vissveselibai.lv<\/a><\/p>\n","protected":false},"excerpt":{"rendered":"<p><strong>Uztura bag\u0101tin\u0101t\u0101js<\/strong><\/p>\n<p>Vitam\u012bnu un miner\u0101lu komplekss ikdienai<\/p>\n<p>P\u0113rciet t\u016bl\u012bt tie\u0161saist\u0113 vietn\u0113 <a href=\"http:\/\/www.vissveselibai.lv\">www.vissveselibai.lv<\/a><\/p>\n","protected":false},"featured_media":3111,"comment_status":"open","ping_status":"closed","template":"","meta":[],"product_brand":[],"product_cat":[135,136],"product_tag":[202],"class_list":{"0":"post-3110","1":"product","2":"type-product","3":"status-publish","4":"has-post-thumbnail","6":"product_cat-general-health","7":"product_cat-immune-support","8":"product_tag-imunitates-atbalsts","10":"first","11":"instock","12":"taxable","13":"shipping-taxable","14":"purchasable","15":"product-type-simple"},"_links":{"self":[{"href":"https:\/\/vissveselibai.lv\/en\/wp-json\/wp\/v2\/product\/3110","targetHints":{"allow":["GET"]}}],"collection":[{"href":"https:\/\/vissveselibai.lv\/en\/wp-json\/wp\/v2\/product"}],"about":[{"href":"https:\/\/vissveselibai.lv\/en\/wp-json\/wp\/v2\/types\/product"}],"replies":[{"embeddable":true,"href":"https:\/\/vissveselibai.lv\/en\/wp-json\/wp\/v2\/comments?post=3110"}],"wp:featuredmedia":[{"embeddable":true,"href":"https:\/\/vissveselibai.lv\/en\/wp-json\/wp\/v2\/media\/3111"}],"wp:attachment":[{"href":"https:\/\/vissveselibai.lv\/en\/wp-json\/wp\/v2\/media?parent=3110"}],"wp:term":[{"taxonomy":"product_brand","embeddable":true,"href":"https:\/\/vissveselibai.lv\/en\/wp-json\/wp\/v2\/product_brand?post=3110"},{"taxonomy":"product_cat","embeddable":true,"href":"https:\/\/vissveselibai.lv\/en\/wp-json\/wp\/v2\/product_cat?post=3110"},{"taxonomy":"product_tag","embeddable":true,"href":"https:\/\/vissveselibai.lv\/en\/wp-json\/wp\/v2\/product_tag?post=3110"}],"curies":[{"name":"wp","href":"https:\/\/api.w.org\/{rel}","templated":true}]}}