{"id":4314,"date":"2025-05-20T08:37:42","date_gmt":"2025-05-20T08:37:42","guid":{"rendered":"https:\/\/vissveselibai.lv\/?post_type=product&#038;p=4314"},"modified":"2026-04-10T12:34:45","modified_gmt":"2026-04-10T12:34:45","slug":"validol-2","status":"publish","type":"product","link":"https:\/\/vissveselibai.lv\/en\/product\/validol-2\/","title":{"rendered":"VALIDOL sublingv\u0101las tabletes"},"content":{"rendered":"<p>Uztura bag\u0101tin\u0101t\u0101js ar cukuru un saldin\u0101t\u0101ju, ka ar\u012b mentola \u0161\u0137\u012bdumu<\/p>\n<p>10 sublingv\u0101las tabletes<\/p>\n<p><strong>Neto masa:<\/strong> 11,0 g<\/p>\n<p><strong>Sast\u0101vda\u013cas (1 tablete):<\/strong> dekstrozes monohidr\u0101ts, saldin\u0101t\u0101js: sorb\u012bts<sup>*<\/sup>, mentola \u0161\u0137\u012bdums izobaldri\u0101nsk\u0101bes mentil\u0113ster\u012b &#8211; 50 mg, pretsalipes viela: tauksk\u0101bju magnija s\u0101\u013ci. P\u0101rm\u0113r\u012bga lieto\u0161ana var izrais\u012bt caureju veicino\u0161u iedarb\u012bbu<\/p>\n<p><strong>Lieto\u0161ana:<\/strong> tableti j\u0101tur zem m\u0113les l\u012bdz t\u0101 piln\u012bb\u0101 uzs\u016bcas. Ieteicam\u0101 diennakts deva pieaugu\u0161ajiem 1 tablete. Pirms lieto\u0161anas ieteicams konsult\u0113ties ar \u0101rstu vai farmaceitu. Nelietot komponentu individu\u0101l\u0101s nepanes\u012bbas gad\u012bjum\u0101, gr\u016btniec\u012bbas un kr\u016bts baro\u0161anas laik\u0101. Glab\u0101t b\u0113rniem nepieejam\u0101 viet\u0101! Nep\u0101rsniegt ieteicamo diennakts devu! Uzglab\u0101t ori\u0123in\u0101liepakojum\u0101, saus\u0101 viet\u0101, istabas temperat\u016br\u0101! Neizmantot uztura bag\u0101tin\u0101t\u0101ju pilnv\u0113rt\u012bga un sabalans\u0113ta uztura aizvieto\u0161anai!<\/p>\n<p><strong>Ra\u017eot\u0101js:<\/strong> SIA Pharma Market Solutions, Edinburgas pr. 11-9, J\u016brmala, LV-2015, Latvija.<\/p>\n<p><a href=\"https:\/\/pakalpojumi.pvd.gov.lv\/lv\/supplements\/6980\"><b>Vair\u0101k par produktu <\/b>\u2192<\/a><\/p>\n<p>P\u0113rciet t\u016bl\u012bt tie\u0161saist\u0113 vietn\u0113 <a href=\"http:\/\/www.vissveselibai.lv\">www.vissveselibai.lv<\/a><\/p>\n","protected":false},"excerpt":{"rendered":"<p><strong>Uztura bag\u0101tin\u0101t\u0101js ar cukuru un saldin\u0101t\u0101ju, ka ar\u012b mentola \u0161\u0137\u012bdumu<\/strong><\/p>\n<p>P\u0113rciet t\u016bl\u012bt tie\u0161saist\u0113 vietn\u0113 <a href=\"http:\/\/www.vissveselibai.lv\">www.vissveselibai.lv<\/a><\/p>\n","protected":false},"featured_media":4315,"comment_status":"open","ping_status":"closed","template":"","meta":[],"product_brand":[],"product_cat":[140],"product_tag":[165],"class_list":{"0":"post-4314","1":"product","2":"type-product","3":"status-publish","4":"has-post-thumbnail","6":"product_cat-heart-vascular-system","7":"product_tag-heart","9":"first","10":"instock","11":"sale","12":"taxable","13":"shipping-taxable","14":"purchasable","15":"product-type-simple"},"_links":{"self":[{"href":"https:\/\/vissveselibai.lv\/en\/wp-json\/wp\/v2\/product\/4314","targetHints":{"allow":["GET"]}}],"collection":[{"href":"https:\/\/vissveselibai.lv\/en\/wp-json\/wp\/v2\/product"}],"about":[{"href":"https:\/\/vissveselibai.lv\/en\/wp-json\/wp\/v2\/types\/product"}],"replies":[{"embeddable":true,"href":"https:\/\/vissveselibai.lv\/en\/wp-json\/wp\/v2\/comments?post=4314"}],"wp:featuredmedia":[{"embeddable":true,"href":"https:\/\/vissveselibai.lv\/en\/wp-json\/wp\/v2\/media\/4315"}],"wp:attachment":[{"href":"https:\/\/vissveselibai.lv\/en\/wp-json\/wp\/v2\/media?parent=4314"}],"wp:term":[{"taxonomy":"product_brand","embeddable":true,"href":"https:\/\/vissveselibai.lv\/en\/wp-json\/wp\/v2\/product_brand?post=4314"},{"taxonomy":"product_cat","embeddable":true,"href":"https:\/\/vissveselibai.lv\/en\/wp-json\/wp\/v2\/product_cat?post=4314"},{"taxonomy":"product_tag","embeddable":true,"href":"https:\/\/vissveselibai.lv\/en\/wp-json\/wp\/v2\/product_tag?post=4314"}],"curies":[{"name":"wp","href":"https:\/\/api.w.org\/{rel}","templated":true}]}}