{"id":4318,"date":"2025-05-20T08:47:06","date_gmt":"2025-05-20T08:47:06","guid":{"rendered":"https:\/\/vissveselibai.lv\/?post_type=product&#038;p=4318"},"modified":"2026-04-10T12:34:23","modified_gmt":"2026-04-10T12:34:23","slug":"omega-3-zivju-ella-1000mg-330eps-220dhs","status":"publish","type":"product","link":"https:\/\/vissveselibai.lv\/en\/product\/omega-3-zivju-ella-1000mg-330eps-220dhs\/","title":{"rendered":"OMEGA-3 ZIVJU E\u013b\u013bA 1000MG 330EPS &#038; 220DHS\/ Omega-3 Fish oil 1000mg 330EPA &#038; 220DHA kapsulas"},"content":{"rendered":"<p>Uztura bag\u0101tin\u0101t\u0101js<\/p>\n<p>30 kapsulas<\/p>\n<p><strong>Neto masa:<\/strong> 39,15 g<\/p>\n<p><strong>Sast\u0101vda\u013cas:<\/strong> <strong>zivju<\/strong> e\u013c\u013ca; kapsulas apvalks: \u017eelat\u012bns, mitrumuztur\u0113t\u0101js glicer\u012bns, \u016bdens; DL-alfa-tokoferilacet\u0101ts.<\/p>\n<table border=\"1\">\n<tbody>\n<tr>\n<td><strong>Satur<\/strong><\/td>\n<td><strong>1 kapsula <\/strong><strong>(% no NRV*)<\/strong><\/td>\n<\/tr>\n<tr>\n<td>Vitam\u012bns E<\/td>\n<td>3,3 mg \u03b1-TE (27,5 %)<\/td>\n<\/tr>\n<tr>\n<td>Zivju e\u013c\u013ca,<\/p>\n<p>t.sk.<\/p>\n<p>&nbsp;<\/p>\n<p>&nbsp;<\/td>\n<td>1000 mg<\/p>\n<p>Omega-3 tauksk\u0101bes 680mg<\/p>\n<p>EPS** 330mg<\/p>\n<p>DHS*** 220mg<\/td>\n<\/tr>\n<\/tbody>\n<\/table>\n<p>*NRV- uzturvielu atsauces v\u0113rt\u012bba<\/p>\n<p>**EPS \u2013 Eikozapenta\u0113nsk\u0101be<\/p>\n<p>***DHS &#8211; Dokozaheksa\u0113nsk\u0101be<\/p>\n<p><strong>Lieto\u0161ana<\/strong>: pieaugu\u0161ajiem 1 kapsula dien\u0101. Lieto\u0161anas ilgums 30 dienas. Nav ieteicams komponentu individu\u0101l\u0101s nepanesam\u012bbas gad\u012bjum\u0101, sieviet\u0113m gr\u016btniec\u012bbas un b\u0113rna z\u012bd\u012b\u0161anas laik\u0101. Glab\u0101t b\u0113rniem nepieejam\u0101 viet\u0101! Nep\u0101rsniegt ieteicamo diennakts devu! Uzglab\u0101t ori\u0123in\u0101liepakojum\u0101, saus\u0101 viet\u0101, istabas temperat\u016br\u0101! Neizmantot uztura bag\u0101tin\u0101t\u0101ju pilnv\u0113rt\u012bga un sabalans\u0113ta uztura aizvieto\u0161anai!<\/p>\n<p><strong>Ra\u017eot\u0101js:<\/strong> SIA &#8220;Pharma Market Solutions&#8221;, Edinburgas pr.11-9, J\u016brmala, Latvija, LV-2015.<\/p>\n<p><a href=\"https:\/\/pakalpojumi.pvd.gov.lv\/lv\/supplements\/15095\"><b>Vair\u0101k par produktu <\/b>\u2192<\/a><\/p>\n<p>P\u0113rciet t\u016bl\u012bt tie\u0161saist\u0113 vietn\u0113 <a href=\"http:\/\/www.vissveselibai.lv\">www.vissveselibai.lv<\/a><\/p>\n","protected":false},"excerpt":{"rendered":"<p><strong>Uztura\u00a0bag\u0101tin\u0101t\u0101js<\/strong><\/p>\n<p>P\u0113rciet t\u016bl\u012bt tie\u0161saist\u0113 vietn\u0113 <a href=\"http:\/\/www.vissveselibai.lv\">www.vissveselibai.lv<\/a><\/p>\n","protected":false},"featured_media":4319,"comment_status":"open","ping_status":"closed","template":"","meta":[],"product_brand":[],"product_cat":[142,132,135,136],"product_tag":[150,202,185,179,188,205],"class_list":{"0":"post-4318","1":"product","2":"type-product","3":"status-publish","4":"has-post-thumbnail","6":"product_cat-beauty","7":"product_cat-bone-joins","8":"product_cat-general-health","9":"product_cat-immune-support","10":"product_tag-immune-support","11":"product_tag-imunitates-atbalsts","12":"product_tag-imunitates-stiprinasana","13":"product_tag-locitavu-veseliba","14":"product_tag-matu-un-nagu-stiprinasana","15":"product_tag-women","17":"first","18":"instock","19":"sale","20":"taxable","21":"shipping-taxable","22":"purchasable","23":"product-type-simple"},"_links":{"self":[{"href":"https:\/\/vissveselibai.lv\/en\/wp-json\/wp\/v2\/product\/4318","targetHints":{"allow":["GET"]}}],"collection":[{"href":"https:\/\/vissveselibai.lv\/en\/wp-json\/wp\/v2\/product"}],"about":[{"href":"https:\/\/vissveselibai.lv\/en\/wp-json\/wp\/v2\/types\/product"}],"replies":[{"embeddable":true,"href":"https:\/\/vissveselibai.lv\/en\/wp-json\/wp\/v2\/comments?post=4318"}],"wp:featuredmedia":[{"embeddable":true,"href":"https:\/\/vissveselibai.lv\/en\/wp-json\/wp\/v2\/media\/4319"}],"wp:attachment":[{"href":"https:\/\/vissveselibai.lv\/en\/wp-json\/wp\/v2\/media?parent=4318"}],"wp:term":[{"taxonomy":"product_brand","embeddable":true,"href":"https:\/\/vissveselibai.lv\/en\/wp-json\/wp\/v2\/product_brand?post=4318"},{"taxonomy":"product_cat","embeddable":true,"href":"https:\/\/vissveselibai.lv\/en\/wp-json\/wp\/v2\/product_cat?post=4318"},{"taxonomy":"product_tag","embeddable":true,"href":"https:\/\/vissveselibai.lv\/en\/wp-json\/wp\/v2\/product_tag?post=4318"}],"curies":[{"name":"wp","href":"https:\/\/api.w.org\/{rel}","templated":true}]}}