{"id":4837,"date":"2025-06-17T11:24:28","date_gmt":"2025-06-17T11:24:28","guid":{"rendered":"https:\/\/vissveselibai.lv\/?post_type=product&#038;p=4837"},"modified":"2026-04-10T12:33:37","modified_gmt":"2026-04-10T12:33:37","slug":"sirds-materes-uzlejums","status":"publish","type":"product","link":"https:\/\/vissveselibai.lv\/en\/product\/sirds-materes-uzlejums\/","title":{"rendered":"Herb\u2019s SIRDS M\u0100TERES UZL\u0112JUMS 25ml"},"content":{"rendered":"<p>Uztura bag\u0101tin\u0101t\u0101js<\/p>\n<p>Alc. 70 tilp. %. \u0160\u0137\u012bdums iek\u0161\u0137\u012bgai lieto\u0161anai<\/p>\n<p><strong>Neto tilpums:<\/strong> 25ml<\/p>\n<p><strong>Sast\u0101vda\u013cas:<\/strong> sirds m\u0101teres (<em>Leonurus cardiaca<\/em>) lakstu etilspirta-\u016bdens uzl\u0113jums.<\/p>\n<table>\n<tbody>\n<tr>\n<td><strong>Satur<\/strong><\/td>\n<td><strong>10 pil.<\/strong><\/td>\n<td><strong>20 pil.<\/strong><\/td>\n<td><strong>30 pil.<\/strong><\/td>\n<\/tr>\n<tr>\n<td>Sirds m\u0101teres (<em>Leonurus cardiaca<\/em>) lakstu etilspirta-\u016bdens uzl\u0113jums<\/td>\n<td>0,5ml<\/td>\n<td>1ml<\/td>\n<td>1,5ml<\/td>\n<\/tr>\n<\/tbody>\n<\/table>\n<p><strong>Lieto\u0161ana:<\/strong> pieaugu\u0161iem pa 10 pilieniem 1-3 reizes dien\u0101, at\u0161\u0137aid\u012bt neliel\u0101 \u016bdens daudzum\u0101.<\/p>\n<p>Diennakts devas saturs 30 pilienos: sirds m\u0101teres laksti &#8211; 45 mg.<\/p>\n<p>Nav ieteicams komponentu individu\u0101l\u0101s nepanesam\u012bbas gad\u012bjum\u0101, sieviet\u0113m gr\u016btniec\u012bbas un b\u0113rna z\u012bd\u012b\u0161anas laik\u0101. Glab\u0101t b\u0113rniem nepieejam\u0101 viet\u0101! Nep\u0101rsniegt ieteicamo diennakts devu! Uzglab\u0101t ori\u0123in\u0101liepakojum\u0101, saus\u0101 viet\u0101, istabas temperat\u016br\u0101! P\u0113c atv\u0113r\u0161anas uzglab\u0101t ledusskap\u012b. Neizmantot uztura bag\u0101tin\u0101t\u0101ju pilnv\u0113rt\u012bga un sabalans\u0113ta uztura aizvieto\u0161anai!<\/p>\n<p><strong>Ra\u017eot\u0101js:<\/strong> SIA \u201cPharma Market Solutions\u201d, Kargo k-1, M\u0101rupe, M\u0101rupes novads, Latvija, LV-2167<\/p>\n<p><a href=\"https:\/\/pakalpojumi.pvd.gov.lv\/lv\/supplements\/16457\"><b>Vair\u0101k par produktu <\/b>\u2192<\/a><\/p>\n<p>P\u0113rciet t\u016bl\u012bt tie\u0161saist\u0113 vietn\u0113 <a href=\"http:\/\/www.vissveselibai.lv\">www.vissveselibai.lv<\/a><\/p>\n","protected":false},"excerpt":{"rendered":"<p><strong>Uztura bag\u0101tin\u0101t\u0101js<\/strong><\/p>\n<p>Sirds m\u0101tere atbalsta nervu un sirds-asinsvadu sist\u0113mas vesel\u012bgu darb\u012bbu.<\/p>\n<p>P\u0113rciet t\u016bl\u012bt tie\u0161saist\u0113 vietn\u0113 <a href=\"http:\/\/www.vissveselibai.lv\">www.vissveselibai.lv<\/a><\/p>\n","protected":false},"featured_media":4838,"comment_status":"open","ping_status":"closed","template":"","meta":[],"product_brand":[],"product_cat":[140],"product_tag":[165,170],"class_list":{"0":"post-4837","1":"product","2":"type-product","3":"status-publish","4":"has-post-thumbnail","6":"product_cat-heart-vascular-system","7":"product_tag-heart","8":"product_tag-sirds","10":"first","11":"instock","12":"sale","13":"taxable","14":"shipping-taxable","15":"purchasable","16":"product-type-simple"},"_links":{"self":[{"href":"https:\/\/vissveselibai.lv\/en\/wp-json\/wp\/v2\/product\/4837","targetHints":{"allow":["GET"]}}],"collection":[{"href":"https:\/\/vissveselibai.lv\/en\/wp-json\/wp\/v2\/product"}],"about":[{"href":"https:\/\/vissveselibai.lv\/en\/wp-json\/wp\/v2\/types\/product"}],"replies":[{"embeddable":true,"href":"https:\/\/vissveselibai.lv\/en\/wp-json\/wp\/v2\/comments?post=4837"}],"wp:featuredmedia":[{"embeddable":true,"href":"https:\/\/vissveselibai.lv\/en\/wp-json\/wp\/v2\/media\/4838"}],"wp:attachment":[{"href":"https:\/\/vissveselibai.lv\/en\/wp-json\/wp\/v2\/media?parent=4837"}],"wp:term":[{"taxonomy":"product_brand","embeddable":true,"href":"https:\/\/vissveselibai.lv\/en\/wp-json\/wp\/v2\/product_brand?post=4837"},{"taxonomy":"product_cat","embeddable":true,"href":"https:\/\/vissveselibai.lv\/en\/wp-json\/wp\/v2\/product_cat?post=4837"},{"taxonomy":"product_tag","embeddable":true,"href":"https:\/\/vissveselibai.lv\/en\/wp-json\/wp\/v2\/product_tag?post=4837"}],"curies":[{"name":"wp","href":"https:\/\/api.w.org\/{rel}","templated":true}]}}