{"id":6253,"date":"2025-11-28T12:52:28","date_gmt":"2025-11-28T12:52:28","guid":{"rendered":"https:\/\/vissveselibai.lv\/?post_type=product&#038;p=6253"},"modified":"2026-04-10T12:31:16","modified_gmt":"2026-04-10T12:31:16","slug":"omega-3-zivju-ella-1000mg-180eps-120dhs-vitamins-e-omega-3-fish-oil-1000mg-180epa-120dha-vitamin-e-kapsulas-copy","status":"publish","type":"product","link":"https:\/\/vissveselibai.lv\/en\/product\/omega-3-zivju-ella-1000mg-180eps-120dhs-vitamins-e-omega-3-fish-oil-1000mg-180epa-120dha-vitamin-e-kapsulas-copy\/","title":{"rendered":"10 gab. komplekts \u2014 OMEGA-3 ZIVJU E\u013b\u013bA 1000MG 180EPS &#038; 120DHS + VITAM\u012aNS E\/ Omega-3 Fish oil 1000mg 180EPA &#038; 120DHA + Vitamin E  kapsulas"},"content":{"rendered":"<p>Izdev\u012bgs 10 gab. komplekts<\/p>\n<p>Uztura bag\u0101tin\u0101t\u0101js<\/p>\n<p>10 x 60 kapsulas<\/p>\n<p><strong>Neto masa:<\/strong> 10 x 78,6 g<\/p>\n<p><strong>Sast\u0101vda\u013cas:<\/strong> <strong>zivju<\/strong> e\u013c\u013ca, kapsulas apvalks: \u017eelat\u012bns, mitrumuztur\u0113t\u0101js glicer\u012bns, \u016bdens; DL-tokoferola acet\u0101ts.<\/p>\n<table border=\"1\">\n<tbody>\n<tr>\n<td><strong>Satur<\/strong><\/td>\n<td><strong>1 kapsula <\/strong><strong>(% no NRV*)<\/strong><\/td>\n<td><strong>2 kapsulas <\/strong><strong>(% no NRV*)<\/strong><\/td>\n<\/tr>\n<tr>\n<td>Vitam\u012bns E<\/td>\n<td>10mg \u03b1-TE (83,3%)<\/td>\n<td>20mg \u03b1-TE (166,6%)<\/td>\n<\/tr>\n<tr>\n<td>Zivju e\u013c\u013ca,<\/p>\n<p>t.sk.:<\/p>\n<p>&nbsp;<\/p>\n<p>&nbsp;<\/p>\n<p>&nbsp;<\/td>\n<td>1000mg<\/p>\n<p>Omega-3 tauksk\u0101bes 300mg<\/p>\n<p>EPS** 180mg<\/p>\n<p>DHS*** 120mg<\/td>\n<td>2000mg<\/p>\n<p>Omega-3 tauksk\u0101bes<\/p>\n<p>600mg<\/p>\n<p>EPS** 360mg<\/p>\n<p>DHS*** 240mg<\/td>\n<\/tr>\n<\/tbody>\n<\/table>\n<p>*NRV- uzturvielu atsauces v\u0113rt\u012bba<\/p>\n<p>**EPS \u2013 Eikozapenta\u0113nsk\u0101be<\/p>\n<p>***DHS &#8211; Dokozaheksa\u0113nsk\u0101be<\/p>\n<p><strong>Lieto\u0161ana<\/strong>: pieaugu\u0161ajiem 1-2 kapsulas dien\u0101, sieviet\u0113m gr\u016btniec\u012bbas un b\u0113rna z\u012bd\u012b\u0161anas laik\u0101\u00a0 1-2 kapsulas dien\u0101. Glab\u0101t b\u0113rniem nepieejam\u0101 viet\u0101! Nep\u0101rsniegt ieteicamo diennakts devu! Uzglab\u0101t ori\u0123in\u0101liepakojum\u0101, saus\u0101 viet\u0101, istabas temperat\u016br\u0101! Neizmantot uztura bag\u0101tin\u0101t\u0101ju pilnv\u0113rt\u012bga un sabalans\u0113ta uztura aizvieto\u0161anai!<\/p>\n<p><strong>Ra\u017eot\u0101js:<\/strong> SIA \u201cPharma Market Solutions\u201d, Kargo k-1, M\u0101rupe, M\u0101rupes novads, Latvija, LV-2167.<\/p>\n<p><a href=\"https:\/\/pakalpojumi.pvd.gov.lv\/lv\/supplements\/15120\"><b>Vair\u0101k par produktu <\/b>\u2192<\/a><\/p>\n<p>P\u0113rciet t\u016bl\u012bt tie\u0161saist\u0113 vietn\u0113 <a href=\"http:\/\/www.vissveselibai.lv\">www.vissveselibai.lv<\/a><\/p>\n","protected":false},"excerpt":{"rendered":"<p><strong>Uztura bag\u0101tin\u0101t\u0101js<\/strong><\/p>\n<p>Omega 3 un E vitam\u012bna papildavots. DHA pal\u012bdz uztur\u0113t norm\u0101lu smadze\u0146u darb\u012bbu un norm\u0101lu redzi.* EPA un DHA veicina norm\u0101lu sirds darb\u012bbu. Labv\u0113l\u012bgo ietekmi pan\u0101k, katru dienu uz\u0146emot 250 mg DHA. Labv\u0113l\u012bgo ietekmi pan\u0101k, katru dienu uz\u0146emot 250 mg EPA un DHA. Augst\u0101k\u0101 kvalit\u0101te.<\/p>\n<p>P\u0113rciet t\u016bl\u012bt tie\u0161saist\u0113 vietn\u0113 <a href=\"http:\/\/www.vissveselibai.lv\">www.vissveselibai.lv<\/a><\/p>\n","protected":false},"featured_media":6806,"comment_status":"open","ping_status":"closed","template":"","meta":[],"product_brand":[],"product_cat":[136,138],"product_tag":[150,202],"class_list":{"0":"post-6253","1":"product","2":"type-product","3":"status-publish","4":"has-post-thumbnail","6":"product_cat-immune-support","7":"product_cat-womens-health","8":"product_tag-immune-support","9":"product_tag-imunitates-atbalsts","11":"first","12":"instock","13":"sale","14":"taxable","15":"shipping-taxable","16":"purchasable","17":"product-type-simple"},"_links":{"self":[{"href":"https:\/\/vissveselibai.lv\/en\/wp-json\/wp\/v2\/product\/6253","targetHints":{"allow":["GET"]}}],"collection":[{"href":"https:\/\/vissveselibai.lv\/en\/wp-json\/wp\/v2\/product"}],"about":[{"href":"https:\/\/vissveselibai.lv\/en\/wp-json\/wp\/v2\/types\/product"}],"replies":[{"embeddable":true,"href":"https:\/\/vissveselibai.lv\/en\/wp-json\/wp\/v2\/comments?post=6253"}],"wp:featuredmedia":[{"embeddable":true,"href":"https:\/\/vissveselibai.lv\/en\/wp-json\/wp\/v2\/media\/6806"}],"wp:attachment":[{"href":"https:\/\/vissveselibai.lv\/en\/wp-json\/wp\/v2\/media?parent=6253"}],"wp:term":[{"taxonomy":"product_brand","embeddable":true,"href":"https:\/\/vissveselibai.lv\/en\/wp-json\/wp\/v2\/product_brand?post=6253"},{"taxonomy":"product_cat","embeddable":true,"href":"https:\/\/vissveselibai.lv\/en\/wp-json\/wp\/v2\/product_cat?post=6253"},{"taxonomy":"product_tag","embeddable":true,"href":"https:\/\/vissveselibai.lv\/en\/wp-json\/wp\/v2\/product_tag?post=6253"}],"curies":[{"name":"wp","href":"https:\/\/api.w.org\/{rel}","templated":true}]}}