{"id":6293,"date":"2025-12-01T14:04:52","date_gmt":"2025-12-01T14:04:52","guid":{"rendered":"https:\/\/vissveselibai.lv\/?post_type=product&#038;p=6293"},"modified":"2026-04-08T13:23:58","modified_gmt":"2026-04-08T13:23:58","slug":"gastrozym-uztura-bagatinatajs-ar-enzimiem","status":"publish","type":"product","link":"https:\/\/vissveselibai.lv\/en\/product\/gastrozym-uztura-bagatinatajs-ar-enzimiem\/","title":{"rendered":"GASTROZYM , uztura bag\u0101tin\u0101t\u0101js ar enz\u012bmiem"},"content":{"rendered":"<p><strong>GASTROZYM<\/strong><\/p>\n<p>Uztura\u00a0bag\u0101tin\u0101t\u0101js ar enz\u012bmiem.<\/p>\n<p>30 tabletes<\/p>\n<p><strong>Neto masa:<\/strong> 18 g<\/p>\n<p><strong>Sast\u0101vda\u013cas:\u00a0<\/strong>DigeZyme\u00ae enz\u012bmu komplekss, apjoma palielin\u0101t\u0101js: mikrokrist\u0101lisk\u0101 celuloze; pretsalipes vielas: tauksk\u0101bju magnija s\u0101\u013ci, sil\u012bcija dioks\u012bds; glaz\u0113t\u0101jviela: polivinilspirts.<\/p>\n<table border=\"1\">\n<tbody>\n<tr>\n<td><strong>Satur<\/strong><\/td>\n<td><strong>1 tablete<\/strong><\/td>\n<\/tr>\n<tr>\n<td>DigeZyme\u00ae enz\u012bmu komplekss<\/td>\n<td>300mg (Alfa-amil\u0101ze 7200 DU*; Prote\u0101ze 1800 PC**; Celul\u0101ze 330CU***;<\/p>\n<p>Beta-D-galaktozid\u0101ze 1200 ALU****; Lip\u0101ze 60 FIP*****)<\/td>\n<\/tr>\n<\/tbody>\n<\/table>\n<p>*DU &#8211; Dekstriniz\u0101cijas Vien\u012bbas<\/p>\n<p>**PC &#8211; Prote\u0101zes Vien\u012bbas<\/p>\n<p>***CU &#8211; Celul\u0101zes Vien\u012bbas<\/p>\n<p>****ALU &#8211; Sk\u0101b\u0101s Lakt\u0101zes Vien\u012bbas<\/p>\n<p>*****FIP \u2013 S\u0113n\u012b\u0161u Lip\u0101\u017eu Starptautisk\u0101s Vien\u012bbas<\/p>\n<p><strong>Lieto\u0161ana<\/strong>: pieaugu\u0161ajiem 1 tablete dien\u0101, lieto\u0161anas kursu var atk\u0101rtot. Lieto\u0161anas ilgums 30 dienas. Nav ieteicams komponentu individu\u0101l\u0101s nepanesam\u012bbas gad\u012bjum\u0101, sieviet\u0113m gr\u016btniec\u012bbas un b\u0113rna z\u012bd\u012b\u0161anas laik\u0101.<\/p>\n<p><strong>Ra\u017eot\u0101js:<\/strong>\u00a0SIA \u201cPharma Market Solutions\u201d, Kargo k-1, M\u0101rupe, M\u0101rupes novads, Latvija, LV-2167.<\/p>\n<p><a href=\"https:\/\/pakalpojumi.pvd.gov.lv\/lv\/supplements\/16315\"><b>Vair\u0101k par produktu\u00a0<\/b>\u2192<\/a><\/p>\n<p>P\u0113rciet t\u016bl\u012bt tie\u0161saist\u0113 vietn\u0113\u00a0<a href=\"http:\/\/www.vissveselibai.lv\/\">www.vissveselibai.lv<\/a><\/p>\n","protected":false},"excerpt":{"rendered":"<p><strong>Uztura bag\u0101tin\u0101t\u0101js<\/strong><\/p>\n<p>DigeZyme\u00ae 300mg uztura bag\u0101tin\u0101t\u0101js ar enz\u012bmiem.<\/p>\n<p>&nbsp;<\/p>\n<p>P\u0113rciet t\u016bl\u012bt tie\u0161saist\u0113 vietn\u0113\u00a0<a href=\"http:\/\/www.vissveselibai.lv\/\">www.vissveselibai.lv<\/a><\/p>\n","protected":false},"featured_media":6294,"comment_status":"open","ping_status":"closed","template":"","meta":[],"product_brand":[],"product_cat":[313],"product_tag":[482],"class_list":{"0":"post-6293","1":"product","2":"type-product","3":"status-publish","4":"has-post-thumbnail","6":"product_cat-gremosanas-veseliba","7":"product_tag-enzimi","9":"first","10":"instock","11":"taxable","12":"shipping-taxable","13":"purchasable","14":"product-type-simple"},"_links":{"self":[{"href":"https:\/\/vissveselibai.lv\/en\/wp-json\/wp\/v2\/product\/6293","targetHints":{"allow":["GET"]}}],"collection":[{"href":"https:\/\/vissveselibai.lv\/en\/wp-json\/wp\/v2\/product"}],"about":[{"href":"https:\/\/vissveselibai.lv\/en\/wp-json\/wp\/v2\/types\/product"}],"replies":[{"embeddable":true,"href":"https:\/\/vissveselibai.lv\/en\/wp-json\/wp\/v2\/comments?post=6293"}],"wp:featuredmedia":[{"embeddable":true,"href":"https:\/\/vissveselibai.lv\/en\/wp-json\/wp\/v2\/media\/6294"}],"wp:attachment":[{"href":"https:\/\/vissveselibai.lv\/en\/wp-json\/wp\/v2\/media?parent=6293"}],"wp:term":[{"taxonomy":"product_brand","embeddable":true,"href":"https:\/\/vissveselibai.lv\/en\/wp-json\/wp\/v2\/product_brand?post=6293"},{"taxonomy":"product_cat","embeddable":true,"href":"https:\/\/vissveselibai.lv\/en\/wp-json\/wp\/v2\/product_cat?post=6293"},{"taxonomy":"product_tag","embeddable":true,"href":"https:\/\/vissveselibai.lv\/en\/wp-json\/wp\/v2\/product_tag?post=6293"}],"curies":[{"name":"wp","href":"https:\/\/api.w.org\/{rel}","templated":true}]}}