{"id":6339,"date":"2025-12-03T11:41:58","date_gmt":"2025-12-03T11:41:58","guid":{"rendered":"https:\/\/vissveselibai.lv\/?post_type=product&#038;p=6339"},"modified":"2026-04-10T12:30:11","modified_gmt":"2026-04-10T12:30:11","slug":"10-gab-komplekts-artisoks-mardadzis-artichoke-milk-thistle-tabletes","status":"publish","type":"product","link":"https:\/\/vissveselibai.lv\/en\/product\/10-gab-komplekts-artisoks-mardadzis-artichoke-milk-thistle-tabletes\/","title":{"rendered":"10 gab. komplekts \u2014 ARTI\u0160OKS + M\u0100RDADZIS\/ARTICHOKE + MILK THISTLE tabletes"},"content":{"rendered":"<p>Izdev\u012bgs 10 gab. komplekts<\/p>\n<p><span style=\"font-weight: 400;\">Uztura bag\u0101tin\u0101t\u0101js<\/span><\/p>\n<p><span style=\"font-weight: 400;\">10 x 30 tabletes\u00a0\u00a0\u00a0\u00a0\u00a0\u00a0<\/span><\/p>\n<p><span style=\"font-weight: 400;\"><strong>Neto masa:<\/strong> 10 x 24,45 g<\/span><\/p>\n<p><b>Sast\u0101vda\u013cas: <\/b><span style=\"font-weight: 400;\">apjoma palielin\u0101t\u0101js: mikrokrist\u0101lisk\u0101 celuloze; arti\u0161oka (Cynara cardunculus) lapu <\/span><span style=\"font-weight: 400;\">ekstrakts 10:1, m\u0101rdad\u017ea (Silybum marianum) s\u0113klu ekstrakts 50:1 (80% silimar\u012bna), <\/span><span style=\"font-weight: 400;\">apjoma palielin\u0101t\u0101js: kalcija karbon\u0101ts; pretsalipes vielas: tauksk\u0101bju magnija s\u0101\u013ci, sil\u012bcija <\/span><span style=\"font-weight: 400;\">dioks\u012bds; glaz\u0113t\u0101jviela: polivinilspirts.<\/span><\/p>\n<table>\n<tbody>\n<tr>\n<td><b>Satur<\/b><\/td>\n<td><b>1 tablete<\/b><\/td>\n<\/tr>\n<tr>\n<td>Arti\u0161oka (<i>Cynara cardunculus<\/i>) lapu ekstrakts 10:1<\/td>\n<td>75 mg (atbilst 750 mg auga lapu drogas)<\/td>\n<\/tr>\n<tr>\n<td>M\u0101rdad\u017ea (<i>Silybum marianum<\/i>) s\u0113klu ekstrakts 50:1 (80% silimar\u012bna)<\/td>\n<td>40 mg (atbilst 2000 mg auga s\u0113klu drogas) (32 mg silimar\u012bna)<\/td>\n<\/tr>\n<\/tbody>\n<\/table>\n<p><b>Lieto\u0161ana:<\/b><span style=\"font-weight: 400;\"> Pieaugu\u0161ajiem 1 tablete dien\u0101. <\/span><span style=\"font-weight: 400;\">Lieto\u0161anas ilgums \u2013 30 dienas. <\/span><span style=\"font-weight: 400;\">Nav ieteicams, ja ir komponentu individu\u0101la nepanesam\u012bba, k\u0101 ar\u012b gr\u016btniec\u012bbas un z\u012bd\u012b\u0161anas laik\u0101. Glab\u0101t b\u0113rniem nepieejam\u0101 viet\u0101! <\/span><span style=\"font-weight: 400;\">Nep\u0101rsniegt ieteicamo diennakts devu! <\/span><span style=\"font-weight: 400;\">Uzglab\u0101t ori\u0123in\u0101laj\u0101 iepakojum\u0101, saus\u0101 viet\u0101, istabas temperat\u016br\u0101. <\/span><span style=\"font-weight: 400;\">Neizmantot uztura bag\u0101tin\u0101t\u0101ju k\u0101 pilnv\u0113rt\u012bga un sabalans\u0113ta uztura aizvietot\u0101ju.<\/span><span style=\"font-weight: 400;\"><br \/>\n<\/span><\/p>\n<p><b>Ra\u017eot\u0101js:<\/b><span style=\"font-weight: 400;\"> SIA &#8220;Pharma Market Solutions&#8221;, Kargo k-1, M\u0101rupes novads, M\u0101rup\u0113, Latvija, LV-2167.<\/span><\/p>\n<p><a href=\"https:\/\/pakalpojumi.pvd.gov.lv\/lv\/supplements\/15097\"><b>Vair\u0101k par produktu <\/b>\u2192<\/a><\/p>\n<p>P\u0113rciet t\u016bl\u012bt tie\u0161saist\u0113 vietn\u0113 <a href=\"http:\/\/www.vissveselibai.lv\">www.vissveselibai.lv<\/a><\/p>\n","protected":false},"excerpt":{"rendered":"<p><strong>Uztura bag\u0101tin\u0101t\u0101js<\/strong><\/p>\n<p>Arti\u0161oks veicina svara zudumu. M\u0101rdadzis veicina fiziolo<em>\u0123i<\/em>skas att\u012br\u012b\u0161anas funkcijas.<\/p>\n<p>P\u0113rciet t\u016bl\u012bt tie\u0161saist\u0113 vietn\u0113 <a href=\"http:\/\/www.vissveselibai.lv\">www.vissveselibai.lv<\/a><\/p>\n","protected":false},"featured_media":6800,"comment_status":"open","ping_status":"closed","template":"","meta":[],"product_brand":[],"product_cat":[133,135],"product_tag":[155,117,149,153,156],"class_list":{"0":"post-6339","1":"product","2":"type-product","3":"status-publish","4":"has-post-thumbnail","6":"product_cat-digestive-health","7":"product_cat-general-health","8":"product_tag-artisoks","9":"product_tag-bestseller","10":"product_tag-digestive-health","11":"product_tag-gremosanas-veseliba","12":"product_tag-mardadzis","14":"first","15":"instock","16":"sale","17":"taxable","18":"shipping-taxable","19":"purchasable","20":"product-type-simple"},"_links":{"self":[{"href":"https:\/\/vissveselibai.lv\/en\/wp-json\/wp\/v2\/product\/6339","targetHints":{"allow":["GET"]}}],"collection":[{"href":"https:\/\/vissveselibai.lv\/en\/wp-json\/wp\/v2\/product"}],"about":[{"href":"https:\/\/vissveselibai.lv\/en\/wp-json\/wp\/v2\/types\/product"}],"replies":[{"embeddable":true,"href":"https:\/\/vissveselibai.lv\/en\/wp-json\/wp\/v2\/comments?post=6339"}],"wp:featuredmedia":[{"embeddable":true,"href":"https:\/\/vissveselibai.lv\/en\/wp-json\/wp\/v2\/media\/6800"}],"wp:attachment":[{"href":"https:\/\/vissveselibai.lv\/en\/wp-json\/wp\/v2\/media?parent=6339"}],"wp:term":[{"taxonomy":"product_brand","embeddable":true,"href":"https:\/\/vissveselibai.lv\/en\/wp-json\/wp\/v2\/product_brand?post=6339"},{"taxonomy":"product_cat","embeddable":true,"href":"https:\/\/vissveselibai.lv\/en\/wp-json\/wp\/v2\/product_cat?post=6339"},{"taxonomy":"product_tag","embeddable":true,"href":"https:\/\/vissveselibai.lv\/en\/wp-json\/wp\/v2\/product_tag?post=6339"}],"curies":[{"name":"wp","href":"https:\/\/api.w.org\/{rel}","templated":true}]}}