{"id":6352,"date":"2025-12-03T12:12:08","date_gmt":"2025-12-03T12:12:08","guid":{"rendered":"https:\/\/vissveselibai.lv\/?post_type=product&#038;p=6352"},"modified":"2026-01-29T12:02:49","modified_gmt":"2026-01-29T12:02:49","slug":"10-gab-komplekts-vitamins-d3-4000-iu-vitamins-k2-100-%ce%bcg-tabletes","status":"publish","type":"product","link":"https:\/\/vissveselibai.lv\/en\/product\/10-gab-komplekts-vitamins-d3-4000-iu-vitamins-k2-100-%ce%bcg-tabletes\/","title":{"rendered":"10 gab. komplekts \u2014VITAM\u012aNS D3 4000 IU + VITAM\u012aNS K2 100 \u039cG  tabletes"},"content":{"rendered":"<p>Izdev\u012bgs 10 gab. komplekts<\/p>\n<p>Uztura bag\u0101tin\u0101t\u0101js<\/p>\n<p>10 x 60 tabletes<\/p>\n<p><strong>Neto masa:<\/strong> 10 x 15 g<\/p>\n<p><strong>Sast\u0101vda\u013cas:<\/strong> apjoma palielin\u0101t\u0101ji: mikrokrist\u0101lisk\u0101 celuloze, dikalcija fosf\u0101ts; holekalciferols, menahinons, pretsalipes vielas: tauksk\u0101bju magnija s\u0101\u013ci, sil\u012bcija dioks\u012bds.<\/p>\n<table border=\"1\">\n<tbody>\n<tr>\n<td><strong>Satur<\/strong><\/td>\n<td><strong>1 tablete (% NRV*)<\/strong><\/td>\n<\/tr>\n<tr>\n<td>Vitam\u012bns D<sub>3<\/sub><\/td>\n<td>100 \u00b5g (2000 %)<\/td>\n<\/tr>\n<tr>\n<td>Vitam\u012bns K<sub>2<\/sub><\/td>\n<td>100 \u00b5g (133,3 %)<\/td>\n<\/tr>\n<\/tbody>\n<\/table>\n<p>*NRV- uzturvielu atsauces v\u0113rt\u012bba<\/p>\n<p><strong>Lieto\u0161ana:<\/strong> pieaugu\u0161ajiem 1 tablete dien\u0101 \u0113\u0161anas laik\u0101. \u00a0Pirms lieto\u0161anas ieteicams konsult\u0113ties ar \u0101rstu vai farmaceitu. Nelietot komponentu individu\u0101l\u0101s nepanes\u012bbas gad\u012bjum\u0101, gr\u016btniec\u012bbas un kr\u016bts baro\u0161anas laik\u0101.<\/p>\n<p>Glab\u0101t b\u0113rniem nepieejam\u0101 viet\u0101! Nep\u0101rsniegt ieteicamo diennakts devu! Uzglab\u0101t ori\u0123in\u0101liepakojum\u0101, saus\u0101 viet\u0101, istabas temperat\u016br\u0101! Neizmantot uztura bag\u0101tin\u0101t\u0101ju pilnv\u0113rt\u012bga un sabalans\u0113ta uztura aizvieto\u0161anai!<\/p>\n<p><strong>Ra\u017eot\u0101js<\/strong>: SIA Pharma Market Solutions, Edinburgas pr. 11-9, J\u016brmala, LV-2015, Latvija.<\/p>\n<p><a href=\"https:\/\/pakalpojumi.pvd.gov.lv\/lv\/supplements\/6977\"><b>Vair\u0101k par produktu <\/b>\u2192<\/a><\/p>\n<p>P\u0113rciet t\u016bl\u012bt tie\u0161saist\u0113 vietn\u0113 <a href=\"http:\/\/www.vissveselibai.lv\">www.vissveselibai.lv<\/a><\/p>\n","protected":false},"excerpt":{"rendered":"<p><strong>Uztura bag\u0101tin\u0101t\u0101js<\/strong><\/p>\n<p>D vitam\u012bns un K vitam\u012bns pal\u012bdz uztur\u0113t kaulu vesel\u012bbu. D vitam\u012bns veicina norm\u0101lu im\u016bnsist\u0113mas darb\u012bbu. D vitam\u012bns nepiecie\u0161ams \u0161\u016bnu dal\u012b\u0161an\u0101s procesam. K vitam\u012bns veicina norm\u0101lu asinsreci.<\/p>\n<p>P\u0113rciet t\u016bl\u012bt tie\u0161saist\u0113 vietn\u0113 <a href=\"http:\/\/www.vissveselibai.lv\">www.vissveselibai.lv<\/a><\/p>\n","protected":false},"featured_media":6794,"comment_status":"open","ping_status":"closed","template":"","meta":[],"product_brand":[],"product_cat":[135,136],"product_tag":[209,185,208,198],"class_list":{"0":"post-6352","1":"product","2":"type-product","3":"status-publish","4":"has-post-thumbnail","6":"product_cat-general-health","7":"product_cat-immune-support","8":"product_tag-asinsvadu-elastiba","9":"product_tag-imunitates-stiprinasana","10":"product_tag-kaulu-veseliba","11":"product_tag-sirds-un-asinsvadu-veseliba","13":"first","14":"instock","15":"sale","16":"taxable","17":"shipping-taxable","18":"purchasable","19":"product-type-simple"},"_links":{"self":[{"href":"https:\/\/vissveselibai.lv\/en\/wp-json\/wp\/v2\/product\/6352","targetHints":{"allow":["GET"]}}],"collection":[{"href":"https:\/\/vissveselibai.lv\/en\/wp-json\/wp\/v2\/product"}],"about":[{"href":"https:\/\/vissveselibai.lv\/en\/wp-json\/wp\/v2\/types\/product"}],"replies":[{"embeddable":true,"href":"https:\/\/vissveselibai.lv\/en\/wp-json\/wp\/v2\/comments?post=6352"}],"wp:featuredmedia":[{"embeddable":true,"href":"https:\/\/vissveselibai.lv\/en\/wp-json\/wp\/v2\/media\/6794"}],"wp:attachment":[{"href":"https:\/\/vissveselibai.lv\/en\/wp-json\/wp\/v2\/media?parent=6352"}],"wp:term":[{"taxonomy":"product_brand","embeddable":true,"href":"https:\/\/vissveselibai.lv\/en\/wp-json\/wp\/v2\/product_brand?post=6352"},{"taxonomy":"product_cat","embeddable":true,"href":"https:\/\/vissveselibai.lv\/en\/wp-json\/wp\/v2\/product_cat?post=6352"},{"taxonomy":"product_tag","embeddable":true,"href":"https:\/\/vissveselibai.lv\/en\/wp-json\/wp\/v2\/product_tag?post=6352"}],"curies":[{"name":"wp","href":"https:\/\/api.w.org\/{rel}","templated":true}]}}