{"id":6367,"date":"2025-12-03T13:18:19","date_gmt":"2025-12-03T13:18:19","guid":{"rendered":"https:\/\/vissveselibai.lv\/?post_type=product&#038;p=6367"},"modified":"2026-04-10T12:29:05","modified_gmt":"2026-04-10T12:29:05","slug":"10-gab-komplekts-dzervenu-ekstrakts-tabletes","status":"publish","type":"product","link":"https:\/\/vissveselibai.lv\/en\/product\/10-gab-komplekts-dzervenu-ekstrakts-tabletes\/","title":{"rendered":"10 gab. komplekts \u2014 DZ\u0112RVE\u0145U EKSTRAKTS tabletes"},"content":{"rendered":"<p>Izdev\u012bgs 10 gab. komplekts<\/p>\n<p>Uztura bag\u0101tin\u0101t\u0101js<\/p>\n<p>10 x 30 tabletes<\/p>\n<p><strong>Neto masa:<\/strong> 10 x 22,5 g<\/p>\n<p><strong>Sast\u0101vda\u013cas:<\/strong>\u00a0apjoma palielin\u0101t\u0101ji: kalcija karbon\u0101ts, mikrokrist\u0101lisk\u0101 celuloze; L-askorbinsk\u0101be, dz\u0113rve\u0146u (Vaccinium macrocarpon L.) ogu ekstrakts, pretsalipes vielas: tauksk\u0101bju magnija s\u0101\u013ci, sil\u012bcija dioks\u012bds; glaz\u0113t\u0101jviela: hidroksipropilmetilceluloze.<\/p>\n<table border=\"1\">\n<tbody>\n<tr>\n<td><strong>Satur<\/strong><\/td>\n<td><strong>1 tablete <\/strong><\/td>\n<\/tr>\n<tr>\n<td>Vitam\u012bns C<\/td>\n<td>90 mg (112,5% no NRV*)<\/td>\n<\/tr>\n<tr>\n<td>Dz\u0113rve\u0146u (Vaccinium macrocarpon L.) ogu ekstrakts 50:1 (2,5% proantocianid\u012bni)<\/td>\n<td>50 mg (atbilst 2500 mg auga drogas) (1,25 mg proantocianid\u012bni)<\/td>\n<\/tr>\n<\/tbody>\n<\/table>\n<p>*NRV- uzturvielu atsauces v\u0113rt\u012bba<\/p>\n<p><strong>Lieto\u0161ana<\/strong>: pieaugu\u0161ajiem 1 tablete dien\u0101. Lieto\u0161anas ilgums 30 dienas. Nav ieteicams komponentu individu\u0101l\u0101s nepanesam\u012bbas gad\u012bjum\u0101, sieviet\u0113m gr\u016btniec\u012bbas un b\u0113rna z\u012bd\u012b\u0161anas laik\u0101. Glab\u0101t b\u0113rniem nepieejam\u0101 viet\u0101! Nep\u0101rsniegt ieteicamo diennakts devu! Uzglab\u0101t ori\u0123in\u0101liepakojum\u0101, saus\u0101 viet\u0101, istabas temperat\u016br\u0101! Neizmantot uztura bag\u0101tin\u0101t\u0101ju pilnv\u0113rt\u012bga un sabalans\u0113ta uztura aizvieto\u0161anai!<\/p>\n<p><strong>Ra\u017eot\u0101js:<\/strong> SIA &#8220;Pharma Market Solutions&#8221;, Edinburgas pr.11-9, J\u016brmala, Latvija, LV-2015.<\/p>\n<p><a href=\"https:\/\/pakalpojumi.pvd.gov.lv\/lv\/supplements\/14813\"><b>Vair\u0101k par produktu <\/b>\u2192<\/a><\/p>\n<p>P\u0113rciet t\u016bl\u012bt tie\u0161saist\u0113 vietn\u0113 <a href=\"http:\/\/www.vissveselibai.lv\">www.vissveselibai.lv<\/a><\/p>\n","protected":false},"excerpt":{"rendered":"<p><strong>Uztura bag\u0101tin\u0101t\u0101js<\/strong><\/p>\n<p>Bez \u0122MO. Nesatur glut\u0113nu. Piem\u0113rots veg\u0101niem<\/p>\n<p>P\u0113rciet t\u016bl\u012bt tie\u0161saist\u0113 vietn\u0113 <a href=\"http:\/\/www.vissveselibai.lv\">www.vissveselibai.lv<\/a><\/p>\n","protected":false},"featured_media":6787,"comment_status":"open","ping_status":"closed","template":"","meta":[],"product_brand":[],"product_cat":[135],"product_tag":[],"class_list":{"0":"post-6367","1":"product","2":"type-product","3":"status-publish","4":"has-post-thumbnail","6":"product_cat-general-health","8":"first","9":"instock","10":"sale","11":"taxable","12":"shipping-taxable","13":"purchasable","14":"product-type-simple"},"_links":{"self":[{"href":"https:\/\/vissveselibai.lv\/en\/wp-json\/wp\/v2\/product\/6367","targetHints":{"allow":["GET"]}}],"collection":[{"href":"https:\/\/vissveselibai.lv\/en\/wp-json\/wp\/v2\/product"}],"about":[{"href":"https:\/\/vissveselibai.lv\/en\/wp-json\/wp\/v2\/types\/product"}],"replies":[{"embeddable":true,"href":"https:\/\/vissveselibai.lv\/en\/wp-json\/wp\/v2\/comments?post=6367"}],"wp:featuredmedia":[{"embeddable":true,"href":"https:\/\/vissveselibai.lv\/en\/wp-json\/wp\/v2\/media\/6787"}],"wp:attachment":[{"href":"https:\/\/vissveselibai.lv\/en\/wp-json\/wp\/v2\/media?parent=6367"}],"wp:term":[{"taxonomy":"product_brand","embeddable":true,"href":"https:\/\/vissveselibai.lv\/en\/wp-json\/wp\/v2\/product_brand?post=6367"},{"taxonomy":"product_cat","embeddable":true,"href":"https:\/\/vissveselibai.lv\/en\/wp-json\/wp\/v2\/product_cat?post=6367"},{"taxonomy":"product_tag","embeddable":true,"href":"https:\/\/vissveselibai.lv\/en\/wp-json\/wp\/v2\/product_tag?post=6367"}],"curies":[{"name":"wp","href":"https:\/\/api.w.org\/{rel}","templated":true}]}}