{"id":6397,"date":"2025-12-03T14:07:03","date_gmt":"2025-12-03T14:07:03","guid":{"rendered":"https:\/\/vissveselibai.lv\/?post_type=product&#038;p=6397"},"modified":"2026-04-10T12:27:24","modified_gmt":"2026-04-10T12:27:24","slug":"10-gab-komplekts-formula-anti-stress-tabletes","status":"publish","type":"product","link":"https:\/\/vissveselibai.lv\/en\/product\/10-gab-komplekts-formula-anti-stress-tabletes\/","title":{"rendered":"10 gab. komplekts \u2014 FORMULA ANTI-STRESS  tabletes"},"content":{"rendered":"<p>Izdev\u012bgs 10 gab. komplekts<\/p>\n<p>Uztura bag\u0101tin\u0101t\u0101js<\/p>\n<p>10 x 30 tabletes<\/p>\n<p><strong>Neto masa: <\/strong>10 x 38.625 g<\/p>\n<p><strong>Sast\u0101vda\u013cas:<\/strong> L-askorb\u012bnsk\u0101be, kalcija karbon\u0101ts, apjoma palielin\u0101t\u0101js: \u00a0mikrokrist\u0101lisk\u0101 celuloze, \u0101rstniec\u012bbas baldri\u0101na sak\u0146u ekstrakts, DL-alfa-tokoferilacet\u0101ts ar cieti, magnija oks\u012bds, cinka oks\u012bds, glaz\u0113t\u0101jviela: hidroksipropilmetilceluloze, nes\u0113jviela: maltodekstr\u012bns, nikot\u012bnam\u012bds, kalcija D-pantoten\u0101ts, hol\u012bna bitartr\u0101ts, pretsalipes viela: tauksk\u0101bju magnija s\u0101\u013ci, ci\u0101nkobalam\u012bns, paraaminobenzosk\u0101be, piridoks\u012bna hidrohlor\u012bds, tiam\u012bna hidrohlor\u012bds, riboflav\u012bns, pasifloras lakstu ekstrakts, \u0101rstniec\u012bbas melisas lapu ekstrakts, kumel\u012btes ziedu ekstrakts, eleiterakoka sak\u0146u ekstrakts, api\u0146u aug\u013ckopu ekstrakts, kr\u0101sviela: riboflav\u012bns, pteroilmonoglutam\u012bnsk\u0101be.<\/p>\n<table>\n<tbody>\n<tr>\n<td>\u00a0<strong>Satur<\/strong><\/td>\n<td><strong>1 tablete (% NRV*)<\/strong><\/td>\n<\/tr>\n<tr>\n<td>Vitam\u012bns C<\/td>\n<td>350,0 mg (437,5 %)<\/td>\n<\/tr>\n<tr>\n<td>Vitam\u012bns E<\/td>\n<td>27,0 mg \u03b1-TE (225,0 %)<\/td>\n<\/tr>\n<tr>\n<td>Niac\u012bns\/Vitam\u012bns B<sub>3<\/sub><\/td>\n<td>20,0 mg NE (125,0 %)<\/td>\n<\/tr>\n<tr>\n<td>Vitam\u012bns B<sub>6<\/sub><\/td>\n<td>3,0 mg (214,2 %)<\/td>\n<\/tr>\n<tr>\n<td>Vitam\u012bns B<sub>12<\/sub><\/td>\n<td>6,0 \u00b5g (240,0 %)<\/td>\n<\/tr>\n<tr>\n<td>Vitam\u012bns B<sub>1<\/sub><\/td>\n<td>3,0 mg (272,7 %)<\/td>\n<\/tr>\n<tr>\n<td>Vitam\u012bns B<sub>2<\/sub><\/td>\n<td>2,0 mg (142,8 %)<\/td>\n<\/tr>\n<tr>\n<td>Pantot\u0113nsk\u0101be\/ Vitam\u012bns B<sub>5<\/sub><\/td>\n<td>15,0 mg (250,0 %)<\/td>\n<\/tr>\n<tr>\n<td>Folijsk\u0101be<\/td>\n<td>400,0 \u00b5g (200,0 %)<\/td>\n<\/tr>\n<tr>\n<td>Kalcijs<\/td>\n<td>130,0 mg (16,2 %)<\/td>\n<\/tr>\n<tr>\n<td>Cinks<\/td>\n<td>25,0 mg (250,0 %)<\/td>\n<\/tr>\n<tr>\n<td>Hol\u012bns<\/td>\n<td>5,0 mg<\/td>\n<\/tr>\n<tr>\n<td>Paraaminobenzosk\u0101be (PABA)<\/td>\n<td>5,0 mg<\/td>\n<\/tr>\n<tr>\n<td>Baldri\u0101na (<em>Valeriana officinalis<\/em>) sak\u0146u ekstrakts 2:1<\/td>\n<td>100,0 mg<\/td>\n<\/tr>\n<tr>\n<td>Pasifloras (<em>Passiflora incarnata<\/em>) lakstu ekstrakts 4:1<\/td>\n<td>2,0 mg<\/td>\n<\/tr>\n<tr>\n<td>\u0100rstniec\u012bbas melisas (<em>Melissa officinalis<\/em>)\u00a0 lapu ekstrakts 4:1<\/td>\n<td>2,0 mg<\/td>\n<\/tr>\n<tr>\n<td>Kumel\u012btes (<em>Matricaria chamomilla<\/em>) ziedu ekstrakts 12:1<\/td>\n<td>1,0 mg<\/td>\n<\/tr>\n<tr>\n<td>Eleiterakoka (<em>Eleutherococcus senticosus<\/em>) sak\u0146u ekstrakts 25:1<\/td>\n<td>1,0 mg<\/td>\n<\/tr>\n<tr>\n<td>Api\u0146u (<em>Humulus lupulus<\/em>) aug\u013ckopu ekstrakts 7,5:1<\/td>\n<td>1,0 mg<\/td>\n<\/tr>\n<\/tbody>\n<\/table>\n<p>*NRV- uzturvielu atsauces v\u0113rt\u012bba<\/p>\n<p><strong>Lieto\u0161ana:<\/strong> pieaugu\u0161ajiem pa 1 tabletei dien\u0101. Pirms lieto\u0161anas ieteicams konsult\u0113ties ar \u0101rstu vai farmaceitu. Nav ieteicams b\u0113rniem l\u012bdz 18 gadu vecumam, komponentu individu\u0101l\u0101s nepanes\u012bbas gad\u012bjum\u0101, sieviet\u0113m gr\u016btniec\u012bbas un b\u0113rna z\u012bd\u012b\u0161anas laik\u0101, cilv\u0113kiem, kuru darbs ir saist\u012bts ar pastiprin\u0101tu uzman\u012bbu. Cilv\u0113kiem ar hronisku enterokol\u012btu j\u0101iev\u0113ro piesardz\u012bba lieto\u0161an\u0101.<\/p>\n<p>Veicina relaks\u0101ciju. Pal\u012bdz samazin\u0101t nogurumu un nesp\u0113ku. Pal\u012bdz tikt gal\u0101 ar steidz\u012bg\u0101 dz\u012bvesveida izrais\u012bto stresu. Glab\u0101t b\u0113rniem nepieejam\u0101 viet\u0101! Nep\u0101rsniegt ieteicamo diennakts devu! Neizmantot uztura bag\u0101tin\u0101t\u0101ju pilnv\u0113rt\u012bga un sabalans\u0113ta uztura aizvieto\u0161anai! Uzglab\u0101t ori\u0123in\u0101liepakojum\u0101, saus\u0101 viet\u0101, istabas temperat\u016br\u0101!<\/p>\n<p><strong>Ra\u017eot\u0101js:<\/strong> SIA Pharma Market Solutions (Edinburgas pr. 11-9, J\u016brmala, LV-2015, Latvija)<\/p>\n<p><a href=\"https:\/\/pakalpojumi.pvd.gov.lv\/lv\/supplements\/8234\"><b>Vair\u0101k par produktu <\/b>\u2192<\/a><\/p>\n<p>P\u0113rciet t\u016bl\u012bt tie\u0161saist\u0113 vietn\u0113 <a href=\"http:\/\/www.vissveselibai.lv\">www.vissveselibai.lv<\/a><\/p>\n","protected":false},"excerpt":{"rendered":"<p><strong>Uztura bag\u0101tin\u0101t\u0101js<\/strong><\/p>\n<p>Baldri\u0101na un api\u0146u ekstraktu kombin\u0101cija pal\u012bdz uztur\u0113t vesel\u012bgu miegu. Baldri\u0101na saknes ekstrakts veicina relaks\u0101ciju spriedzes un stresa laik\u0101 un sekm\u0113 gar\u012bgo labsaj\u016btu, pal\u012bdz tikt gal\u0101 ar steidz\u012bg\u0101 dz\u012bvesveida izrais\u012bto stresu. B<sub>6<\/sub>, B<sub>12<\/sub>, C vitam\u012bni veicina norm\u0101lu nervu sist\u0113mas darb\u012bbu. B<sub>12<\/sub>\u00a0un B<sub>5<\/sub>\u00a0vitam\u012bni pal\u012bdz samazin\u0101t nogurumu un nesp\u0113ku. E vitam\u012bns veicina \u0161\u016bnu aizsardz\u012bbu pret oksidat\u012bvo stresu.<\/p>\n<p>P\u0113rciet t\u016bl\u012bt tie\u0161saist\u0113 vietn\u0113 <a href=\"http:\/\/www.vissveselibai.lv\">www.vissveselibai.lv<\/a><\/p>\n","protected":false},"featured_media":6775,"comment_status":"open","ping_status":"closed","template":"","meta":[],"product_brand":[],"product_cat":[139],"product_tag":[117,164,204,163],"class_list":{"0":"post-6397","1":"product","2":"type-product","3":"status-publish","4":"has-post-thumbnail","6":"product_cat-stress-sleep-support","7":"product_tag-bestseller","8":"product_tag-nervu-sistema","9":"product_tag-stresa-mazinasana","10":"product_tag-stress","12":"first","13":"instock","14":"sale","15":"taxable","16":"shipping-taxable","17":"purchasable","18":"product-type-simple"},"_links":{"self":[{"href":"https:\/\/vissveselibai.lv\/en\/wp-json\/wp\/v2\/product\/6397","targetHints":{"allow":["GET"]}}],"collection":[{"href":"https:\/\/vissveselibai.lv\/en\/wp-json\/wp\/v2\/product"}],"about":[{"href":"https:\/\/vissveselibai.lv\/en\/wp-json\/wp\/v2\/types\/product"}],"replies":[{"embeddable":true,"href":"https:\/\/vissveselibai.lv\/en\/wp-json\/wp\/v2\/comments?post=6397"}],"wp:featuredmedia":[{"embeddable":true,"href":"https:\/\/vissveselibai.lv\/en\/wp-json\/wp\/v2\/media\/6775"}],"wp:attachment":[{"href":"https:\/\/vissveselibai.lv\/en\/wp-json\/wp\/v2\/media?parent=6397"}],"wp:term":[{"taxonomy":"product_brand","embeddable":true,"href":"https:\/\/vissveselibai.lv\/en\/wp-json\/wp\/v2\/product_brand?post=6397"},{"taxonomy":"product_cat","embeddable":true,"href":"https:\/\/vissveselibai.lv\/en\/wp-json\/wp\/v2\/product_cat?post=6397"},{"taxonomy":"product_tag","embeddable":true,"href":"https:\/\/vissveselibai.lv\/en\/wp-json\/wp\/v2\/product_tag?post=6397"}],"curies":[{"name":"wp","href":"https:\/\/api.w.org\/{rel}","templated":true}]}}