{"id":6533,"date":"2025-12-18T10:57:38","date_gmt":"2025-12-18T10:57:38","guid":{"rendered":"https:\/\/vissveselibai.lv\/?post_type=product&#038;p=6533"},"modified":"2026-04-10T12:27:05","modified_gmt":"2026-04-10T12:27:05","slug":"melatonins-1-mg-tabletes","status":"publish","type":"product","link":"https:\/\/vissveselibai.lv\/en\/product\/melatonins-1-mg-tabletes\/","title":{"rendered":"MELATON\u012aNS 1 mg , tabletes"},"content":{"rendered":"<p>MELATON\u012aNS 1 mg<\/p>\n<p>Uztura bag\u0101tin\u0101t\u0101js<\/p>\n<p>Lab\u0101kam miegam.<\/p>\n<p>Melaton\u012bns pal\u012bdz samazin\u0101t iemig\u0161anai nepiecie\u0161amo laiku. Labv\u0113l\u012bgo ietekmi pan\u0101k, uz\u0146emot 1mg melaton\u012bna pirms gul\u0113tie\u0161anas.<\/p>\n<p>30 tabletes<\/p>\n<p><strong>Neto masa:<\/strong> 16,5 g<\/p>\n<p><strong>Sast\u0101vda\u013cas:<\/strong> apjoma palielin\u0101t\u0101ji: mikrokrist\u0101liska celuloze, kalcija hidrog\u0113nfosf\u0101ts,\u00a0pretsalipes vielas: tauksk\u0101bju magnija s\u0101\u013ci, sil\u012bcija dioks\u012bds; glaz\u0113t\u0101jviela: hidroksipropilmetilceluloze, mitrumuztur\u0113t\u0101js: glicer\u012bns, melaton\u012bns &#8211; 1 mg.<\/p>\n<p>Lieto\u0161ana: Pieaugu\u0161ajiem 1 tablete dien\u0101 pirms gul\u0113tie\u0161anas. Glab\u0101t b\u0113rniem nepieejam\u0101 viet\u0101! Nep\u0101rsniegt ieteicamo diennakts devu! Uzglab\u0101t ori\u0123in\u0101liepakojum\u0101, saus\u0101 viet\u0101, istabas temperat\u016br\u0101! Neizmantot uztura bag\u0101tin\u0101t\u0101ju pilnv\u0113rt\u012bga un sabalans\u0113ta uztura aizvieto\u0161anai!<\/p>\n<p><strong>Ra\u017eot\u0101js:<\/strong> SIA Pharma Market Solutions (Edinburgas pr. 11-9, J\u016brmala, LV-2015)<\/p>\n<p><a href=\"https:\/\/pakalpojumi.pvd.gov.lv\/lv\/supplements\/2121\"><b>Vair\u0101k par produktu\u00a0<\/b>\u2192<\/a><\/p>\n<p>P\u0113rciet t\u016bl\u012bt tie\u0161saist\u0113 vietn\u0113\u00a0<a href=\"http:\/\/www.vissveselibai.lv\/\">www.vissveselibai.lv<\/a><\/p>\n","protected":false},"excerpt":{"rendered":"<p><strong>Uztura bag\u0101tin\u0101t\u0101js<\/strong><\/p>\n<p>Lab\u0101kam miegam. Melaton\u012bns pal\u012bdz samazin\u0101t iemig\u0161anai nepiecie\u0161amo laiku. Labv\u0113l\u012bgo ietekmi pan\u0101k, uz\u0146emot 1mg melaton\u012bna pirms gul\u0113tie\u0161anas.<\/p>\n<p>P\u0113rciet t\u016bl\u012bt tie\u0161saist\u0113 vietn\u0113\u00a0<a href=\"http:\/\/www.vissveselibai.lv\/\">www.vissveselibai.lv<\/a><\/p>\n","protected":false},"featured_media":6534,"comment_status":"open","ping_status":"closed","template":"","meta":[],"product_brand":[],"product_cat":[139],"product_tag":[475,474,203],"class_list":{"0":"post-6533","1":"product","2":"type-product","3":"status-publish","4":"has-post-thumbnail","6":"product_cat-stress-sleep-support","7":"product_tag-miega-atbalsts","8":"product_tag-miegs","9":"product_tag-sleep","11":"first","12":"instock","13":"sale","14":"taxable","15":"shipping-taxable","16":"purchasable","17":"product-type-simple"},"_links":{"self":[{"href":"https:\/\/vissveselibai.lv\/en\/wp-json\/wp\/v2\/product\/6533","targetHints":{"allow":["GET"]}}],"collection":[{"href":"https:\/\/vissveselibai.lv\/en\/wp-json\/wp\/v2\/product"}],"about":[{"href":"https:\/\/vissveselibai.lv\/en\/wp-json\/wp\/v2\/types\/product"}],"replies":[{"embeddable":true,"href":"https:\/\/vissveselibai.lv\/en\/wp-json\/wp\/v2\/comments?post=6533"}],"wp:featuredmedia":[{"embeddable":true,"href":"https:\/\/vissveselibai.lv\/en\/wp-json\/wp\/v2\/media\/6534"}],"wp:attachment":[{"href":"https:\/\/vissveselibai.lv\/en\/wp-json\/wp\/v2\/media?parent=6533"}],"wp:term":[{"taxonomy":"product_brand","embeddable":true,"href":"https:\/\/vissveselibai.lv\/en\/wp-json\/wp\/v2\/product_brand?post=6533"},{"taxonomy":"product_cat","embeddable":true,"href":"https:\/\/vissveselibai.lv\/en\/wp-json\/wp\/v2\/product_cat?post=6533"},{"taxonomy":"product_tag","embeddable":true,"href":"https:\/\/vissveselibai.lv\/en\/wp-json\/wp\/v2\/product_tag?post=6533"}],"curies":[{"name":"wp","href":"https:\/\/api.w.org\/{rel}","templated":true}]}}