{"id":6560,"date":"2025-12-18T11:29:00","date_gmt":"2025-12-18T11:29:00","guid":{"rendered":"https:\/\/vissveselibai.lv\/?post_type=product&#038;p=6560"},"modified":"2026-04-08T12:58:56","modified_gmt":"2026-04-08T12:58:56","slug":"folijskabe-400-%c2%b5g-tabletes","status":"publish","type":"product","link":"https:\/\/vissveselibai.lv\/en\/product\/folijskabe-400-%c2%b5g-tabletes\/","title":{"rendered":"Folijsk\u0101be 400 \u00b5g , tabletes"},"content":{"rendered":"<p>Folijsk\u0101be 400 \u00b5g<\/p>\n<p>Uztura bag\u0101tin\u0101t\u0101js<\/p>\n<p>Papildina uzturu ar folijsk\u0101bi.<\/p>\n<p>Folijsk\u0101be (fol\u0101ti) veicina norm\u0101lu asinsradi un homociste\u012bna vielmai\u0146u. Folijsk\u0101be (fol\u0101ti) ir nepiecie\u0161ama \u0161\u016bnu dal\u012b\u0161an\u0101s procesam.<\/p>\n<p>1 dien\u0101.<\/p>\n<p>60 tabletes<\/p>\n<p><strong>Neto masa:<\/strong> 10,86g<\/p>\n<p><strong>Sast\u0101vda\u013cas:<\/strong>\u00a0apjoma palielin\u0101t\u0101ji: mikrokrist\u0101lisk\u0101 celuloze, dikalcija fosf\u0101ts; glaz\u0113t\u0101jviela: polivinilspirts; pretsalipes vielas: tauksk\u0101bju magnija s\u0101\u013ci, sil\u012bcija dioks\u012bds; pteroilmonoglutam\u012bnsk\u0101be.<\/p>\n<p>&nbsp;<\/p>\n<table border=\"1\">\n<tbody>\n<tr>\n<td><strong>Satur<\/strong><\/td>\n<td><strong>1 tablete<\/strong><\/td>\n<\/tr>\n<tr>\n<td>Folijsk\u0101be<\/td>\n<td>400 \u00b5g (200% no NRV*)<\/td>\n<\/tr>\n<\/tbody>\n<\/table>\n<p>*NRV \u2013 uzturvielu atsauces v\u0113rt\u012bba<\/p>\n<p>Lieto\u0161ana: pieaugu\u0161ajiem 1 tablete dien\u0101. Glab\u0101t b\u0113rniem nepieejam\u0101 viet\u0101! Nep\u0101rsniegt ieteicamo diennakts devu! Uzglab\u0101t ori\u0123in\u0101liepakojum\u0101, saus\u0101 viet\u0101, istabas temperat\u016br\u0101! Neizmantot uztura bag\u0101tin\u0101t\u0101ju pilnv\u0113rt\u012bga un sabalans\u0113ta uztura aizvieto\u0161anai!<\/p>\n<p><strong>Ra\u017eot\u0101js:<\/strong> SIA Pharma Market Solutions, Edinburgas pr. 11-9, J\u016brmala, Latvija.<\/p>\n<p><a href=\"https:\/\/pakalpojumi.pvd.gov.lv\/lv\/supplements\/15091\"><b>Vair\u0101k par produktu\u00a0<\/b>\u2192<\/a><\/p>\n<p>P\u0113rciet t\u016bl\u012bt tie\u0161saist\u0113 vietn\u0113\u00a0<a href=\"http:\/\/www.vissveselibai.lv\/\">www.vissveselibai.lv<\/a><\/p>\n","protected":false},"excerpt":{"rendered":"<p><strong>Uztura bag\u0101tin\u0101t\u0101js<\/strong><\/p>\n<p>Papildina uzturu ar folijsk\u0101bi. Folijsk\u0101be (fol\u0101ti) veicina norm\u0101lu asinsradi un homociste\u012bna vielmai\u0146u. Folijsk\u0101be (fol\u0101ti) ir nepiecie\u0161ama \u0161\u016bnu dal\u012b\u0161an\u0101s procesam.<\/p>\n<p>P\u0113rciet t\u016bl\u012bt tie\u0161saist\u0113 vietn\u0113\u00a0<a href=\"http:\/\/www.vissveselibai.lv\/\">www.vissveselibai.lv<\/a><\/p>\n","protected":false},"featured_media":6561,"comment_status":"open","ping_status":"closed","template":"","meta":[],"product_brand":[],"product_cat":[138],"product_tag":[201],"class_list":{"0":"post-6560","1":"product","2":"type-product","3":"status-publish","4":"has-post-thumbnail","6":"product_cat-womens-health","7":"product_tag-sieviesu-veseliba","9":"first","10":"instock","11":"sale","12":"taxable","13":"shipping-taxable","14":"purchasable","15":"product-type-simple"},"_links":{"self":[{"href":"https:\/\/vissveselibai.lv\/en\/wp-json\/wp\/v2\/product\/6560","targetHints":{"allow":["GET"]}}],"collection":[{"href":"https:\/\/vissveselibai.lv\/en\/wp-json\/wp\/v2\/product"}],"about":[{"href":"https:\/\/vissveselibai.lv\/en\/wp-json\/wp\/v2\/types\/product"}],"replies":[{"embeddable":true,"href":"https:\/\/vissveselibai.lv\/en\/wp-json\/wp\/v2\/comments?post=6560"}],"wp:featuredmedia":[{"embeddable":true,"href":"https:\/\/vissveselibai.lv\/en\/wp-json\/wp\/v2\/media\/6561"}],"wp:attachment":[{"href":"https:\/\/vissveselibai.lv\/en\/wp-json\/wp\/v2\/media?parent=6560"}],"wp:term":[{"taxonomy":"product_brand","embeddable":true,"href":"https:\/\/vissveselibai.lv\/en\/wp-json\/wp\/v2\/product_brand?post=6560"},{"taxonomy":"product_cat","embeddable":true,"href":"https:\/\/vissveselibai.lv\/en\/wp-json\/wp\/v2\/product_cat?post=6560"},{"taxonomy":"product_tag","embeddable":true,"href":"https:\/\/vissveselibai.lv\/en\/wp-json\/wp\/v2\/product_tag?post=6560"}],"curies":[{"name":"wp","href":"https:\/\/api.w.org\/{rel}","templated":true}]}}