{"id":6581,"date":"2025-12-18T13:09:30","date_gmt":"2025-12-18T13:09:30","guid":{"rendered":"https:\/\/vissveselibai.lv\/?post_type=product&#038;p=6581"},"modified":"2026-04-10T12:25:46","modified_gmt":"2026-04-10T12:25:46","slug":"10-gab-komplekts-astaksantins-astaxanthin-kapsulas","status":"publish","type":"product","link":"https:\/\/vissveselibai.lv\/en\/product\/10-gab-komplekts-astaksantins-astaxanthin-kapsulas\/","title":{"rendered":"10 gab. komplekts \u2014 ASTAKSANT\u012aNS\/Astaxanthin kapsulas"},"content":{"rendered":"<p>Izdev\u012bgs 10 gab. komplekts<\/p>\n<p><span style=\"font-weight: 400;\">Uztura bag\u0101tin\u0101t\u0101js\u00a0<\/span><\/p>\n<p><span style=\"font-weight: 400;\">1o x 30 kapsulas\u00a0\u00a0\u00a0\u00a0\u00a0\u00a0\u00a0\u00a0\u00a0\u00a0\u00a0\u00a0\u00a0\u00a0\u00a0<\/span><\/p>\n<p><span style=\"font-weight: 400;\"><strong>Neto masa:<\/strong> 10 x 10,92 g<\/span><\/p>\n<p><b>Sast\u0101vda\u013cas:<\/b><span style=\"font-weight: 400;\"> apjoma palielin\u0101t\u0101js: dikalcija fosf\u0101ts; astaksant\u012bns (no Haematococcus pluvialis), kapsulas apvalks: hidroksipropilmetilceluloze; apjoma palielin\u0101t\u0101js: mikrokrist\u0101lisk\u0101 celuloze; pretsalipes vielas: tauksk\u0101bju magnija s\u0101\u013ci, sil\u012bcija dioks\u012bds.\u00a0<\/span><\/p>\n<table>\n<tbody>\n<tr>\n<td><b>Satur<\/b><\/td>\n<td><b>1 kapsula<\/b><\/td>\n<\/tr>\n<tr>\n<td><span style=\"font-weight: 400;\">Astaksant\u012bns<\/span><\/td>\n<td><span style=\"font-weight: 400;\">8 mg<\/span><\/td>\n<\/tr>\n<\/tbody>\n<\/table>\n<p><b>Lieto\u0161ana<\/b><span style=\"font-weight: 400;\">: pieaugu\u0161ajiem 1 kapsula dien\u0101. B\u0113rniem no 14 gadu vecuma. <\/span><span style=\"font-weight: 400;\">Lieto\u0161anas ilgums 30 dienas. <\/span><span style=\"font-weight: 400;\">Nelietot, ja taj\u0101 pa\u0161\u0101 dien\u0101 lieto citus uztura bag\u0101tin\u0101t\u0101jus, kas satur astaksant\u012bna esterus.\u00a0<\/span><span style=\"font-weight: 400;\">Nav paredz\u0113ts z\u012bdai\u0146iem, b\u0113rniem un pusaud\u017eiem l\u012bdz 14 gadu vecumam. <\/span><span style=\"font-weight: 400;\">Nav ieteicams komponentu individu\u0101l\u0101s nepanesam\u012bbas gad\u012bjum\u0101, sieviet\u0113m gr\u016btniec\u012bbas un b\u0113rna z\u012bd\u012b\u0161anas laik\u0101.<\/span><\/p>\n<p><b>Ra\u017eot\u0101js:<\/b><span style=\"font-weight: 400;\"> SIA &#8220;Pharma Market Solutions&#8221;, Kargo k-1, M\u0101rupes novads, M\u0101rup\u0113, Latvija, LV-2167.<\/span><\/p>\n<p><a href=\"https:\/\/pakalpojumi.pvd.gov.lv\/lv\/supplements\/12996\"><b>Vair\u0101k par produktu <\/b>\u2192<\/a><\/p>\n<p>P\u0113rciet t\u016bl\u012bt tie\u0161saist\u0113 vietn\u0113 <a href=\"http:\/\/www.vissveselibai.lv\">www.vissveselibai.lv<\/a><\/p>\n","protected":false},"excerpt":{"rendered":"<p><strong>Uztura bag\u0101tin\u0101t\u0101js\u00a0<\/strong><\/p>\n<p>Bez \u0122MO. Nesatur glut\u0113nu. Piem\u0113rots veg\u0101niem<\/p>\n<p>P\u0113rciet t\u016bl\u012bt tie\u0161saist\u0113 vietn\u0113 <a href=\"http:\/\/www.vissveselibai.lv\">www.vissveselibai.lv<\/a><\/p>\n","protected":false},"featured_media":6736,"comment_status":"open","ping_status":"closed","template":"","meta":[],"product_brand":[],"product_cat":[142,135,136,138],"product_tag":[172,117,173],"class_list":{"0":"post-6581","1":"product","2":"type-product","3":"status-publish","4":"has-post-thumbnail","6":"product_cat-beauty","7":"product_cat-general-health","8":"product_cat-immune-support","9":"product_cat-womens-health","10":"product_tag-beauty","11":"product_tag-bestseller","12":"product_tag-sun","14":"first","15":"instock","16":"sale","17":"taxable","18":"shipping-taxable","19":"purchasable","20":"product-type-simple"},"_links":{"self":[{"href":"https:\/\/vissveselibai.lv\/en\/wp-json\/wp\/v2\/product\/6581","targetHints":{"allow":["GET"]}}],"collection":[{"href":"https:\/\/vissveselibai.lv\/en\/wp-json\/wp\/v2\/product"}],"about":[{"href":"https:\/\/vissveselibai.lv\/en\/wp-json\/wp\/v2\/types\/product"}],"replies":[{"embeddable":true,"href":"https:\/\/vissveselibai.lv\/en\/wp-json\/wp\/v2\/comments?post=6581"}],"wp:featuredmedia":[{"embeddable":true,"href":"https:\/\/vissveselibai.lv\/en\/wp-json\/wp\/v2\/media\/6736"}],"wp:attachment":[{"href":"https:\/\/vissveselibai.lv\/en\/wp-json\/wp\/v2\/media?parent=6581"}],"wp:term":[{"taxonomy":"product_brand","embeddable":true,"href":"https:\/\/vissveselibai.lv\/en\/wp-json\/wp\/v2\/product_brand?post=6581"},{"taxonomy":"product_cat","embeddable":true,"href":"https:\/\/vissveselibai.lv\/en\/wp-json\/wp\/v2\/product_cat?post=6581"},{"taxonomy":"product_tag","embeddable":true,"href":"https:\/\/vissveselibai.lv\/en\/wp-json\/wp\/v2\/product_tag?post=6581"}],"curies":[{"name":"wp","href":"https:\/\/api.w.org\/{rel}","templated":true}]}}