{"id":6857,"date":"2026-01-16T12:52:30","date_gmt":"2026-01-16T12:52:30","guid":{"rendered":"https:\/\/vissveselibai.lv\/?post_type=product&#038;p=6857"},"modified":"2026-01-16T14:06:08","modified_gmt":"2026-01-16T14:06:08","slug":"eikalipta-eteriska-ella-eucalyptus-globulus-herbs-10ml","status":"publish","type":"product","link":"https:\/\/vissveselibai.lv\/en\/product\/eikalipta-eteriska-ella-eucalyptus-globulus-herbs-10ml\/","title":{"rendered":"EIKALIPTA \u0113terisk\u0101 e\u013c\u013ca (Eucalyptus Globulus), Herb`s, 10ml"},"content":{"rendered":"<p>EIKALIPTA \u0113terisk\u0101 e\u013c\u013ca (Eucalyptus Globulus)<\/p>\n<p><strong>Neto tilpums:<\/strong> 10 ml<\/p>\n<p><strong>Sast\u0101vs:<\/strong> Eucalyptus Globulus lapu e\u013c\u013ca. (INCI), CAS: 8000-48-4, EC:283-406-2.<\/p>\n<p><strong>Lieto\u0161ana:<\/strong> aromaterapijai &#8211; ielejiet \u016bdeni b\u013cod\u0101 un pievienojiet 2-4 pilienus \u0113terisk\u0101s e\u013c\u013cas. Mas\u0101\u017eai &#8211; pievienojiet 3-5 pilienus \u0113terisk\u0101s e\u013c\u013cas div\u0101m \u0113damkarot\u0113m (10ml) \u0137erme\u0146a e\u013c\u013cas un uzkl\u0101jie uz \u0101das.<\/p>\n<p><strong>Glab\u0101\u0161ana:<\/strong> uzgl\u0101b\u0101t ori\u0123in\u0101laj\u0101 iepakojum\u0101 saus\u0101 un tum\u0161\u0101 viet\u0101.<\/p>\n<p><strong>Br\u012bdin\u0101jums:<\/strong> Tikai \u0101r\u012bgai lieto\u0161anai. Nav paredz\u0113ts lieto\u0161anai p\u0101rtik\u0101 vai iek\u0161\u0137\u012bgai lieto\u0161anai.<\/p>\n<p>B\u012bstami! Kait\u012bgs, ja nor\u012bts. Ksirina \u0101du. Var izrais\u012bt aler\u0123isku \u0101das reakciju. Izraisa nopietnu acu kairin\u0101jumu. \u013boti tksisks \u016bdens organismiem ar\u00a0 ilgsto\u0161u iedarb\u012bbu. Sarg\u0101t no b\u0113rniem. Izvair\u012bties no izplat\u012b\u0161anas vid\u0113. Lietot aizsargcimdus\/sejas aizsargu. Norijot nekav\u0113joties sazin\u0101ties ar \u0101rstu. Saskar\u0113 ar ac\u012bm: rup\u012bgi skalot ar \u016bdeni vair\u0101kas min\u016btes. \u0100das reakcijas gad\u012bjum\u0101: mekl\u0113t medic\u012bnisku pal\u012bdz\u012bbu.<\/p>\n<p><strong>Ra\u017eot\u0101js:<\/strong> ES p\u0113c SIA Pharma Market Solutions (Edinburgas pr.11, J\u016brmala, LV-2015) pas\u016bt\u012bjuma.<\/p>\n<p>P\u0113rciet t\u016bl\u012bt tie\u0161saist\u0113 vietn\u0113\u00a0<a href=\"http:\/\/www.vissveselibai.lv\/\">www.vissveselibai.lv<\/a><\/p>\n","protected":false},"excerpt":{"rendered":"<p>EIKALIPTA \u0113terisk\u0101 e\u013c\u013ca<\/p>\n<p>Eikalipts ir paz\u012bstams ar savu sp\u0113c\u012bgo, svaigo arom\u0101tu un augsto \u0113terisko e\u013c\u013cu saturu, kas pie\u0161\u0137ir tam rakstur\u012bgo, atsvaidzino\u0161o smar\u017eu. Tas pla\u0161i tiek izmantots aromterapij\u0101, pirt\u012bs un kosm\u0113tik\u0101, k\u0101 ar\u012b telpu aromatiz\u0113\u0161anai, lai rad\u012btu t\u012br\u012bbas, svaiguma un mundruma saj\u016btu.<\/p>\n<p>P\u0113rciet t\u016bl\u012bt tie\u0161saist\u0113 vietn\u0113\u00a0<a href=\"http:\/\/www.vissveselibai.lv\/\">www.vissveselibai.lv<\/a><\/p>\n","protected":false},"featured_media":6858,"comment_status":"open","ping_status":"closed","template":"","meta":[],"product_brand":[],"product_cat":[490],"product_tag":[],"class_list":{"0":"post-6857","1":"product","2":"type-product","3":"status-publish","4":"has-post-thumbnail","6":"product_cat-essential-oils","8":"first","9":"instock","10":"taxable","11":"shipping-taxable","12":"purchasable","13":"product-type-simple"},"_links":{"self":[{"href":"https:\/\/vissveselibai.lv\/en\/wp-json\/wp\/v2\/product\/6857","targetHints":{"allow":["GET"]}}],"collection":[{"href":"https:\/\/vissveselibai.lv\/en\/wp-json\/wp\/v2\/product"}],"about":[{"href":"https:\/\/vissveselibai.lv\/en\/wp-json\/wp\/v2\/types\/product"}],"replies":[{"embeddable":true,"href":"https:\/\/vissveselibai.lv\/en\/wp-json\/wp\/v2\/comments?post=6857"}],"wp:featuredmedia":[{"embeddable":true,"href":"https:\/\/vissveselibai.lv\/en\/wp-json\/wp\/v2\/media\/6858"}],"wp:attachment":[{"href":"https:\/\/vissveselibai.lv\/en\/wp-json\/wp\/v2\/media?parent=6857"}],"wp:term":[{"taxonomy":"product_brand","embeddable":true,"href":"https:\/\/vissveselibai.lv\/en\/wp-json\/wp\/v2\/product_brand?post=6857"},{"taxonomy":"product_cat","embeddable":true,"href":"https:\/\/vissveselibai.lv\/en\/wp-json\/wp\/v2\/product_cat?post=6857"},{"taxonomy":"product_tag","embeddable":true,"href":"https:\/\/vissveselibai.lv\/en\/wp-json\/wp\/v2\/product_tag?post=6857"}],"curies":[{"name":"wp","href":"https:\/\/api.w.org\/{rel}","templated":true}]}}