{"id":6910,"date":"2026-01-17T12:23:13","date_gmt":"2026-01-17T12:23:13","guid":{"rendered":"https:\/\/vissveselibai.lv\/?post_type=product&#038;p=6910"},"modified":"2026-01-29T11:54:23","modified_gmt":"2026-01-29T11:54:23","slug":"dillu-teja-anethum-graveolens-50g","status":"publish","type":"product","link":"https:\/\/vissveselibai.lv\/en\/product\/dillu-teja-anethum-graveolens-50g\/","title":{"rendered":"DI\u013b\u013bU t\u0113ja (Anethum graveolens) 50g"},"content":{"rendered":"<p>DI\u013b\u013bU t\u0113ja<\/p>\n<p>Audz\u0113ta ide\u0101los apst\u0101k\u013cos, saglab\u0101jot dabisk\u0101s \u012bpa\u0161\u012bbas.<\/p>\n<p>Minim\u0101la appstr\u0101de &#8211; t\u012bra gar\u0161a un v\u0113rt\u012bgas \u012bpa\u0161\u012bbas.<\/p>\n<p>R\u016bp\u012bgi atlas\u012bta augu droga bag\u0101t\u012bgai gar\u0161ai un arom\u0101tam.<\/p>\n<p><strong>Neto masa: <\/strong>50 g<\/p>\n<p><strong>Sast\u0101vda\u013cas:<\/strong> Di\u013c\u013cu (Anethum graveolens) aug\u013ci- 100%<\/p>\n<p><b>Lieto\u0161ana<\/b>: 1-2 t\u0113jkarotes apliet ar 200ml verdo\u0161a \u016bdens. \u013baut ievilkties 20-30 min\u016btes. Izlietot dienas laik\u0101.<\/p>\n<p>Uzglab\u0101t ori\u0123in\u0101liepakojum\u0101, saus\u0101, labi vedin\u0101m\u0101 viet\u0101!<\/p>\n<p><strong>Ra\u017eot\u0101js:<\/strong> ES p\u0113c SIA Pharma Market Solutions (Kargo k-1, M\u0101rupe, M\u0101rupes novads, Latvija, LV-2167) pas\u016bt\u012bjuma.<\/p>\n<p>P\u0113rciet t\u016bl\u012bt tie\u0161saist\u0113 vietn\u0113\u00a0<a href=\"http:\/\/www.vissveselibai.lv\/\">www.vissveselibai.lv<\/a><\/p>\n","protected":false},"excerpt":{"rendered":"<div class=\"text-base my-auto mx-auto pb-10 [--thread-content-margin:--spacing(4)] @w-sm\/main:[--thread-content-margin:--spacing(6)] @w-lg\/main:[--thread-content-margin:--spacing(16)] px-(--thread-content-margin)\">\n<div class=\"[--thread-content-max-width:40rem] @w-lg\/main:[--thread-content-max-width:48rem] mx-auto max-w-(--thread-content-max-width) flex-1 group\/turn-messages focus-visible:outline-hidden relative flex w-full min-w-0 flex-col agent-turn\" tabindex=\"-1\">\n<div class=\"flex max-w-full flex-col grow\">\n<div class=\"min-h-8 text-message relative flex w-full flex-col items-end gap-2 text-start break-words whitespace-normal [.text-message+&amp;]:mt-1\" dir=\"auto\" data-message-author-role=\"assistant\" data-message-id=\"0b6e8fa6-2dc8-427a-8318-6c2b27372a56\" data-message-model-slug=\"gpt-5-2\">\n<div class=\"flex w-full flex-col gap-1 empty:hidden first:pt-[1px]\">\n<div class=\"markdown prose dark:prose-invert w-full break-words dark markdown-new-styling\">\n<p data-start=\"0\" data-end=\"184\" data-is-last-node=\"\" data-is-only-node=\"\"><strong>DI\u013b\u013bU t\u0113ja<\/strong><\/p>\n<p data-start=\"0\" data-end=\"184\" data-is-last-node=\"\" data-is-only-node=\"\">DI\u013b\u013bU t\u0113ja ir maiga z\u0101\u013cu t\u0113ja ar rakstur\u012bgu, viegli saldenu un arom\u0101tisku gar\u0161u, ko tradicion\u0101li bauda k\u0101 siltu dz\u0113rienu ikdienas t\u0113jas ritu\u0101l\u0101. Piem\u0113rota dab\u012bgu augu t\u0113ju cien\u012bt\u0101jiem.<\/p>\n<p data-start=\"0\" data-end=\"184\" data-is-last-node=\"\" data-is-only-node=\"\">P\u0113rciet t\u016bl\u012bt tie\u0161saist\u0113 vietn\u0113\u00a0<a href=\"http:\/\/www.vissveselibai.lv\/\">www.vissveselibai.lv<\/a><\/p>\n<\/div>\n<\/div>\n<\/div>\n<\/div>\n<\/div>\n<\/div>\n","protected":false},"featured_media":6912,"comment_status":"open","ping_status":"closed","template":"","meta":[],"product_brand":[],"product_cat":[487],"product_tag":[],"class_list":{"0":"post-6910","1":"product","2":"type-product","3":"status-publish","4":"has-post-thumbnail","6":"product_cat-herbal-teas","8":"first","9":"instock","10":"sale","11":"taxable","12":"shipping-taxable","13":"purchasable","14":"product-type-simple"},"_links":{"self":[{"href":"https:\/\/vissveselibai.lv\/en\/wp-json\/wp\/v2\/product\/6910","targetHints":{"allow":["GET"]}}],"collection":[{"href":"https:\/\/vissveselibai.lv\/en\/wp-json\/wp\/v2\/product"}],"about":[{"href":"https:\/\/vissveselibai.lv\/en\/wp-json\/wp\/v2\/types\/product"}],"replies":[{"embeddable":true,"href":"https:\/\/vissveselibai.lv\/en\/wp-json\/wp\/v2\/comments?post=6910"}],"wp:featuredmedia":[{"embeddable":true,"href":"https:\/\/vissveselibai.lv\/en\/wp-json\/wp\/v2\/media\/6912"}],"wp:attachment":[{"href":"https:\/\/vissveselibai.lv\/en\/wp-json\/wp\/v2\/media?parent=6910"}],"wp:term":[{"taxonomy":"product_brand","embeddable":true,"href":"https:\/\/vissveselibai.lv\/en\/wp-json\/wp\/v2\/product_brand?post=6910"},{"taxonomy":"product_cat","embeddable":true,"href":"https:\/\/vissveselibai.lv\/en\/wp-json\/wp\/v2\/product_cat?post=6910"},{"taxonomy":"product_tag","embeddable":true,"href":"https:\/\/vissveselibai.lv\/en\/wp-json\/wp\/v2\/product_tag?post=6910"}],"curies":[{"name":"wp","href":"https:\/\/api.w.org\/{rel}","templated":true}]}}