{"id":6931,"date":"2026-01-17T12:58:31","date_gmt":"2026-01-17T12:58:31","guid":{"rendered":"https:\/\/vissveselibai.lv\/?post_type=product&#038;p=6931"},"modified":"2026-01-29T11:53:55","modified_gmt":"2026-01-29T11:53:55","slug":"dzeltenas-kakpedinas-teja-helichrysum-arenarium-50g","status":"publish","type":"product","link":"https:\/\/vissveselibai.lv\/en\/product\/dzeltenas-kakpedinas-teja-helichrysum-arenarium-50g\/","title":{"rendered":"DZELTEN\u0100S KA\u0136P\u0112DI\u0145AS t\u0113ja (Helichrysum arenarium) 50g"},"content":{"rendered":"<p>DZELTEN\u0100S KA\u0136P\u0112DI\u0145AS t\u0113ja<\/p>\n<p>Audz\u0113ta ide\u0101los apst\u0101k\u013cos, saglab\u0101jot dabisk\u0101s \u012bpa\u0161\u012bbas.<\/p>\n<p>Minim\u0101la appstr\u0101de &#8211; t\u012bra gar\u0161a un v\u0113rt\u012bgas \u012bpa\u0161\u012bbas.<\/p>\n<p>R\u016bp\u012bgi atlas\u012bta augu droga bag\u0101t\u012bgai gar\u0161ai un arom\u0101tam.<\/p>\n<p><strong>Neto masa: <\/strong>50 g<\/p>\n<p><strong>Sast\u0101vda\u013cas:<\/strong> dzeltenas ka\u0137p\u0113di\u0146as(Helichrysum arenarium) ziedi- 100%<\/p>\n<p><b>Lieto\u0161ana<\/b>: 1-2 t\u0113jkarotes apliet ar 200ml verdo\u0161a \u016bdens. \u013baut ievilkties 20-30 min\u016btes. Izlietot dienas laik\u0101.<\/p>\n<p>Uzglab\u0101t ori\u0123in\u0101liepakojum\u0101, saus\u0101, labi vedin\u0101m\u0101 viet\u0101!<\/p>\n<p><strong>Ra\u017eot\u0101js:<\/strong> ES p\u0113c SIA Pharma Market Solutions (Kargo k-1, M\u0101rupe, M\u0101rupes novads, Latvija, LV-2167) pas\u016bt\u012bjuma.<\/p>\n<p>P\u0113rciet t\u016bl\u012bt tie\u0161saist\u0113 vietn\u0113\u00a0<a href=\"http:\/\/www.vissveselibai.lv\/\">www.vissveselibai.lv<\/a><\/p>\n","protected":false},"excerpt":{"rendered":"<p><strong>DZELTEN\u0100S KA\u0136P\u0112DI\u0145AS t\u0113ja<\/strong><\/p>\n<p>DZELTEN\u0100S KA\u0136P\u0112DI\u0145AS t\u0113ja ir maiga z\u0101\u013cu t\u0113ja ar vieglu, pat\u012bkamu arom\u0101tu, ko tradicion\u0101li bauda k\u0101 siltu dz\u0113rienu ikdienas t\u0113jas ritu\u0101l\u0101. Piem\u0113rota dab\u012bgu augu t\u0113ju cien\u012bt\u0101jiem.<\/p>\n<p>P\u0113rciet t\u016bl\u012bt tie\u0161saist\u0113 vietn\u0113\u00a0<a href=\"http:\/\/www.vissveselibai.lv\/\">www.vissveselibai.lv<\/a><\/p>\n","protected":false},"featured_media":6932,"comment_status":"open","ping_status":"closed","template":"","meta":[],"product_brand":[],"product_cat":[487],"product_tag":[],"class_list":{"0":"post-6931","1":"product","2":"type-product","3":"status-publish","4":"has-post-thumbnail","6":"product_cat-herbal-teas","8":"first","9":"instock","10":"sale","11":"taxable","12":"shipping-taxable","13":"purchasable","14":"product-type-simple"},"_links":{"self":[{"href":"https:\/\/vissveselibai.lv\/en\/wp-json\/wp\/v2\/product\/6931","targetHints":{"allow":["GET"]}}],"collection":[{"href":"https:\/\/vissveselibai.lv\/en\/wp-json\/wp\/v2\/product"}],"about":[{"href":"https:\/\/vissveselibai.lv\/en\/wp-json\/wp\/v2\/types\/product"}],"replies":[{"embeddable":true,"href":"https:\/\/vissveselibai.lv\/en\/wp-json\/wp\/v2\/comments?post=6931"}],"wp:featuredmedia":[{"embeddable":true,"href":"https:\/\/vissveselibai.lv\/en\/wp-json\/wp\/v2\/media\/6932"}],"wp:attachment":[{"href":"https:\/\/vissveselibai.lv\/en\/wp-json\/wp\/v2\/media?parent=6931"}],"wp:term":[{"taxonomy":"product_brand","embeddable":true,"href":"https:\/\/vissveselibai.lv\/en\/wp-json\/wp\/v2\/product_brand?post=6931"},{"taxonomy":"product_cat","embeddable":true,"href":"https:\/\/vissveselibai.lv\/en\/wp-json\/wp\/v2\/product_cat?post=6931"},{"taxonomy":"product_tag","embeddable":true,"href":"https:\/\/vissveselibai.lv\/en\/wp-json\/wp\/v2\/product_tag?post=6931"}],"curies":[{"name":"wp","href":"https:\/\/api.w.org\/{rel}","templated":true}]}}