{"id":7150,"date":"2026-01-29T11:42:23","date_gmt":"2026-01-29T11:42:23","guid":{"rendered":"https:\/\/vissveselibai.lv\/?post_type=product&#038;p=7150"},"modified":"2026-01-29T11:52:45","modified_gmt":"2026-01-29T11:52:45","slug":"miltenes-arctostaphylos-uva-ursi-teja-50g","status":"publish","type":"product","link":"https:\/\/vissveselibai.lv\/en\/product\/miltenes-arctostaphylos-uva-ursi-teja-50g\/","title":{"rendered":"MILTENES (Arctostaphylos uva-ursi) t\u0113ja 50g"},"content":{"rendered":"<p>MILTENES t\u0113ja<\/p>\n<p>Audz\u0113ta ide\u0101los apst\u0101k\u013cos, saglab\u0101jot dabisk\u0101s \u012bpa\u0161\u012bbas.<\/p>\n<p>Minim\u0101la appstr\u0101de &#8211; t\u012bra gar\u0161a un v\u0113rt\u012bgas \u012bpa\u0161\u012bbas.<\/p>\n<p>R\u016bp\u012bgi atlas\u012bta augu droga bag\u0101t\u012bgai gar\u0161ai un arom\u0101tam.<\/p>\n<p><strong>Neto masa: <\/strong>50 g<\/p>\n<p><strong>Sast\u0101vda\u013cas:<\/strong> Miltenes (Arctostaphylos uva-ursi) lapas &#8211; 100%<\/p>\n<p><b>Lieto\u0161ana<\/b>: 1-2 t\u0113jkarotes apliet ar 200ml verdo\u0161a \u016bdens. \u013baut ievilkties 20-30 min\u016btes. Izlietot dienas laik\u0101.<\/p>\n<p>Uzglab\u0101t ori\u0123in\u0101liepakojum\u0101, saus\u0101, labi vedin\u0101m\u0101 viet\u0101!<\/p>\n<p><strong>Ra\u017eot\u0101js:<\/strong> ES p\u0113c SIA Pharma Market Solutions (Kargo k-1, M\u0101rupe, M\u0101rupes novads, Latvija, LV-2167) pas\u016bt\u012bjuma.<\/p>\n<p>P\u0113rciet t\u016bl\u012bt tie\u0161saist\u0113 vietn\u0113\u00a0<a href=\"http:\/\/www.vissveselibai.lv\/\">www.vissveselibai.lv<\/a><\/p>\n","protected":false},"excerpt":{"rendered":"<p><strong>MILTENES t\u0113ja<\/strong><\/p>\n<p>MILTENES t\u0113ja ir paz\u012bstama ar maigu, nedaudz saldenu augu arom\u0101tu un pat\u012bkamu gar\u0161u. To bie\u017ei izv\u0113las ikdienas t\u0113jas ritu\u0101lam un mier\u012bgai t\u0113jas baud\u012b\u0161anai, \u012bpa\u0161i tiem, kas dod priek\u0161roku vienk\u0101r\u0161am, dab\u012bgam augu sast\u0101vam.<\/p>\n<p>P\u0113rciet t\u016bl\u012bt tie\u0161saist\u0113 vietn\u0113\u00a0<a href=\"http:\/\/www.vissveselibai.lv\/\">www.vissveselibai.lv<\/a><\/p>\n","protected":false},"featured_media":7151,"comment_status":"open","ping_status":"closed","template":"","meta":[],"product_brand":[],"product_cat":[487],"product_tag":[],"class_list":{"0":"post-7150","1":"product","2":"type-product","3":"status-publish","4":"has-post-thumbnail","6":"product_cat-herbal-teas","8":"first","9":"instock","10":"sale","11":"taxable","12":"shipping-taxable","13":"purchasable","14":"product-type-simple"},"_links":{"self":[{"href":"https:\/\/vissveselibai.lv\/en\/wp-json\/wp\/v2\/product\/7150","targetHints":{"allow":["GET"]}}],"collection":[{"href":"https:\/\/vissveselibai.lv\/en\/wp-json\/wp\/v2\/product"}],"about":[{"href":"https:\/\/vissveselibai.lv\/en\/wp-json\/wp\/v2\/types\/product"}],"replies":[{"embeddable":true,"href":"https:\/\/vissveselibai.lv\/en\/wp-json\/wp\/v2\/comments?post=7150"}],"wp:featuredmedia":[{"embeddable":true,"href":"https:\/\/vissveselibai.lv\/en\/wp-json\/wp\/v2\/media\/7151"}],"wp:attachment":[{"href":"https:\/\/vissveselibai.lv\/en\/wp-json\/wp\/v2\/media?parent=7150"}],"wp:term":[{"taxonomy":"product_brand","embeddable":true,"href":"https:\/\/vissveselibai.lv\/en\/wp-json\/wp\/v2\/product_brand?post=7150"},{"taxonomy":"product_cat","embeddable":true,"href":"https:\/\/vissveselibai.lv\/en\/wp-json\/wp\/v2\/product_cat?post=7150"},{"taxonomy":"product_tag","embeddable":true,"href":"https:\/\/vissveselibai.lv\/en\/wp-json\/wp\/v2\/product_tag?post=7150"}],"curies":[{"name":"wp","href":"https:\/\/api.w.org\/{rel}","templated":true}]}}