{"id":4478,"date":"2025-05-07T13:42:08","date_gmt":"2025-05-07T13:42:08","guid":{"rendered":"https:\/\/vissveselibai.lv\/product\/ginkgo-biloba-500-mg\/"},"modified":"2025-07-22T13:34:00","modified_gmt":"2025-07-22T13:34:00","slug":"ginkgo-biloba-500-mg","status":"publish","type":"product","link":"https:\/\/vissveselibai.lv\/ru\/product\/ginkgo-biloba-500-mg\/","title":{"rendered":"\u0413\u0418\u041d\u041a\u0413\u041e \u0411\u0418\u041b\u041e\u0411\u0410 500 \u041c\u0413 \u0442\u0430\u0431\u043b\u0435\u0442\u043a\u0438"},"content":{"rendered":"<p data-start=\"42\" data-end=\"99\">\u041f\u0438\u0449\u0435\u0432\u0430\u044f \u0434\u043e\u0431\u0430\u0432\u043a\u0430<\/p>\n<p data-start=\"101\" data-end=\"142\">30 \u0442\u0430\u0431\u043b\u0435\u0442\u043e\u043a<\/p>\n<p data-start=\"101\" data-end=\"142\"><strong>\u041d\u0435\u0442\u0442\u043e \u043c\u0430\u0441\u0441\u0430:<\/strong> 33,49 \u0433<\/p>\n<p data-start=\"144\" data-end=\"487\"><strong data-start=\"144\" data-end=\"155\">\u0421\u043e\u0441\u0442\u0430\u0432:<\/strong> \u043d\u0430\u043f\u043e\u043b\u043d\u0438\u0442\u0435\u043b\u0438: \u043c\u0438\u043a\u0440\u043e\u043a\u0440\u0438\u0441\u0442\u0430\u043b\u043b\u0438\u0447\u0435\u0441\u043a\u0430\u044f \u0446\u0435\u043b\u043b\u044e\u043b\u043e\u0437\u0430, \u0434\u0438\u043a\u0430\u043b\u044c\u0446\u0438\u0439\u0444\u043e\u0441\u0444\u0430\u0442; \u043f\u043e\u0440\u043e\u0448\u043e\u043a \u043b\u0438\u0441\u0442\u044c\u0435\u0432 \u0433\u0438\u043d\u043a\u0433\u043e \u0431\u0438\u043b\u043e\u0431\u0430 (Ginkgo biloba), \u0430\u043d\u0442\u0438\u0441\u043b\u0435\u0436\u0438\u0432\u0430\u044e\u0449\u0438\u0435 \u0432\u0435\u0449\u0435\u0441\u0442\u0432\u0430: \u043c\u0430\u0433\u043d\u0438\u0435\u0432\u044b\u0435 \u0441\u043e\u043b\u0438 \u0436\u0438\u0440\u043d\u044b\u0445 \u043a\u0438\u0441\u043b\u043e\u0442, \u0434\u0438\u043e\u043a\u0441\u0438\u0434 \u043a\u0440\u0435\u043c\u043d\u0438\u044f; \u0437\u0430\u0433\u0443\u0441\u0442\u0438\u0442\u0435\u043b\u044c: \u0433\u0438\u0434\u0440\u043e\u043a\u0441\u0438\u043f\u0440\u043e\u043f\u0438\u043b\u043c\u0435\u0442\u0438\u043b\u0446\u0435\u043b\u043b\u044e\u043b\u043e\u0437\u0430; \u0441\u0443\u0445\u043e\u0439 \u044d\u043a\u0441\u0442\u0440\u0430\u043a\u0442 \u043b\u0438\u0441\u0442\u044c\u0435\u0432 \u0433\u0438\u043d\u043a\u0433\u043e \u0431\u0438\u043b\u043e\u0431\u0430 (50:1) \u0441 \u043c\u0430\u043b\u044c\u0442\u043e\u0434\u0435\u043a\u0441\u0442\u0440\u0438\u043d\u043e\u043c; \u0433\u043b\u0430\u0437\u0438\u0440\u043e\u0432\u0430\u0442\u0435\u043b\u0438: \u0433\u043b\u0438\u0446\u0435\u0440\u0438\u043d, \u043a\u0430\u0440\u043d\u0430\u0443\u0431\u0441\u043a\u0438\u0439 \u0432\u043e\u0441\u043a.<\/p>\n<table border=\"1\">\n<tbody>\n<tr>\n<td><strong>\u0421\u043e\u0434\u0435\u0440\u0436\u0438\u0442<\/strong><\/td>\n<td><strong>1 \u0442\u0430\u0431\u043b\u0435\u0442\u043a\u0430<\/strong><\/td>\n<\/tr>\n<tr>\n<td>\u041f\u043e\u0440\u043e\u0448\u043e\u043a \u043b\u0438\u0441\u0442\u044c\u0435\u0432 \u0433\u0438\u043d\u043a\u0433\u043e \u0431\u0438\u043b\u043e\u0431\u0430<\/td>\n<td>250 \u043c\u0433<\/td>\n<\/tr>\n<tr>\n<td>\u0421\u0443\u0445\u043e\u0439 \u044d\u043a\u0441\u0442\u0440\u0430\u043a\u0442 \u043b\u0438\u0441\u0442\u044c\u0435\u0432 \u0433\u0438\u043d\u043a\u0433\u043e \u0431\u0438\u043b\u043e\u0431\u0430 (50:1)<\/td>\n<td>5 \u043c\u0433 (\u044d\u043a\u0432\u0438\u0432\u0430\u043b\u0435\u043d\u0442\u043d\u043e 250 \u043c\u0433 \u0441\u0432\u0435\u0436\u0438\u0445 \u043b\u0438\u0441\u0442\u044c\u0435\u0432)<\/td>\n<\/tr>\n<\/tbody>\n<\/table>\n<p data-start=\"668\" data-end=\"969\"><strong data-start=\"668\" data-end=\"683\">\u041f\u0440\u0438\u043c\u0435\u043d\u0435\u043d\u0438\u0435:<\/strong> \u0432\u0437\u0440\u043e\u0441\u043b\u044b\u043c \u043f\u043e 1 \u0442\u0430\u0431\u043b\u0435\u0442\u043a\u0435 \u0432 \u0434\u0435\u043d\u044c. \u0425\u0440\u0430\u043d\u0438\u0442\u044c \u0432 \u043d\u0435\u0434\u043e\u0441\u0442\u0443\u043f\u043d\u043e\u043c \u0434\u043b\u044f \u0434\u0435\u0442\u0435\u0439 \u043c\u0435\u0441\u0442\u0435! \u041d\u0435 \u043f\u0440\u0435\u0432\u044b\u0448\u0430\u0442\u044c \u0440\u0435\u043a\u043e\u043c\u0435\u043d\u0434\u0443\u0435\u043c\u0443\u044e \u0441\u0443\u0442\u043e\u0447\u043d\u0443\u044e \u0434\u043e\u0437\u0443! \u0425\u0440\u0430\u043d\u0438\u0442\u044c \u0432 \u043e\u0440\u0438\u0433\u0438\u043d\u0430\u043b\u044c\u043d\u043e\u0439 \u0443\u043f\u0430\u043a\u043e\u0432\u043a\u0435, \u0432 \u0441\u0443\u0445\u043e\u043c \u043c\u0435\u0441\u0442\u0435 \u043f\u0440\u0438 \u043a\u043e\u043c\u043d\u0430\u0442\u043d\u043e\u0439 \u0442\u0435\u043c\u043f\u0435\u0440\u0430\u0442\u0443\u0440\u0435! \u041d\u0435 \u0438\u0441\u043f\u043e\u043b\u044c\u0437\u043e\u0432\u0430\u0442\u044c \u043f\u0438\u0449\u0435\u0432\u0443\u044e \u0434\u043e\u0431\u0430\u0432\u043a\u0443 \u0432 \u043a\u0430\u0447\u0435\u0441\u0442\u0432\u0435 \u0437\u0430\u043c\u0435\u043d\u044b \u043f\u043e\u043b\u043d\u043e\u0446\u0435\u043d\u043d\u043e\u0433\u043e \u0438 \u0441\u0431\u0430\u043b\u0430\u043d\u0441\u0438\u0440\u043e\u0432\u0430\u043d\u043d\u043e\u0433\u043e \u043f\u0438\u0442\u0430\u043d\u0438\u044f!<\/p>\n<p data-start=\"971\" data-end=\"1056\"><strong data-start=\"971\" data-end=\"989\">\u041f\u0440\u043e\u0438\u0437\u0432\u043e\u0434\u0438\u0442\u0435\u043b\u044c:<\/strong> SIA &#171;Pharma Market Solutions&#187;, Edinburgas pr. 11-9, \u042e\u0440\u043c\u0430\u043b\u0430, \u041b\u0430\u0442\u0432\u0438\u044f<\/p>\n<p data-start=\"1058\" data-end=\"1181\"><a href=\"https:\/\/pakalpojumi.pvd.gov.lv\/lv\/supplements\/2905\"><strong data-start=\"1058\" data-end=\"1084\">\u041f\u043e\u0434\u0440\u043e\u0431\u043d\u0435\u0435 \u043e \u043f\u0440\u043e\u0434\u0443\u043a\u0442\u0435 \u2192<\/strong><\/a><\/p>\n<p>P\u0113rciet t\u016bl\u012bt tie\u0161saist\u0113 vietn\u0113 <a href=\"http:\/\/www.vissveselibai.lv\">www.vissveselibai.lv<\/a><\/p>\n","protected":false},"excerpt":{"rendered":"<p><strong data-start=\"1188\" data-end=\"1207\">\u041f\u0438\u0449\u0435\u0432\u0430\u044f \u0434\u043e\u0431\u0430\u0432\u043a\u0430<\/strong><\/p>\n<p>\u042d\u043a\u0441\u0442\u0440\u0430\u043a\u0442 \u043b\u0438\u0441\u0442\u044c\u0435\u0432 \u0433\u0438\u043d\u043a\u0433\u043e \u0431\u0438\u043b\u043e\u0431\u0430 \u0441\u043f\u043e\u0441\u043e\u0431\u0441\u0442\u0432\u0443\u0435\u0442 \u0443\u043b\u0443\u0447\u0448\u0435\u043d\u0438\u044e \u043a\u0440\u043e\u0432\u043e\u043e\u0431\u0440\u0430\u0449\u0435\u043d\u0438\u044f \u0432 \u0433\u043e\u043b\u043e\u0432\u043d\u043e\u043c \u043c\u043e\u0437\u0433\u0435, \u043f\u043e\u043c\u043e\u0433\u0430\u0435\u0442 \u043f\u043e\u0434\u0434\u0435\u0440\u0436\u0438\u0432\u0430\u0442\u044c \u043a\u043e\u0433\u043d\u0438\u0442\u0438\u0432\u043d\u044b\u0435 \u0444\u0443\u043d\u043a\u0446\u0438\u0438, \u0441\u0442\u0438\u043c\u0443\u043b\u0438\u0440\u0443\u0435\u0442 \u043f\u0440\u043e\u0446\u0435\u0441\u0441\u044b \u043f\u0430\u043c\u044f\u0442\u0438 \u0438 \u0443\u043c\u0441\u0442\u0432\u0435\u043d\u043d\u044b\u0435 \u0441\u043f\u043e\u0441\u043e\u0431\u043d\u043e\u0441\u0442\u0438.<\/p>\n<p>\u041a\u0443\u043f\u0438\u0442\u044c \u043e\u043d\u043b\u0430\u0439\u043d \u043d\u0430 \u0441\u0430\u0439\u0442\u0435: <a href=\"http:\/\/www.vissveselibai.lv\">www.vissveselibai.lv<\/a><\/p>\n","protected":false},"featured_media":3854,"comment_status":"open","ping_status":"closed","template":"","meta":[],"product_brand":[],"product_cat":[233,272,277],"product_tag":[335,304,355,356,337,357],"class_list":{"0":"post-4478","1":"product","2":"type-product","3":"status-publish","4":"has-post-thumbnail","6":"product_cat-brains-health-ru","7":"product_cat-general-health-ru","8":"product_cat-stress-sleep-support-ru","9":"product_tag-nervu-sistemas-veseliba-ru","10":"product_tag-new-ru","11":"product_tag-smadzenu-darbibas-uzlabosana-ru","12":"product_tag-smadzenu-darbibas-veicinasana-ru","13":"product_tag-stresa-mazinasana-ru","14":"product_tag-stress-ru","16":"first","17":"instock","18":"sale","19":"taxable","20":"shipping-taxable","21":"purchasable","22":"product-type-simple"},"_links":{"self":[{"href":"https:\/\/vissveselibai.lv\/ru\/wp-json\/wp\/v2\/product\/4478","targetHints":{"allow":["GET"]}}],"collection":[{"href":"https:\/\/vissveselibai.lv\/ru\/wp-json\/wp\/v2\/product"}],"about":[{"href":"https:\/\/vissveselibai.lv\/ru\/wp-json\/wp\/v2\/types\/product"}],"replies":[{"embeddable":true,"href":"https:\/\/vissveselibai.lv\/ru\/wp-json\/wp\/v2\/comments?post=4478"}],"wp:featuredmedia":[{"embeddable":true,"href":"https:\/\/vissveselibai.lv\/ru\/wp-json\/wp\/v2\/media\/3854"}],"wp:attachment":[{"href":"https:\/\/vissveselibai.lv\/ru\/wp-json\/wp\/v2\/media?parent=4478"}],"wp:term":[{"taxonomy":"product_brand","embeddable":true,"href":"https:\/\/vissveselibai.lv\/ru\/wp-json\/wp\/v2\/product_brand?post=4478"},{"taxonomy":"product_cat","embeddable":true,"href":"https:\/\/vissveselibai.lv\/ru\/wp-json\/wp\/v2\/product_cat?post=4478"},{"taxonomy":"product_tag","embeddable":true,"href":"https:\/\/vissveselibai.lv\/ru\/wp-json\/wp\/v2\/product_tag?post=4478"}],"curies":[{"name":"wp","href":"https:\/\/api.w.org\/{rel}","templated":true}]}}